{"id":1044,"date":"2022-02-15T16:05:06","date_gmt":"2022-02-15T16:05:06","guid":{"rendered":"https:\/\/www.cds-soft.es\/web\/?page_id=1044"},"modified":"2024-07-06T15:06:58","modified_gmt":"2024-07-06T15:06:58","slug":"sitio-web-y-presencia-basica-en-internet","status":"publish","type":"page","link":"https:\/\/www.cds-soft.es\/web\/kit-digital\/sitio-web-y-presencia-basica-en-internet\/","title":{"rendered":"Sitio web y Presencia b\u00e1sica en internet"},"content":{"rendered":"<div id='av_section_1'  class='avia-section main_color avia-section-default avia-no-border-styling  avia-full-stretch avia-bg-style-scroll  avia-builder-el-0  el_before_av_image  avia-builder-el-first   av-minimum-height av-minimum-height-custom  container_wrap sidebar_right' style='background-repeat: no-repeat; background-image: url(https:\/\/www.cds-soft.es\/web\/wp-content\/uploads\/2022\/02\/kit-digital-2021-b.jpg);background-attachment: scroll; background-position: top left;  '  data-section-bg-repeat='stretch'><div class='av-section-color-overlay-wrap'><a href='#next-section' title='' class='scroll-down-link '  aria-hidden='true' data-av_icon='\ue877' data-av_iconfont='entypo-fontello'><\/a><div class='container' style='height:467px'><main  role=\"main\" itemprop=\"mainContentOfPage\"  class='template-page content  av-content-small alpha units'><div class='post-entry post-entry-type-page post-entry-1044'><div class='entry-content-wrapper clearfix'>\n<div class=\"flex_column av_one_half  flex_column_div first  avia-builder-el-1  avia-builder-el-no-sibling  \" style='background: rgba(2,2,2,0.01); padding:20px; background-color:rgba(2,2,2,0.01); border-radius:0px; '><div  style='padding-bottom:10px; color:#ffffff;font-size:65px;' class='av-special-heading av-special-heading-h1 custom-color-heading blockquote modern-quote  avia-builder-el-2  avia-builder-el-no-sibling  av-thin-font av-inherit-size '><h1 class='av-special-heading-tag '  itemprop=\"headline\"  ><strong><span style=\"color: #1ad7f2;\">Sitio web y Presencia b\u00e1sica en Internet<\/span><\/strong> <\/h1><div class ='av-subheading av-subheading_below av_custom_color ' style='font-size:30px;'><p>El principal objetivo de esta categor\u00eda es que puedas tener una p\u00e1gina web para darte visibilidad en internet.<\/p>\n<\/div><div class='special-heading-border'><div class='special-heading-inner-border' style='border-color:#ffffff'><\/div><\/div><\/div><\/div><\/div><\/div><\/main><!-- close content main element --><\/div><\/div><\/div><div id='after_section_1'  class='main_color av_default_container_wrap container_wrap sidebar_right' style=' '  ><div class='container' ><div class='template-page content  av-content-small alpha units'><div class='post-entry post-entry-type-page post-entry-1044'><div class='entry-content-wrapper clearfix'><div  class='avia-image-container  av-styling- av-hover-grow   avia-builder-el-3  el_after_av_section  el_before_av_hr  avia-builder-el-first  avia-align-center '  itemprop=\"image\" itemscope=\"itemscope\" itemtype=\"https:\/\/schema.org\/ImageObject\"  ><div class='avia-image-container-inner'><div class='avia-image-overlay-wrap'><img decoding=\"async\" class='wp-image-1321 avia-img-lazy-loading-not-1321 avia_image' src=\"https:\/\/www.cds-soft.es\/web\/wp-content\/uploads\/2024\/02\/logo-kit.jpg\" alt='' title='logo-kit' height=\"241\" width=\"2000\"  itemprop=\"thumbnailUrl\" srcset=\"https:\/\/www.cds-soft.es\/web\/wp-content\/uploads\/2024\/02\/logo-kit.jpg 2000w, https:\/\/www.cds-soft.es\/web\/wp-content\/uploads\/2024\/02\/logo-kit-300x36.jpg 300w, https:\/\/www.cds-soft.es\/web\/wp-content\/uploads\/2024\/02\/logo-kit-1030x124.jpg 1030w, https:\/\/www.cds-soft.es\/web\/wp-content\/uploads\/2024\/02\/logo-kit-768x93.jpg 768w, https:\/\/www.cds-soft.es\/web\/wp-content\/uploads\/2024\/02\/logo-kit-1536x185.jpg 1536w, https:\/\/www.cds-soft.es\/web\/wp-content\/uploads\/2024\/02\/logo-kit-1500x181.jpg 1500w, https:\/\/www.cds-soft.es\/web\/wp-content\/uploads\/2024\/02\/logo-kit-705x85.jpg 705w\" sizes=\"(max-width: 2000px) 100vw, 2000px\" \/><\/div><\/div><\/div><\/p>\n<div  style=' margin-top:30px; margin-bottom:30px;'  class='hr hr-custom hr-center hr-icon-no   avia-builder-el-4  el_after_av_image  el_before_av_textblock '><span class='hr-inner  inner-border-av-border-fat' style=' width:50px; border-color:#000000;' ><span class='hr-inner-style'><\/span><\/span><\/div>\n<section class=\"av_textblock_section \"  itemscope=\"itemscope\" itemtype=\"https:\/\/schema.org\/CreativeWork\" ><div class='avia_textblock  '   itemprop=\"text\" ><h1><\/h1>\n<h1 style=\"text-align: center;\"><span style=\"font-size: 14pt;\"><strong>Funcionalidades y servicios<\/strong><\/span><\/h1>\n<\/div><\/section>\n<section class=\"av_textblock_section \"  itemscope=\"itemscope\" itemtype=\"https:\/\/schema.org\/CreativeWork\" ><div class='avia_textblock  '   itemprop=\"text\" ><ul>\n<li><span class=\"i4t-wrap-text\" style=\"font-size: 14pt;\"><strong>Dominio:<\/strong>\u00a0en caso de que a\u00fan no dispongas de un dominio de tu web, se te dar\u00e1 uno\u00a0durante un plazo m\u00ednimo de doce meses. La titularidad del dominio ser\u00e1 tuya por completo.\u00a0<\/span><\/li>\n<li class=\"paragraph\">\n<p class=\"i4t-wrap-text\"><span class=\"i4t-wrap-text\" style=\"font-size: 14pt;\"><strong>Hosting:<\/strong> tambi\u00e9n tendr\u00e1s a tu disposici\u00f3n el alojamiento de la p\u00e1gina web durante un plazo m\u00ednimo de doce meses.\u00a0<\/span><\/p>\n<\/li>\n<li class=\"paragraph\">\n<p class=\"i4t-wrap-text\"><span class=\"i4t-wrap-text\" style=\"font-size: 14pt;\"><strong>Dise\u00f1o de la p\u00e1gina web:<\/strong> como parte del servicio tendr\u00e1s la estructura de la web, con un m\u00ednimo de 3 apartados. Se consideran p\u00e1ginas o apartados de una web, elementos tales como: p\u00e1gina de inicio (Landing Page), presentaci\u00f3n de la empresa, formulario de contacto, descripci\u00f3n de productos, datos de contacto, mapa del sitio (sitemap), etc. <\/span><\/p>\n<\/li>\n<li class=\"paragraph\">\n<p class=\"i4t-wrap-text\"><span class=\"i4t-wrap-text\" style=\"font-size: 14pt;\"><strong>Web\u00a0responsive:<\/strong> tu web se adaptar\u00e1 perfectamente a cualquier tipo de dispositivo.\u00a0<\/span><\/p>\n<\/li>\n<li class=\"paragraph\">\n<p class=\"i4t-wrap-text\"><span class=\"i4t-wrap-text\" style=\"font-size: 14pt;\"><strong>Accesibilidad:<\/strong>\u00a0el dise\u00f1o de tu web cumplir\u00e1 con los criterios de conformidad de nivel AA de las Pautas WCAG-2.1.\u00a0<\/span><\/p>\n<\/li>\n<li class=\"paragraph\">\n<p class=\"i4t-wrap-text\"><span class=\"i4t-wrap-text\" style=\"font-size: 14pt;\"><strong>Posicionamiento b\u00e1sico en internet:<\/strong>\u00a0 la informaci\u00f3n de tu pyme ser\u00e1 indexable por los principales motores de b\u00fasqueda (On-Page).<\/span><\/p>\n<\/li>\n<li class=\"paragraph\">\n<p class=\"i4t-wrap-text\"><span class=\"i4t-wrap-text\" style=\"font-size: 14pt;\"><strong>Autogestionable:<\/strong> dispondr\u00e1s tambi\u00e9n de una plataforma de gesti\u00f3n de contenidos para que puedas modificar los contenidos de tu web sin necesidad de ayuda.<\/span><\/p>\n<\/li>\n<li>\n<p class=\"i4t-wrap-text\"><span class=\"i4t-wrap-text\" style=\"font-size: 14pt;\"><strong>Optimizaci\u00f3n de la presencia en buscadores (SEO b\u00e1sico): <\/strong>An\u00e1lisis de palabras clave, SEO On-Page de 2 p\u00e1ginas o apartados, indexaci\u00f3n y jerarquizaci\u00f3n del contenido.<\/span><\/p>\n<\/li>\n<li>\n<p class=\"i4t-wrap-text\"><span class=\"i4t-wrap-text\" style=\"font-size: 14pt;\"><strong>Multidioma:<\/strong> se te dar\u00e1 la opci\u00f3n de tener tu web preparada para el multidioma y traducida a un idioma, adem\u00e1s del castellano.<\/span><\/p>\n<\/li>\n<\/ul>\n<\/div><\/section>\n<div  style=' margin-top:0px; margin-bottom:70px;'  class='hr hr-custom hr-center hr-icon-no   avia-builder-el-7  el_after_av_textblock  el_before_av_textblock '><span class='hr-inner  inner-border-av-border-fat' style=' width:50px; border-color:#000000;' ><span class='hr-inner-style'><\/span><\/span><\/div>\n<section class=\"av_textblock_section \"  itemscope=\"itemscope\" itemtype=\"https:\/\/schema.org\/CreativeWork\" ><div class='avia_textblock  '   itemprop=\"text\" ><h1><\/h1>\n<h1 style=\"text-align: center;\"><span style=\"font-size: 14pt;\"><strong>Porcentajes de ejecuci\u00f3n asociados a las fases<\/strong><\/span><\/h1>\n<\/div><\/section>\n<section class=\"av_textblock_section \"  itemscope=\"itemscope\" itemtype=\"https:\/\/schema.org\/CreativeWork\" ><div class='avia_textblock  '   itemprop=\"text\" ><ul>\n<li class=\"paragraph\">\n<p class=\"i4t-wrap-text\"><span style=\"font-size: 14pt;\">Primera: 70 %<\/span><\/p>\n<\/li>\n<li class=\"paragraph\">\n<p class=\"i4t-wrap-text\"><span style=\"font-size: 14pt;\">Segunda: 30 %<\/span><\/p>\n<\/li>\n<\/ul>\n<\/div><\/section>\n<div  style=' margin-top:0px; margin-bottom:70px;'  class='hr hr-custom hr-center hr-icon-no   avia-builder-el-10  el_after_av_textblock  el_before_av_textblock '><span class='hr-inner  inner-border-av-border-fat' style=' width:50px; border-color:#000000;' ><span class='hr-inner-style'><\/span><\/span><\/div>\n<section class=\"av_textblock_section \"  itemscope=\"itemscope\" itemtype=\"https:\/\/schema.org\/CreativeWork\" ><div class='avia_textblock  '   itemprop=\"text\" ><h1><\/h1>\n<h1 style=\"text-align: center;\"><span style=\"font-size: 36pt;\"><strong>Importe m\u00e1ximo de la <span style=\"color: #1ad7f2;\">ayuda<\/span><\/strong><\/span><\/h1>\n<\/div><\/section>\n<div class=\"flex_column av_one_third  flex_column_div first  avia-builder-el-12  el_after_av_textblock  el_before_av_one_third  column-top-margin\" style='background: rgba(2,2,2,0.01); padding:20px; background-color:rgba(2,2,2,0.01); border-radius:0px; '><div   class='av_promobox  avia-button-no   avia-builder-el-13  avia-builder-el-no-sibling '>\t\t<div class='avia-promocontent'><\/p>\n<p style=\"text-align: center;\"><span style=\"font-size: 14pt;\"><strong><span style=\"color: #1ad7f2;\">0 &lt; 3<\/span><\/strong><\/span><span style=\"font-size: 14pt;\"><strong><span style=\"color: #1ad7f2;\">empleados<\/span><\/strong><\/span><\/p>\n<p style=\"text-align: center;\"><span style=\"font-size: 14pt;\">2.000 euros <\/span><\/p>\n<p>\n<\/div><\/div><\/div>\n<div class=\"flex_column av_one_third  flex_column_div   avia-builder-el-14  el_after_av_one_third  el_before_av_one_third  column-top-margin\" style='background: rgba(2,2,2,0.01); padding:20px; background-color:rgba(2,2,2,0.01); border-radius:0px; '><div   class='av_promobox  avia-button-no   avia-builder-el-15  avia-builder-el-no-sibling '>\t\t<div class='avia-promocontent'><\/p>\n<p style=\"text-align: center;\"><span style=\"font-size: 14pt;\"><strong><span style=\"color: #1ad7f2;\">\u00a03 &lt; 9 <\/span><\/strong><\/span><span style=\"font-size: 14pt;\"><strong><span style=\"color: #1ad7f2;\">empleados<\/span><\/strong><\/span><\/p>\n<p style=\"text-align: center;\"><span style=\"font-size: 14pt;\">2.000 euros <\/span><\/p>\n<p>\n<\/div><\/div><\/div>\n<div class=\"flex_column av_one_third  flex_column_div   avia-builder-el-16  el_after_av_one_third  el_before_av_hr  column-top-margin\" style='background: rgba(2,2,2,0.01); padding:20px; background-color:rgba(2,2,2,0.01); border-radius:0px; '><div   class='av_promobox  avia-button-no   avia-builder-el-17  avia-builder-el-no-sibling '>\t\t<div class='avia-promocontent'><\/p>\n<p style=\"text-align: center;\"><span style=\"font-size: 14pt;\"><strong><span style=\"color: #1ad7f2;\">10 &lt; 50 <\/span><\/strong><\/span><span style=\"font-size: 14pt;\"><strong><span style=\"color: #1ad7f2;\">empleados<\/span><\/strong><\/span><\/p>\n<p style=\"text-align: center;\"><span style=\"font-size: 14pt;\">2.000 euros <\/span><\/p>\n<p>\n<\/div><\/div><\/div>\n<div  style=' margin-top:0px; margin-bottom:70px;'  class='hr hr-custom hr-center hr-icon-no   avia-builder-el-18  el_after_av_one_third  el_before_av_textblock '><span class='hr-inner  inner-border-av-border-fat' style=' width:50px; border-color:#000000;' ><span class='hr-inner-style'><\/span><\/span><\/div>\n<section class=\"av_textblock_section \"  itemscope=\"itemscope\" itemtype=\"https:\/\/schema.org\/CreativeWork\" ><div class='avia_textblock  '   itemprop=\"text\" ><h1 style=\"text-align: center;\"><span style=\"font-size: 36pt;\"><strong><span style=\"color: #4778bd;\">Contacta <\/span>con nosotros<br \/>\n<\/strong><\/span><\/h1>\n<\/div><\/section>\n<section class=\"av_textblock_section \"  itemscope=\"itemscope\" itemtype=\"https:\/\/schema.org\/CreativeWork\" ><div class='avia_textblock  '   itemprop=\"text\" >\n<div class=\"wpcf7 no-js\" id=\"wpcf7-f751-o1\" lang=\"es-ES\" dir=\"ltr\">\n<div class=\"screen-reader-response\"><p role=\"status\" aria-live=\"polite\" aria-atomic=\"true\"><\/p> <ul><\/ul><\/div>\n<form action=\"\/web\/wp-json\/wp\/v2\/pages\/1044#wpcf7-f751-o1\" method=\"post\" class=\"wpcf7-form init\" aria-label=\"Formulario de contacto\" novalidate=\"novalidate\" data-status=\"init\">\n<div style=\"display: none;\">\n<input type=\"hidden\" name=\"_wpcf7\" value=\"751\" \/>\n<input type=\"hidden\" name=\"_wpcf7_version\" value=\"5.9.6\" \/>\n<input type=\"hidden\" name=\"_wpcf7_locale\" value=\"es_ES\" \/>\n<input type=\"hidden\" name=\"_wpcf7_unit_tag\" value=\"wpcf7-f751-o1\" \/>\n<input type=\"hidden\" name=\"_wpcf7_container_post\" value=\"0\" \/>\n<input type=\"hidden\" name=\"_wpcf7_posted_data_hash\" value=\"\" \/>\n<input type=\"hidden\" name=\"_wpcf7_recaptcha_response\" value=\"\" \/>\n<\/div>\n<p><label> Tu nombre<br \/>\n<span class=\"wpcf7-form-control-wrap\" data-name=\"your-name\"><input size=\"40\" maxlength=\"80\" class=\"wpcf7-form-control wpcf7-text wpcf7-validates-as-required\" aria-required=\"true\" aria-invalid=\"false\" value=\"\" type=\"text\" name=\"your-name\" \/><\/span> <\/label>\n<\/p>\n<p><label> Tu correo electr\u00f3nico<br \/>\n<span class=\"wpcf7-form-control-wrap\" data-name=\"your-email\"><input size=\"40\" maxlength=\"80\" class=\"wpcf7-form-control wpcf7-email wpcf7-validates-as-required wpcf7-text wpcf7-validates-as-email\" aria-required=\"true\" aria-invalid=\"false\" value=\"\" type=\"email\" name=\"your-email\" \/><\/span> <\/label>\n<\/p>\n<p><label> Asunto<br \/>\n<span class=\"wpcf7-form-control-wrap\" data-name=\"your-subject\"><input size=\"40\" maxlength=\"80\" class=\"wpcf7-form-control wpcf7-text wpcf7-validates-as-required\" aria-required=\"true\" aria-invalid=\"false\" value=\"\" type=\"text\" name=\"your-subject\" \/><\/span> <\/label>\n<\/p>\n<p><label> Tu mensaje (opcional)<br \/>\n<span class=\"wpcf7-form-control-wrap\" data-name=\"your-message\"><textarea cols=\"40\" rows=\"10\" maxlength=\"400\" class=\"wpcf7-form-control wpcf7-textarea\" aria-invalid=\"false\" name=\"your-message\"><\/textarea><\/span> <\/label>\n<\/p>\n<p><input class=\"wpcf7-form-control wpcf7-submit has-spinner\" type=\"submit\" value=\"Enviar\" \/>\n<\/p>\n<p><span class=\"wpcf7-form-control-wrap\" data-name=\"acceptance-30\"><span class=\"wpcf7-form-control wpcf7-acceptance\"><span class=\"wpcf7-list-item\"><input type=\"checkbox\" name=\"acceptance-30\" value=\"1\" aria-invalid=\"false\" \/><\/span><\/span><\/span> He le\u00eddo y acepto la <a href=\"https:\/\/www.cds-soft.es\/web\/politica-de-privacidad-y-proteccion-de-datos\/\">Pol\u00edtica de Privacidad<\/a><br \/>\n<span class=\"wpcf7-form-control-wrap\" data-name=\"acceptance-140\"><span class=\"wpcf7-form-control wpcf7-acceptance optional\"><span class=\"wpcf7-list-item\"><input type=\"checkbox\" name=\"acceptance-140\" value=\"1\" aria-invalid=\"false\" \/><\/span><\/span><\/span> Acepto recibir la informaci\u00f3n comercial que CDS SOFT considere oportuno enviarme por correo electr\u00f3nico. (Es posible darse de baja en cualquier momento)<br \/>\n<b>Protecci\u00f3n de datos<\/b><br \/>\nEl responsable del tratamiento es CDS SOFT. La finalidad de la recogida de datos es la de poder atender sus cuestiones, sin ceder sus datos a terceros. Tiene derecho a saber qu\u00e9 informaci\u00f3n tenemos sobre usted, corregirla o eliminarla tal y como se explica en nuestra <a href=\"https:\/\/www.cds-soft.es\/web\/politica-de-privacidad-y-proteccion-de-datos\/\">Pol\u00edtica de Privacidad<\/a>.\n<\/p><p style=\"display: none !important;\" class=\"akismet-fields-container\" data-prefix=\"_wpcf7_ak_\"><label>&#916;<textarea name=\"_wpcf7_ak_hp_textarea\" cols=\"45\" rows=\"8\" maxlength=\"100\"><\/textarea><\/label><input type=\"hidden\" id=\"ak_js_1\" name=\"_wpcf7_ak_js\" value=\"36\"\/><script>document.getElementById( \"ak_js_1\" ).setAttribute( \"value\", ( new Date() ).getTime() );<\/script><\/p><div class=\"wpcf7-response-output\" aria-hidden=\"true\"><\/div>\n<\/form>\n<\/div>\n\n<\/div><\/section>\n","protected":false},"excerpt":{"rendered":"","protected":false},"author":1,"featured_media":0,"parent":886,"menu_order":0,"comment_status":"open","ping_status":"open","template":"","meta":{"footnotes":""},"class_list":["post-1044","page","type-page","status-publish","hentry"],"_links":{"self":[{"href":"https:\/\/www.cds-soft.es\/web\/wp-json\/wp\/v2\/pages\/1044","targetHints":{"allow":["GET"]}}],"collection":[{"href":"https:\/\/www.cds-soft.es\/web\/wp-json\/wp\/v2\/pages"}],"about":[{"href":"https:\/\/www.cds-soft.es\/web\/wp-json\/wp\/v2\/types\/page"}],"author":[{"embeddable":true,"href":"https:\/\/www.cds-soft.es\/web\/wp-json\/wp\/v2\/users\/1"}],"replies":[{"embeddable":true,"href":"https:\/\/www.cds-soft.es\/web\/wp-json\/wp\/v2\/comments?post=1044"}],"version-history":[{"count":17,"href":"https:\/\/www.cds-soft.es\/web\/wp-json\/wp\/v2\/pages\/1044\/revisions"}],"predecessor-version":[{"id":1368,"href":"https:\/\/www.cds-soft.es\/web\/wp-json\/wp\/v2\/pages\/1044\/revisions\/1368"}],"up":[{"embeddable":true,"href":"https:\/\/www.cds-soft.es\/web\/wp-json\/wp\/v2\/pages\/886"}],"wp:attachment":[{"href":"https:\/\/www.cds-soft.es\/web\/wp-json\/wp\/v2\/media?parent=1044"}],"curies":[{"name":"wp","href":"https:\/\/api.w.org\/{rel}","templated":true}]}}