{"id":1208,"date":"2022-02-24T11:40:29","date_gmt":"2022-02-24T11:40:29","guid":{"rendered":"https:\/\/www.cds-soft.es\/web\/?page_id=1208"},"modified":"2022-03-17T14:39:19","modified_gmt":"2022-03-17T14:39:19","slug":"descargas","status":"publish","type":"page","link":"https:\/\/www.cds-soft.es\/web\/descargas\/","title":{"rendered":"Descargas"},"content":{"rendered":"<div id='av_section_1'  class='avia-section main_color avia-section-default avia-no-border-styling  avia-full-stretch avia-bg-style-scroll  avia-builder-el-0  el_before_av_one_half  avia-builder-el-first   av-minimum-height av-minimum-height-custom  container_wrap sidebar_right' style='background-repeat: no-repeat; background-image: url(https:\/\/www.cds-soft.es\/web\/wp-content\/uploads\/2021\/02\/erp-cabecera.jpg);background-attachment: scroll; background-position: top left;  '  data-section-bg-repeat='stretch'><div class='av-section-color-overlay-wrap'><a href='#next-section' title='' class='scroll-down-link '  aria-hidden='true' data-av_icon='\ue877' data-av_iconfont='entypo-fontello'><\/a><div class='container' style='height:467px'><main  role=\"main\" itemprop=\"mainContentOfPage\"  class='template-page content  av-content-small alpha units'><div class='post-entry post-entry-type-page post-entry-1208'><div class='entry-content-wrapper clearfix'>\n<div class=\"flex_column av_one_half  flex_column_div first  avia-builder-el-1  avia-builder-el-no-sibling  \" style='background: rgba(2,2,2,0.01); padding:20px; background-color:rgba(2,2,2,0.01); border-radius:0px; '><div  style='padding-bottom:10px; color:#ffffff;font-size:45px;' class='av-special-heading av-special-heading-h1 custom-color-heading blockquote modern-quote  avia-builder-el-2  avia-builder-el-no-sibling  av-thin-font av-inherit-size '><h1 class='av-special-heading-tag '  itemprop=\"headline\"  ><strong><span style=\"color: #1ad7f2;\">Descargas<\/span><\/strong> <\/h1><div class='special-heading-border'><div class='special-heading-inner-border' style='border-color:#ffffff'><\/div><\/div><\/div><\/div>\n<\/div><\/div><\/main><!-- close content main element --><\/div><\/div><\/div><div id='after_section_1'  class='main_color av_default_container_wrap container_wrap sidebar_right' style=' '  ><div class='container' ><div class='template-page content  av-content-small alpha units'><div class='post-entry post-entry-type-page post-entry-1208'><div class='entry-content-wrapper clearfix'>\n<div class=\"flex_column av_one_half  flex_column_div av-zero-column-padding first  avia-builder-el-3  el_after_av_section  el_before_av_one_half  avia-builder-el-first  \" style='border-radius:0px; '><section class=\"av_textblock_section \"  itemscope=\"itemscope\" itemtype=\"https:\/\/schema.org\/CreativeWork\" ><div class='avia_textblock  '   itemprop=\"text\" ><h1 style=\"text-align: center;\"><span style=\"font-size: 20pt;\"><strong>BDE<\/strong><\/span><\/h1>\n<\/div><\/section><br \/>\n<div  style=' margin-top:0px; margin-bottom:10px;'  class='hr hr-custom hr-center hr-icon-no   avia-builder-el-5  el_after_av_textblock  el_before_av_textblock '><span class='hr-inner  inner-border-av-border-thin' style=' width:50px;' ><span class='hr-inner-style'><\/span><\/span><\/div><br \/>\n<section class=\"av_textblock_section \"  itemscope=\"itemscope\" itemtype=\"https:\/\/schema.org\/CreativeWork\" ><div class='avia_textblock  '   itemprop=\"text\" ><p style=\"text-align: center;\"><strong>CSUTILIDADES PUESTO<br \/>\n<\/strong>Tama\u00f1o: 12.7 MB<br \/>\n<a href=\"..\/..\/descargas\/CSUTILIDADES_PUESTO.exe\"><img loading=\"lazy\" decoding=\"async\" class=\"alignnone size-full wp-image-1216\" src=\"..\/wp-content\/uploads\/2022\/02\/boton-descarga.png\" alt=\"\" width=\"100\" height=\"33\" \/><\/a><\/p>\n<\/div><\/section><br \/>\n<section class=\"av_textblock_section \"  itemscope=\"itemscope\" itemtype=\"https:\/\/schema.org\/CreativeWork\" ><div class='avia_textblock  '   itemprop=\"text\" ><p style=\"text-align: center;\"><strong>CSUTILIDADES SERVIDOR DEDICADO<br \/>\n<\/strong>Tama\u00f1o: 6.87 MB<br \/>\n<a href=\"..\/..\/descargas\/CSUTILIDADES_SERVIDOR_DEDICADO.exe\"><img loading=\"lazy\" decoding=\"async\" class=\"alignnone size-full wp-image-1216\" src=\"..\/wp-content\/uploads\/2022\/02\/boton-descarga.png\" alt=\"\" width=\"100\" height=\"33\" \/><\/a><\/p>\n<\/div><\/section><br \/>\n<section class=\"av_textblock_section \"  itemscope=\"itemscope\" itemtype=\"https:\/\/schema.org\/CreativeWork\" ><div class='avia_textblock  '   itemprop=\"text\" ><p style=\"text-align: center;\"><strong>CSUTILIDADES DATOS Y COMUNICACIONES<br \/>\n<\/strong>Tama\u00f1o: 12.74 MB<br \/>\n<a href=\"..\/..\/descargas\/CSUTILIDADES_DATOS_Y_COMUNICACIONES.exe\"><img loading=\"lazy\" decoding=\"async\" class=\"alignnone size-full wp-image-1216\" src=\"..\/wp-content\/uploads\/2022\/02\/boton-descarga.png\" alt=\"\" width=\"100\" height=\"33\" \/><\/a><\/p>\n<\/div><\/section><br \/>\n<section class=\"av_textblock_section \"  itemscope=\"itemscope\" itemtype=\"https:\/\/schema.org\/CreativeWork\" ><div class='avia_textblock  '   itemprop=\"text\" ><p style=\"text-align: center;\"><strong>CSUTILIDADES SERVIDOR NO DEDICADO<br \/>\n<\/strong>Tama\u00f1o: 12.70 MB<br \/>\n<a href=\"..\/..\/descargas\/CSUTILIDADES_SERVIDOR_NO_DEDICADO.exe\"><img loading=\"lazy\" decoding=\"async\" class=\"alignnone size-full wp-image-1216\" src=\"..\/wp-content\/uploads\/2022\/02\/boton-descarga.png\" alt=\"\" width=\"100\" height=\"33\" \/><\/a><\/p>\n<\/div><\/section><br \/>\n<section class=\"av_textblock_section \"  itemscope=\"itemscope\" itemtype=\"https:\/\/schema.org\/CreativeWork\" ><div class='avia_textblock  '   itemprop=\"text\" ><p style=\"text-align: center;\"><strong>CSUTILIDADES MONOPUESTO<br \/>\n<\/strong>Tama\u00f1o: 12.70 MB<br \/>\n<a href=\"..\/..\/descargas\/CSUTILIDADES_MONOPUESTO.exe\"><img loading=\"lazy\" decoding=\"async\" class=\"alignnone size-full wp-image-1216\" src=\"..\/wp-content\/uploads\/2022\/02\/boton-descarga.png\" alt=\"\" width=\"100\" height=\"33\" \/><\/a><\/p>\n<\/div><\/section><br \/>\n<section class=\"av_textblock_section \"  itemscope=\"itemscope\" itemtype=\"https:\/\/schema.org\/CreativeWork\" ><div class='avia_textblock  '   itemprop=\"text\" ><p style=\"text-align: center;\"><strong>CSUTILIDADES COMUNICACIONES DEDICADO<br \/>\n<\/strong>Tama\u00f1o: 12.70 MB<br \/>\n<a href=\"..\/..\/descargas\/CSUTILIDADES_COMUNICACIONES_DEDICADO.exe\"><img loading=\"lazy\" decoding=\"async\" class=\"alignnone size-full wp-image-1216\" src=\"..\/wp-content\/uploads\/2022\/02\/boton-descarga.png\" alt=\"\" width=\"100\" height=\"33\" \/><\/a><\/p>\n<\/div><\/section><br \/>\n<section class=\"av_textblock_section \"  itemscope=\"itemscope\" itemtype=\"https:\/\/schema.org\/CreativeWork\" ><div class='avia_textblock  '   itemprop=\"text\" ><h1 style=\"text-align: center;\"><span style=\"font-size: 20pt;\"><strong>CSCHECKLIST<\/strong><\/span><\/h1>\n<\/div><\/section><br \/>\n<div  style=' margin-top:0px; margin-bottom:10px;'  class='hr hr-custom hr-center hr-icon-no   avia-builder-el-13  el_after_av_textblock  el_before_av_textblock '><span class='hr-inner  inner-border-av-border-thin' style=' width:50px;' ><span class='hr-inner-style'><\/span><\/span><\/div><br \/>\n<section class=\"av_textblock_section \"  itemscope=\"itemscope\" itemtype=\"https:\/\/schema.org\/CreativeWork\" ><div class='avia_textblock  '   itemprop=\"text\" ><p style=\"text-align: center;\"><strong>CSCHECKLIST<br \/>\n<\/strong>Tama\u00f1o: 6.69 MB<br \/>\n<a href=\"..\/..\/descargas\/CSCheckList.exe\"><img loading=\"lazy\" decoding=\"async\" class=\"alignnone size-full wp-image-1216\" src=\"..\/wp-content\/uploads\/2022\/02\/boton-descarga.png\" alt=\"\" width=\"100\" height=\"33\" \/><\/a><\/p>\n<\/div><\/section><\/p><\/div>\n<div class=\"flex_column av_one_half  flex_column_div av-zero-column-padding   avia-builder-el-15  el_after_av_one_half  avia-builder-el-last  \" style='border-radius:0px; '><section class=\"av_textblock_section \"  itemscope=\"itemscope\" itemtype=\"https:\/\/schema.org\/CreativeWork\" ><div class='avia_textblock  '   itemprop=\"text\" ><h1 style=\"text-align: center;\"><span style=\"font-size: 20pt;\"><strong>DOCUMENTACI\u00d3N<\/strong><\/span><\/h1>\n<\/div><\/section><br \/>\n<div  style=' margin-top:0px; margin-bottom:10px;'  class='hr hr-custom hr-center hr-icon-no   avia-builder-el-17  el_after_av_textblock  el_before_av_textblock '><span class='hr-inner  inner-border-av-border-thin' style=' width:50px;' ><span class='hr-inner-style'><\/span><\/span><\/div><br \/>\n<section class=\"av_textblock_section \"  itemscope=\"itemscope\" itemtype=\"https:\/\/schema.org\/CreativeWork\" ><div class='avia_textblock  '   itemprop=\"text\" ><p style=\"text-align: center;\"><strong>REQUERIMIENTOS M\u00cdNIMOS HARDWARE<br \/>\n<\/strong>Tama\u00f1o: 270.59 KB<br \/>\n<a href=\"..\/..\/descargas\/Requerimientos_Mnimos_Hardware.pdf\"><img loading=\"lazy\" decoding=\"async\" class=\"alignnone size-full wp-image-1216\" src=\"..\/wp-content\/uploads\/2022\/02\/boton-descarga.png\" alt=\"\" width=\"100\" height=\"33\" \/><\/a><\/p>\n<\/div><\/section><br \/>\n<section class=\"av_textblock_section \"  itemscope=\"itemscope\" itemtype=\"https:\/\/schema.org\/CreativeWork\" ><div class='avia_textblock  '   itemprop=\"text\" ><p style=\"text-align: center;\"><strong>CDS GU\u00cdA INSTALACI\u00d3N Y CONFIGURACI\u00d3N<br \/>\n<\/strong>Tama\u00f1o: 221.01 KB<br \/>\n<a href=\"..\/..\/descargas\/CDS_Guia_Instalacion_y_configuracion.pdf\"><img loading=\"lazy\" decoding=\"async\" class=\"alignnone size-full wp-image-1216\" src=\"..\/wp-content\/uploads\/2022\/02\/boton-descarga.png\" alt=\"\" width=\"100\" height=\"33\" \/><\/a><\/p>\n<\/div><\/section><br \/>\n<section class=\"av_textblock_section \"  itemscope=\"itemscope\" itemtype=\"https:\/\/schema.org\/CreativeWork\" ><div class='avia_textblock  '   itemprop=\"text\" ><h1 style=\"text-align: center;\"><span style=\"font-size: 20pt;\"><strong>UTILIDADES<\/strong><\/span><\/h1>\n<\/div><\/section><br \/>\n<div  style=' margin-top:0px; margin-bottom:10px;'  class='hr hr-custom hr-center hr-icon-no   avia-builder-el-21  el_after_av_textblock  el_before_av_textblock '><span class='hr-inner  inner-border-av-border-thin' style=' width:50px;' ><span class='hr-inner-style'><\/span><\/span><\/div><br \/>\n<section class=\"av_textblock_section \"  itemscope=\"itemscope\" itemtype=\"https:\/\/schema.org\/CreativeWork\" ><div class='avia_textblock  '   itemprop=\"text\" ><p style=\"text-align: center;\"><strong>DISOCIADOR Versi\u00f3n: 01.01.11<br \/>\n<\/strong>Tama\u00f1o: 1.94 MB<br \/>\n<a href=\"..\/..\/descargas\/CSDIS01.zip\"><img loading=\"lazy\" decoding=\"async\" class=\"alignnone size-full wp-image-1216\" src=\"..\/wp-content\/uploads\/2022\/02\/boton-descarga.png\" alt=\"\" width=\"100\" height=\"33\" \/><\/a><\/p>\n<\/div><\/section><br \/>\n<section class=\"av_textblock_section \"  itemscope=\"itemscope\" itemtype=\"https:\/\/schema.org\/CreativeWork\" ><div class='avia_textblock  '   itemprop=\"text\" ><p style=\"text-align: center;\"><strong>VNCServer<br \/>\n<\/strong>Tama\u00f1o: 1.13 MB<br \/>\n<a href=\"..\/..\/descargas\/VNCServer.exe\"><img loading=\"lazy\" decoding=\"async\" class=\"alignnone size-full wp-image-1216\" src=\"..\/wp-content\/uploads\/2022\/02\/boton-descarga.png\" alt=\"\" width=\"100\" height=\"33\" \/><\/a><\/p>\n<\/div><\/section><br \/>\n<section class=\"av_textblock_section \"  itemscope=\"itemscope\" itemtype=\"https:\/\/schema.org\/CreativeWork\" ><div class='avia_textblock  '   itemprop=\"text\" ><p style=\"text-align: center;\"><strong>ADOBE READER Versi\u00f3n 10.1.4<br \/>\n<\/strong>Tama\u00f1o: 1.02 MB<br \/>\n<a href=\"..\/..\/descargas\/AdobeReader10.exe\"><img loading=\"lazy\" decoding=\"async\" class=\"alignnone size-full wp-image-1216\" src=\"..\/wp-content\/uploads\/2022\/02\/boton-descarga.png\" alt=\"\" width=\"100\" height=\"33\" \/><\/a><\/p>\n<\/div><\/section><br \/>\n<section class=\"av_textblock_section \"  itemscope=\"itemscope\" itemtype=\"https:\/\/schema.org\/CreativeWork\" ><div class='avia_textblock  '   itemprop=\"text\" ><p style=\"text-align: center;\"><strong>JAVA 7 Versi\u00f3n 7.75<br \/>\n<\/strong>Tama\u00f1o: 28.10 MB<br \/>\n<a href=\"..\/..\/descargas\/Java7.75.32bits.exe\"><img loading=\"lazy\" decoding=\"async\" class=\"alignnone size-full wp-image-1216\" src=\"..\/wp-content\/uploads\/2022\/02\/boton-descarga.png\" alt=\"\" width=\"100\" height=\"33\" \/><\/a><\/p>\n<\/div><\/section><\/p><\/div>\n","protected":false},"excerpt":{"rendered":"","protected":false},"author":1,"featured_media":0,"parent":0,"menu_order":0,"comment_status":"closed","ping_status":"closed","template":"","meta":{"footnotes":""},"class_list":["post-1208","page","type-page","status-publish","hentry"],"_links":{"self":[{"href":"https:\/\/www.cds-soft.es\/web\/wp-json\/wp\/v2\/pages\/1208","targetHints":{"allow":["GET"]}}],"collection":[{"href":"https:\/\/www.cds-soft.es\/web\/wp-json\/wp\/v2\/pages"}],"about":[{"href":"https:\/\/www.cds-soft.es\/web\/wp-json\/wp\/v2\/types\/page"}],"author":[{"embeddable":true,"href":"https:\/\/www.cds-soft.es\/web\/wp-json\/wp\/v2\/users\/1"}],"replies":[{"embeddable":true,"href":"https:\/\/www.cds-soft.es\/web\/wp-json\/wp\/v2\/comments?post=1208"}],"version-history":[{"count":25,"href":"https:\/\/www.cds-soft.es\/web\/wp-json\/wp\/v2\/pages\/1208\/revisions"}],"predecessor-version":[{"id":1238,"href":"https:\/\/www.cds-soft.es\/web\/wp-json\/wp\/v2\/pages\/1208\/revisions\/1238"}],"wp:attachment":[{"href":"https:\/\/www.cds-soft.es\/web\/wp-json\/wp\/v2\/media?parent=1208"}],"curies":[{"name":"wp","href":"https:\/\/api.w.org\/{rel}","templated":true}]}}