{"id":1392,"date":"2024-07-06T14:55:42","date_gmt":"2024-07-06T14:55:42","guid":{"rendered":"https:\/\/www.cds-soft.es\/web\/?page_id=1392"},"modified":"2024-07-06T15:08:13","modified_gmt":"2024-07-06T15:08:13","slug":"presencia-avanzada-en-internet","status":"publish","type":"page","link":"https:\/\/www.cds-soft.es\/web\/kit-digital\/presencia-avanzada-en-internet\/","title":{"rendered":"Presencia avanzada en internet"},"content":{"rendered":"<div id='av_section_1'  class='avia-section main_color avia-section-default avia-no-border-styling  avia-full-stretch avia-bg-style-scroll  avia-builder-el-0  el_before_av_image  avia-builder-el-first   av-minimum-height av-minimum-height-custom  container_wrap sidebar_right' style='background-repeat: no-repeat; background-image: url(https:\/\/www.cds-soft.es\/web\/wp-content\/uploads\/2022\/02\/kit-digital-2021-b.jpg);background-attachment: scroll; background-position: top left;  '  data-section-bg-repeat='stretch'><div class='av-section-color-overlay-wrap'><a href='#next-section' title='' class='scroll-down-link '  aria-hidden='true' data-av_icon='\ue877' data-av_iconfont='entypo-fontello'><\/a><div class='container' style='height:467px'><main  role=\"main\" itemprop=\"mainContentOfPage\"  class='template-page content  av-content-small alpha units'><div class='post-entry post-entry-type-page post-entry-1392'><div class='entry-content-wrapper clearfix'>\n<div class=\"flex_column av_one_half  flex_column_div first  avia-builder-el-1  avia-builder-el-no-sibling  \" style='background: rgba(2,2,2,0.01); padding:20px; background-color:rgba(2,2,2,0.01); border-radius:0px; '><div  style='padding-bottom:10px; color:#ffffff;font-size:65px;' class='av-special-heading av-special-heading-h1 custom-color-heading blockquote modern-quote  avia-builder-el-2  avia-builder-el-no-sibling  av-thin-font av-inherit-size '><h1 class='av-special-heading-tag '  itemprop=\"headline\"  ><strong><span style=\"color: #1ad7f2;\">Presencia avanzada en internet<\/span><\/strong> <\/h1><div class ='av-subheading av-subheading_below av_custom_color ' style='font-size:30px;'><p>El principal objetivo de esta categor\u00eda es la prestaci\u00f3n de funcionalidades y\/o servicios que aseguren tu posicionamiento en internet, aumentando tu alcance de potenciales clientes e incrementando el tr\u00e1fico de visitas en tu\/-s plataforma\/-s.<\/p>\n<\/div><div class='special-heading-border'><div class='special-heading-inner-border' style='border-color:#ffffff'><\/div><\/div><\/div><\/div><\/div><\/div><\/main><!-- close content main element --><\/div><\/div><\/div><div id='after_section_1'  class='main_color av_default_container_wrap container_wrap sidebar_right' style=' '  ><div class='container' ><div class='template-page content  av-content-small alpha units'><div class='post-entry post-entry-type-page post-entry-1392'><div class='entry-content-wrapper clearfix'><div  class='avia-image-container  av-styling- av-hover-grow   avia-builder-el-3  el_after_av_section  el_before_av_hr  avia-builder-el-first  avia-align-center '  itemprop=\"image\" itemscope=\"itemscope\" itemtype=\"https:\/\/schema.org\/ImageObject\"  ><div class='avia-image-container-inner'><div class='avia-image-overlay-wrap'><img decoding=\"async\" class='wp-image-1321 avia-img-lazy-loading-not-1321 avia_image' src=\"https:\/\/www.cds-soft.es\/web\/wp-content\/uploads\/2024\/02\/logo-kit.jpg\" alt='' title='logo-kit' height=\"241\" width=\"2000\"  itemprop=\"thumbnailUrl\" srcset=\"https:\/\/www.cds-soft.es\/web\/wp-content\/uploads\/2024\/02\/logo-kit.jpg 2000w, https:\/\/www.cds-soft.es\/web\/wp-content\/uploads\/2024\/02\/logo-kit-300x36.jpg 300w, https:\/\/www.cds-soft.es\/web\/wp-content\/uploads\/2024\/02\/logo-kit-1030x124.jpg 1030w, https:\/\/www.cds-soft.es\/web\/wp-content\/uploads\/2024\/02\/logo-kit-768x93.jpg 768w, https:\/\/www.cds-soft.es\/web\/wp-content\/uploads\/2024\/02\/logo-kit-1536x185.jpg 1536w, https:\/\/www.cds-soft.es\/web\/wp-content\/uploads\/2024\/02\/logo-kit-1500x181.jpg 1500w, https:\/\/www.cds-soft.es\/web\/wp-content\/uploads\/2024\/02\/logo-kit-705x85.jpg 705w\" sizes=\"(max-width: 2000px) 100vw, 2000px\" \/><\/div><\/div><\/div><\/p>\n<div  style=' margin-top:30px; margin-bottom:30px;'  class='hr hr-custom hr-center hr-icon-no   avia-builder-el-4  el_after_av_image  el_before_av_textblock '><span class='hr-inner  inner-border-av-border-fat' style=' width:50px; border-color:#000000;' ><span class='hr-inner-style'><\/span><\/span><\/div>\n<section class=\"av_textblock_section \"  itemscope=\"itemscope\" itemtype=\"https:\/\/schema.org\/CreativeWork\" ><div class='avia_textblock  '   itemprop=\"text\" ><h1><\/h1>\n<h1 style=\"text-align: center;\"><span style=\"font-size: 14pt;\"><strong>Funcionalidades y servicios<\/strong><\/span><\/h1>\n<\/div><\/section>\n<section class=\"av_textblock_section \"  itemscope=\"itemscope\" itemtype=\"https:\/\/schema.org\/CreativeWork\" ><div class='avia_textblock  '   itemprop=\"text\" ><ul>\n<li><span style=\"font-size: 14pt;\"><strong>Posicionamiento b\u00e1sico en internet: <\/strong>la soluci\u00f3n deber\u00e1 posicionar la informaci\u00f3n b\u00e1sica del\u00a0negocio, contacto y perfil de tu empresa en los principales sites, redes de negocio o directorios de empresas y profesionales.<\/span><\/li>\n<li><span style=\"font-size: 14pt;\"><strong>An\u00e1lisis de palabras clave: <\/strong>gesti\u00f3n, b\u00fasqueda y an\u00e1lisis de palabras clave con el fin de desarrollar estrategias \u00fatiles para que los buscadores clasifiquen el contenido y ayuden a los usuarios a encontrar resultados relevantes para sus consultas.<\/span><\/li>\n<li><span style=\"font-size: 14pt;\"><strong>An\u00e1lisis de la competencia: <\/strong>la soluci\u00f3n incluye un an\u00e1lisis mensual de la competencia para informarte de tu situaci\u00f3n frente a otros competidores.<\/span><\/li>\n<li><span style=\"font-size: 14pt;\"><strong>SEO On-Page: <\/strong>la soluci\u00f3n debe ofrecer un servicio m\u00ednimo de dos p\u00e1ginas o apartados SEO On-Page, optimizando la estructura y el contenido interno para mejorar la posici\u00f3n natural de tu pyme en buscadores, as\u00ed como la indexaci\u00f3n y jerarquizaci\u00f3n del contenido.<\/span><\/li>\n<li><span style=\"font-size: 14pt;\"><strong>SEO Off-Page: <\/strong>la soluci\u00f3n deber\u00e1 proveer este servicio, que conllevar\u00e1 la ejecuci\u00f3n de acciones fuera del entorno del sitio web para mejorar tu posicionamiento org\u00e1nico.<\/span><\/li>\n<li class=\"paragraph\"><span style=\"font-size: 14pt;\"><a data-insuit-uuid=\"0015d2aa-420a-40b5-94f7-116996337aad\"><strong>Creaci\u00f3n de metadatos estructurados de p\u00e1gina:<\/strong><\/a> soluci\u00f3n te proporcionar\u00e1 la creaci\u00f3n de metadatos estructurados de tu p\u00e1gina (Exclusivo para los segmentos IV y V).<\/span><\/li>\n<li><span style=\"font-size: 14pt;\"><strong>Informes mensuales de seguimiento: <\/strong>la soluci\u00f3n incluye un reporte mensual de los resultados de las acciones ejecutadas para generar consciencia de la evoluci\u00f3n y la repercusi\u00f3n de las mismas en la presencia en internet de tu negocio.<\/span><\/li>\n<\/ul>\n<\/div><\/section>\n<div  style=' margin-top:0px; margin-bottom:70px;'  class='hr hr-custom hr-center hr-icon-no   avia-builder-el-7  el_after_av_textblock  el_before_av_textblock '><span class='hr-inner  inner-border-av-border-fat' style=' width:50px; border-color:#000000;' ><span class='hr-inner-style'><\/span><\/span><\/div>\n<section class=\"av_textblock_section \"  itemscope=\"itemscope\" itemtype=\"https:\/\/schema.org\/CreativeWork\" ><div class='avia_textblock  '   itemprop=\"text\" ><h1><\/h1>\n<h1 style=\"text-align: center;\"><span style=\"font-size: 14pt;\"><strong>Porcentajes de ejecuci\u00f3n asociados a las fases<br \/>\n<\/strong><\/span><\/h1>\n<\/div><\/section>\n<section class=\"av_textblock_section \"  itemscope=\"itemscope\" itemtype=\"https:\/\/schema.org\/CreativeWork\" ><div class='avia_textblock  '   itemprop=\"text\" ><ul>\n<li class=\"paragraph\">\n<p class=\"i4t-wrap-text\"><span style=\"font-size: 14pt;\">Primera: 70 %<\/span><\/p>\n<\/li>\n<li class=\"paragraph\">\n<p class=\"i4t-wrap-text\"><span style=\"font-size: 14pt;\">Segunda: 30 %<\/span><\/p>\n<\/li>\n<\/ul>\n<\/div><\/section>\n<div  style=' margin-top:0px; margin-bottom:70px;'  class='hr hr-custom hr-center hr-icon-no   avia-builder-el-10  el_after_av_textblock  el_before_av_textblock '><span class='hr-inner  inner-border-av-border-fat' style=' width:50px; border-color:#000000;' ><span class='hr-inner-style'><\/span><\/span><\/div>\n<section class=\"av_textblock_section \"  itemscope=\"itemscope\" itemtype=\"https:\/\/schema.org\/CreativeWork\" ><div class='avia_textblock  '   itemprop=\"text\" ><h1><\/h1>\n<h1 style=\"text-align: center;\"><span style=\"font-size: 36pt;\"><strong>Importe de la <span style=\"color: #1ad7f2;\">ayuda<\/span><\/strong><\/span><\/h1>\n<\/div><\/section>\n<div class=\"flex_column av_one_fifth  flex_column_div first  avia-builder-el-12  el_after_av_textblock  el_before_av_one_fifth  column-top-margin\" style='background: rgba(2,2,2,0.01); padding:20px; background-color:rgba(2,2,2,0.01); border-radius:0px; '><div   class='av_promobox  avia-button-no   avia-builder-el-13  avia-builder-el-no-sibling '>\t\t<div class='avia-promocontent'><\/p>\n<p style=\"text-align: center;\"><span style=\"font-size: 14pt;\"><strong><span style=\"color: #1ad7f2;\">0 &lt; X &lt; 3 empleados<\/span><\/strong><\/span><\/p>\n<p style=\"text-align: center;\"><span style=\"font-size: 14pt;\">2.000 euros<br \/>\n<\/span><\/p>\n<p>\n<\/div><\/div><\/div>\n<div class=\"flex_column av_one_fifth  flex_column_div   avia-builder-el-14  el_after_av_one_fifth  el_before_av_one_fifth  column-top-margin\" style='background: rgba(2,2,2,0.01); padding:20px; background-color:rgba(2,2,2,0.01); border-radius:0px; '><div   class='av_promobox  avia-button-no   avia-builder-el-15  avia-builder-el-no-sibling '>\t\t<div class='avia-promocontent'><\/p>\n<p style=\"text-align: center;\"><span style=\"font-size: 14pt;\"><strong><span style=\"color: #1ad7f2;\">3 \u2264 X &lt; 10 empleados<\/span><\/strong><\/span><\/p>\n<p style=\"text-align: center;\"><span style=\"font-size: 14pt;\">2.000 euros<br \/>\n<\/span><\/p>\n<p>\n<\/div><\/div><\/div>\n<div class=\"flex_column av_one_fifth  flex_column_div   avia-builder-el-16  el_after_av_one_fifth  el_before_av_one_fifth  column-top-margin\" style='background: rgba(2,2,2,0.01); padding:20px; background-color:rgba(2,2,2,0.01); border-radius:0px; '><div   class='av_promobox  avia-button-no   avia-builder-el-17  avia-builder-el-no-sibling '>\t\t<div class='avia-promocontent'><\/p>\n<p style=\"text-align: center;\"><span style=\"font-size: 14pt;\"><strong><span style=\"color: #1ad7f2;\">10 \u2264 X &lt; 50 empleados<\/span><\/strong><\/span><\/p>\n<p style=\"text-align: center;\"><span style=\"font-size: 14pt;\">2.000 euros<br \/>\n<\/span><\/p>\n<p>\n<\/div><\/div><\/div>\n<div class=\"flex_column av_one_fifth  flex_column_div   avia-builder-el-18  el_after_av_one_fifth  el_before_av_one_fifth  column-top-margin\" style='background: rgba(2,2,2,0.01); padding:20px; background-color:rgba(2,2,2,0.01); border-radius:0px; '><div   class='av_promobox  avia-button-no   avia-builder-el-19  avia-builder-el-no-sibling '>\t\t<div class='avia-promocontent'><\/p>\n<p style=\"text-align: center;\"><span style=\"font-size: 14pt;\"><strong><span style=\"color: #1ad7f2;\">50* \u2264 X &lt; 100 empleados<\/span><\/strong><\/span><\/p>\n<p style=\"text-align: center;\"><span style=\"font-size: 14pt;\">5.000 euros<br \/>\n<\/span><\/p>\n<p>\n<\/div><\/div><\/div>\n<div class=\"flex_column av_one_fifth  flex_column_div   avia-builder-el-20  el_after_av_one_fifth  el_before_av_textblock  column-top-margin\" style='background: rgba(2,2,2,0.01); padding:20px; background-color:rgba(2,2,2,0.01); border-radius:0px; '><div   class='av_promobox  avia-button-no   avia-builder-el-21  avia-builder-el-no-sibling '>\t\t<div class='avia-promocontent'><\/p>\n<p style=\"text-align: center;\"><span style=\"font-size: 14pt;\"><strong><span style=\"color: #1ad7f2;\">100 \u2264 X &lt; 250 empleados<\/span><\/strong><\/span><\/p>\n<p style=\"text-align: center;\"><span style=\"font-size: 14pt;\">5.000 euros<br \/>\n<\/span><\/p>\n<p>\n<\/div><\/div><\/div>\n<section class=\"av_textblock_section \"  itemscope=\"itemscope\" itemtype=\"https:\/\/schema.org\/CreativeWork\" ><div class='avia_textblock  '   itemprop=\"text\" ><p><span style=\"font-size: 14pt;\"><em>* En el segmento IV se incluyen las empresas menos de 50 empleados que tengan consideraci\u00f3n de mediana empresa al superar el volumen de negocios anual y balance general anual de 10 millones de euros<\/em><\/span><\/p>\n<\/div><\/section>\n<div  style=' margin-top:0px; margin-bottom:70px;'  class='hr hr-custom hr-center hr-icon-no   avia-builder-el-23  el_after_av_textblock  el_before_av_textblock '><span class='hr-inner  inner-border-av-border-fat' style=' width:50px; border-color:#000000;' ><span class='hr-inner-style'><\/span><\/span><\/div>\n<section class=\"av_textblock_section \"  itemscope=\"itemscope\" itemtype=\"https:\/\/schema.org\/CreativeWork\" ><div class='avia_textblock  '   itemprop=\"text\" ><h1 style=\"text-align: center;\"><span style=\"font-size: 36pt;\"><strong><span style=\"color: #000;\">Contacta <\/span>con nosotros<br \/>\n<\/strong><\/span><\/h1>\n<\/div><\/section>\n<section class=\"av_textblock_section \"  itemscope=\"itemscope\" itemtype=\"https:\/\/schema.org\/CreativeWork\" ><div class='avia_textblock  '   itemprop=\"text\" >\n<div class=\"wpcf7 no-js\" id=\"wpcf7-f751-o1\" lang=\"es-ES\" dir=\"ltr\">\n<div class=\"screen-reader-response\"><p role=\"status\" aria-live=\"polite\" aria-atomic=\"true\"><\/p> <ul><\/ul><\/div>\n<form action=\"\/web\/wp-json\/wp\/v2\/pages\/1392#wpcf7-f751-o1\" method=\"post\" class=\"wpcf7-form init\" aria-label=\"Formulario de contacto\" novalidate=\"novalidate\" data-status=\"init\">\n<div style=\"display: none;\">\n<input type=\"hidden\" name=\"_wpcf7\" value=\"751\" \/>\n<input type=\"hidden\" name=\"_wpcf7_version\" value=\"5.9.6\" \/>\n<input type=\"hidden\" name=\"_wpcf7_locale\" value=\"es_ES\" \/>\n<input type=\"hidden\" name=\"_wpcf7_unit_tag\" value=\"wpcf7-f751-o1\" \/>\n<input type=\"hidden\" name=\"_wpcf7_container_post\" value=\"0\" \/>\n<input type=\"hidden\" name=\"_wpcf7_posted_data_hash\" value=\"\" \/>\n<input type=\"hidden\" name=\"_wpcf7_recaptcha_response\" value=\"\" \/>\n<\/div>\n<p><label> Tu nombre<br \/>\n<span class=\"wpcf7-form-control-wrap\" data-name=\"your-name\"><input size=\"40\" maxlength=\"80\" class=\"wpcf7-form-control wpcf7-text wpcf7-validates-as-required\" aria-required=\"true\" aria-invalid=\"false\" value=\"\" type=\"text\" name=\"your-name\" \/><\/span> <\/label>\n<\/p>\n<p><label> Tu correo electr\u00f3nico<br \/>\n<span class=\"wpcf7-form-control-wrap\" data-name=\"your-email\"><input size=\"40\" maxlength=\"80\" class=\"wpcf7-form-control wpcf7-email wpcf7-validates-as-required wpcf7-text wpcf7-validates-as-email\" aria-required=\"true\" aria-invalid=\"false\" value=\"\" type=\"email\" name=\"your-email\" \/><\/span> <\/label>\n<\/p>\n<p><label> Asunto<br \/>\n<span class=\"wpcf7-form-control-wrap\" data-name=\"your-subject\"><input size=\"40\" maxlength=\"80\" class=\"wpcf7-form-control wpcf7-text wpcf7-validates-as-required\" aria-required=\"true\" aria-invalid=\"false\" value=\"\" type=\"text\" name=\"your-subject\" \/><\/span> <\/label>\n<\/p>\n<p><label> Tu mensaje (opcional)<br \/>\n<span class=\"wpcf7-form-control-wrap\" data-name=\"your-message\"><textarea cols=\"40\" rows=\"10\" maxlength=\"400\" class=\"wpcf7-form-control wpcf7-textarea\" aria-invalid=\"false\" name=\"your-message\"><\/textarea><\/span> <\/label>\n<\/p>\n<p><input class=\"wpcf7-form-control wpcf7-submit has-spinner\" type=\"submit\" value=\"Enviar\" \/>\n<\/p>\n<p><span class=\"wpcf7-form-control-wrap\" data-name=\"acceptance-30\"><span class=\"wpcf7-form-control wpcf7-acceptance\"><span class=\"wpcf7-list-item\"><input type=\"checkbox\" name=\"acceptance-30\" value=\"1\" aria-invalid=\"false\" \/><\/span><\/span><\/span> He le\u00eddo y acepto la <a href=\"https:\/\/www.cds-soft.es\/web\/politica-de-privacidad-y-proteccion-de-datos\/\">Pol\u00edtica de Privacidad<\/a><br \/>\n<span class=\"wpcf7-form-control-wrap\" data-name=\"acceptance-140\"><span class=\"wpcf7-form-control wpcf7-acceptance optional\"><span class=\"wpcf7-list-item\"><input type=\"checkbox\" name=\"acceptance-140\" value=\"1\" aria-invalid=\"false\" \/><\/span><\/span><\/span> Acepto recibir la informaci\u00f3n comercial que CDS SOFT considere oportuno enviarme por correo electr\u00f3nico. (Es posible darse de baja en cualquier momento)<br \/>\n<b>Protecci\u00f3n de datos<\/b><br \/>\nEl responsable del tratamiento es CDS SOFT. La finalidad de la recogida de datos es la de poder atender sus cuestiones, sin ceder sus datos a terceros. Tiene derecho a saber qu\u00e9 informaci\u00f3n tenemos sobre usted, corregirla o eliminarla tal y como se explica en nuestra <a href=\"https:\/\/www.cds-soft.es\/web\/politica-de-privacidad-y-proteccion-de-datos\/\">Pol\u00edtica de Privacidad<\/a>.\n<\/p><p style=\"display: none !important;\" class=\"akismet-fields-container\" data-prefix=\"_wpcf7_ak_\"><label>&#916;<textarea name=\"_wpcf7_ak_hp_textarea\" cols=\"45\" rows=\"8\" maxlength=\"100\"><\/textarea><\/label><input type=\"hidden\" id=\"ak_js_1\" name=\"_wpcf7_ak_js\" value=\"152\"\/><script>document.getElementById( \"ak_js_1\" ).setAttribute( \"value\", ( new Date() ).getTime() );<\/script><\/p><div class=\"wpcf7-response-output\" aria-hidden=\"true\"><\/div>\n<\/form>\n<\/div>\n\n<\/div><\/section>\n<div  style=' margin-top:0px; margin-bottom:70px;'  class='hr hr-custom hr-center hr-icon-no   avia-builder-el-26  el_after_av_textblock  avia-builder-el-last '><span class='hr-inner  inner-border-av-border-fat' style=' width:50px; border-color:#000000;' ><span class='hr-inner-style'><\/span><\/span><\/div>\n","protected":false},"excerpt":{"rendered":"","protected":false},"author":1,"featured_media":0,"parent":886,"menu_order":0,"comment_status":"open","ping_status":"open","template":"","meta":{"footnotes":""},"class_list":["post-1392","page","type-page","status-publish","hentry"],"_links":{"self":[{"href":"https:\/\/www.cds-soft.es\/web\/wp-json\/wp\/v2\/pages\/1392","targetHints":{"allow":["GET"]}}],"collection":[{"href":"https:\/\/www.cds-soft.es\/web\/wp-json\/wp\/v2\/pages"}],"about":[{"href":"https:\/\/www.cds-soft.es\/web\/wp-json\/wp\/v2\/types\/page"}],"author":[{"embeddable":true,"href":"https:\/\/www.cds-soft.es\/web\/wp-json\/wp\/v2\/users\/1"}],"replies":[{"embeddable":true,"href":"https:\/\/www.cds-soft.es\/web\/wp-json\/wp\/v2\/comments?post=1392"}],"version-history":[{"count":3,"href":"https:\/\/www.cds-soft.es\/web\/wp-json\/wp\/v2\/pages\/1392\/revisions"}],"predecessor-version":[{"id":1405,"href":"https:\/\/www.cds-soft.es\/web\/wp-json\/wp\/v2\/pages\/1392\/revisions\/1405"}],"up":[{"embeddable":true,"href":"https:\/\/www.cds-soft.es\/web\/wp-json\/wp\/v2\/pages\/886"}],"wp:attachment":[{"href":"https:\/\/www.cds-soft.es\/web\/wp-json\/wp\/v2\/media?parent=1392"}],"curies":[{"name":"wp","href":"https:\/\/api.w.org\/{rel}","templated":true}]}}