{"id":1425,"date":"2024-07-06T15:21:00","date_gmt":"2024-07-06T15:21:00","guid":{"rendered":"https:\/\/www.cds-soft.es\/web\/?page_id=1425"},"modified":"2024-07-06T15:21:00","modified_gmt":"2024-07-06T15:21:00","slug":"gestion-de-clientes-con-ia-asociada","status":"publish","type":"page","link":"https:\/\/www.cds-soft.es\/web\/kit-digital\/gestion-de-clientes-con-ia-asociada\/","title":{"rendered":"Gesti\u00f3n de clientes con IA asociada"},"content":{"rendered":"<div id='av_section_1'  class='avia-section main_color avia-section-default avia-no-border-styling  avia-full-stretch avia-bg-style-scroll  avia-builder-el-0  el_before_av_image  avia-builder-el-first   av-minimum-height av-minimum-height-custom  container_wrap sidebar_right' style='background-repeat: no-repeat; background-image: url(https:\/\/www.cds-soft.es\/web\/wp-content\/uploads\/2022\/02\/kit-digital-2021-b.jpg);background-attachment: scroll; background-position: top left;  '  data-section-bg-repeat='stretch'><div class='av-section-color-overlay-wrap'><a href='#next-section' title='' class='scroll-down-link '  aria-hidden='true' data-av_icon='\ue877' data-av_iconfont='entypo-fontello'><\/a><div class='container' style='height:467px'><main  role=\"main\" itemprop=\"mainContentOfPage\"  class='template-page content  av-content-small alpha units'><div class='post-entry post-entry-type-page post-entry-1425'><div class='entry-content-wrapper clearfix'>\n<div class=\"flex_column av_one_half  flex_column_div first  avia-builder-el-1  avia-builder-el-no-sibling  \" style='background: rgba(2,2,2,0.01); padding:20px; background-color:rgba(2,2,2,0.01); border-radius:0px; '><div  style='padding-bottom:10px; color:#ffffff;font-size:65px;' class='av-special-heading av-special-heading-h1 custom-color-heading blockquote modern-quote  avia-builder-el-2  avia-builder-el-no-sibling  av-thin-font av-inherit-size '><h1 class='av-special-heading-tag '  itemprop=\"headline\"  ><strong><span style=\"color: #1ad7f2;\">Gesti\u00f3n de clientes con IA asociada<\/span><\/strong> <\/h1><div class ='av-subheading av-subheading_below av_custom_color ' style='font-size:30px;'><p>El principal objetivo de esta categor\u00eda es la dotaci\u00f3n de capacitaciones en inteligencia artificial para optimizar procesos y agilizar las interacciones y relaciones con los clientes.<\/p>\n<\/div><div class='special-heading-border'><div class='special-heading-inner-border' style='border-color:#ffffff'><\/div><\/div><\/div><\/div><\/div><\/div><\/main><!-- close content main element --><\/div><\/div><\/div><div id='after_section_1'  class='main_color av_default_container_wrap container_wrap sidebar_right' style=' '  ><div class='container' ><div class='template-page content  av-content-small alpha units'><div class='post-entry post-entry-type-page post-entry-1425'><div class='entry-content-wrapper clearfix'><div  class='avia-image-container  av-styling- av-hover-grow   avia-builder-el-3  el_after_av_section  el_before_av_hr  avia-builder-el-first  avia-align-center '  itemprop=\"image\" itemscope=\"itemscope\" itemtype=\"https:\/\/schema.org\/ImageObject\"  ><div class='avia-image-container-inner'><div class='avia-image-overlay-wrap'><img decoding=\"async\" class='wp-image-1321 avia-img-lazy-loading-not-1321 avia_image' src=\"https:\/\/www.cds-soft.es\/web\/wp-content\/uploads\/2024\/02\/logo-kit.jpg\" alt='' title='logo-kit' height=\"241\" width=\"2000\"  itemprop=\"thumbnailUrl\" srcset=\"https:\/\/www.cds-soft.es\/web\/wp-content\/uploads\/2024\/02\/logo-kit.jpg 2000w, https:\/\/www.cds-soft.es\/web\/wp-content\/uploads\/2024\/02\/logo-kit-300x36.jpg 300w, https:\/\/www.cds-soft.es\/web\/wp-content\/uploads\/2024\/02\/logo-kit-1030x124.jpg 1030w, https:\/\/www.cds-soft.es\/web\/wp-content\/uploads\/2024\/02\/logo-kit-768x93.jpg 768w, https:\/\/www.cds-soft.es\/web\/wp-content\/uploads\/2024\/02\/logo-kit-1536x185.jpg 1536w, https:\/\/www.cds-soft.es\/web\/wp-content\/uploads\/2024\/02\/logo-kit-1500x181.jpg 1500w, https:\/\/www.cds-soft.es\/web\/wp-content\/uploads\/2024\/02\/logo-kit-705x85.jpg 705w\" sizes=\"(max-width: 2000px) 100vw, 2000px\" \/><\/div><\/div><\/div><\/p>\n<div  style=' margin-top:30px; margin-bottom:30px;'  class='hr hr-custom hr-center hr-icon-no   avia-builder-el-4  el_after_av_image  el_before_av_textblock '><span class='hr-inner  inner-border-av-border-fat' style=' width:50px; border-color:#000000;' ><span class='hr-inner-style'><\/span><\/span><\/div>\n<section class=\"av_textblock_section \"  itemscope=\"itemscope\" itemtype=\"https:\/\/schema.org\/CreativeWork\" ><div class='avia_textblock  '   itemprop=\"text\" ><h1><\/h1>\n<h1 style=\"text-align: center;\"><span style=\"font-size: 14pt;\"><strong>Funcionalidades y servicios<\/strong><\/span><\/h1>\n<\/div><\/section>\n<section class=\"av_textblock_section \"  itemscope=\"itemscope\" itemtype=\"https:\/\/schema.org\/CreativeWork\" ><div class='avia_textblock  '   itemprop=\"text\" ><div>\n<ul>\n<li class=\"paragraph\">\n<p class=\"i4t-wrap-text\"><span style=\"font-size: 14pt;\"><span class=\"i4t-wrap-text\"><strong>Gesti\u00f3n de clientes potenciales (Leads):\u00a0<\/strong><\/span>de forma manual o mediante una importaci\u00f3n por fichero.<\/span><\/p>\n<\/li>\n<li class=\"paragraph\">\n<p class=\"i4t-wrap-text\"><span class=\"i4t-wrap-text\" style=\"font-size: 14pt;\"><strong>Gesti\u00f3n de clientes<\/strong><strong>:<\/strong>\u00a0trazando la\u00a0actividad comercial desde la apertura de la oportunidad hasta la simulaci\u00f3n de productos\/servicios y la contrataci\u00f3n de estos.<\/span><\/p>\n<\/li>\n<li class=\"paragraph\">\n<p class=\"i4t-wrap-text\"><span style=\"font-size: 14pt;\"><strong>Gesti\u00f3n de oportunidades:<\/strong>\u00a0todas las oportunidades de negocio reales.<\/span><\/p>\n<\/li>\n<li class=\"paragraph\">\n<p class=\"i4t-wrap-text\"><span style=\"font-size: 14pt;\"><strong>Acciones o tareas comerciales:\u00a0<\/strong>posibilidad de crear acciones y tareas comerciales (manuales o generadas autom\u00e1ticamente a partir del <em>workflow<\/em> de ventas asignado a la oportunidad).<\/span><\/p>\n<\/li>\n<li class=\"paragraph\">\n<p class=\"i4t-wrap-text\"><span class=\"i4t-wrap-text\" style=\"font-size: 14pt;\"><strong><em>Reporting<\/em>, planificaci\u00f3n y seguimiento comercial:<\/strong> diferentes niveles de agregaci\u00f3n de informaci\u00f3n.<\/span><\/p>\n<\/li>\n<li class=\"paragraph\">\n<p class=\"i4t-wrap-text\"><span class=\"i4t-wrap-text\" style=\"font-size: 14pt;\"><strong>Alertas:<\/strong>\u00a0 podr\u00e1s visualizar alertas de clientes en diferentes tipolog\u00edas de formato gr\u00e1fico.<\/span><\/p>\n<\/li>\n<li class=\"paragraph\">\n<p class=\"i4t-wrap-text\"><span style=\"font-size: 14pt;\"><strong>Gesti\u00f3n documental:<\/strong><em>\u00a0<\/em>contar\u00e1s con un\u00a0software de gesti\u00f3n comercial y documental para tener toda la informaci\u00f3n organizada en un mismo lugar.<\/span><\/p>\n<\/li>\n<li class=\"paragraph\">\n<p class=\"i4t-wrap-text\"><span style=\"font-size: 14pt;\"><span class=\"i4t-wrap-text\"><strong>Integraci\u00f3n de diversas plataformas:<\/strong>\u00a0<\/span>disponibilidad de APIs o Web Services para la consolidaci\u00f3n de la informaci\u00f3n y datos de toda la empresa.<\/span><\/p>\n<\/li>\n<li class=\"paragraph\">\n<p class=\"i4t-wrap-text\"><span style=\"font-size: 14pt;\"><span class=\"i4t-wrap-text\"><strong>Web responsive (m\u00f3vil\/tablet):<\/strong>\u00a0<\/span>las p\u00e1ginas web dise\u00f1adas deben ser funcionales tanto en ordenadores personales como en dispositivos m\u00f3viles.<\/span><\/p>\n<\/li>\n<\/ul>\n<p class=\"i4t-wrap-text\"><span class=\"insuit-u\" style=\"font-size: 14pt;\"><span class=\"red-title i4t-wrap-text\"><strong>Componente IA<\/strong><\/span><\/span><\/p>\n<ul>\n<li>\n<p class=\"i4t-wrap-text\"><span class=\"i4t-wrap-text\" style=\"font-size: 14pt;\"><strong>Lead Scoring predictivo: <\/strong>la herramienta deber\u00e1 hacer uso de la Inteligencia artificial para la evaluaci\u00f3n hist\u00f3rica de los datos de ventas y el comportamiento de los clientes para predecir y destacar las oportunidades m\u00e1s prometedoras.<\/span><\/p>\n<\/li>\n<li>\n<p class=\"i4t-wrap-text\"><span style=\"font-size: 14pt;\"><span class=\"i4t-wrap-text\"><strong>Automatizaci\u00f3n de reuniones y tareas:\u00a0<\/strong><\/span>la herramienta deber\u00e1 automatizar el proceso de programaci\u00f3n de\u00a0citas con clientes as\u00ed como facilitar la coordinaci\u00f3n entre los equipos internos y estos.<\/span><\/p>\n<\/li>\n<li>\n<p class=\"i4t-wrap-text\"><span style=\"font-size: 14pt;\"><span class=\"i4t-wrap-text\"><strong>Automatizaci\u00f3n de \u00ab<em>journeys<\/em> de venta\u00bb:<\/strong>\u00a0<\/span>la inteligencia artificial deber\u00e1 automatizar tareas como la gesti\u00f3n de tareas y oportunidades comerciales; clasificaci\u00f3n de correos electr\u00f3nicos y su respuesta autom\u00e1tica; la actualizaci\u00f3n de registros y la asignaci\u00f3n de tareas a la red comercial.<\/span><\/p>\n<\/li>\n<li>\n<p class=\"i4t-wrap-text\"><span class=\"i4t-wrap-text\" style=\"font-size: 14pt;\"><strong>Integraci\u00f3n con la plataforma de Gesti\u00f3n de Clientes:<\/strong>\u00a0disponibilidad de APIs o Web Services para la consolidaci\u00f3n de la informaci\u00f3n y datos.<\/span><\/p>\n<\/li>\n<li>\n<p class=\"i4t-wrap-text\"><span style=\"font-size: 14pt;\"><span class=\"i4t-wrap-text\"><strong>Datos, privacidad y seguridad: <\/strong>se respetan los compromisos existentes,\u00a0<\/span>incluidos RGPD y los l\u00edmites de datos estipulados en la CE.<\/span><\/p>\n<\/li>\n<li>\n<p class=\"i4t-wrap-text\"><span style=\"font-size: 14pt;\">Los proveedores garantizar\u00e1n que los sistemas de IA\u00a0destinados a interactuar directamente con personas f\u00edsicas se dise\u00f1en de tal manera que estas personas sepan que est\u00e1n interactuando con un sistema de IA.<\/span><\/p>\n<\/li>\n<li>\n<p class=\"i4t-wrap-text\"><span style=\"font-size: 14pt;\">Todos los proveedores deben proporcionar documentaci\u00f3n t\u00e9cnica, instrucciones de uso y cumplir con la\u00a0Directiva de Derechos de Autor.<\/span><\/p>\n<\/li>\n<li>\n<p class=\"i4t-wrap-text\"><span style=\"font-size: 14pt;\"><strong>Capacitaci\u00f3n en fundamentos de IA generativa en el \u00e1mbito de gesti\u00f3n de clientes:\u00a0<\/strong>capacitaciones para preparar a los empleados en torno a las funcionalidades descritas arriba, que contar\u00e1n con:<\/span><\/p>\n<ul>\n<li>\n<p class=\"i4t-wrap-text\"><span class=\"i4t-wrap-text\" style=\"font-size: 14pt;\"><strong>Fundamentos b\u00e1sicos:<\/strong> aproximaci\u00f3n a la normativa vigente y riesgos \u00e9ticos y de seguridad derivados. <\/span><\/p>\n<\/li>\n<li>\n<p class=\"i4t-wrap-text\"><span class=\"i4t-wrap-text\" style=\"font-size: 14pt;\"><strong>Capacitaciones espec\u00edficas en:<\/strong> gesti\u00f3n predictiva de clientes actuales, potenciales (<em>leads<\/em>) y oportunidades, automatizaci\u00f3n de reuniones, tareas \u201c<em>journeys <\/em>de venta\u201d (clasificaci\u00f3n de correos electr\u00f3nicos, respuesta autom\u00e1tica, actualizaci\u00f3n de registros y asignaci\u00f3n de tareas a la red comercial), <em>chatbots<\/em> (FAQs), gesti\u00f3n documental inteligente. <\/span><\/p>\n<\/li>\n<li>\n<p class=\"i4t-wrap-text\"><span class=\"i4t-wrap-text\" style=\"font-size: 14pt;\"><strong>Duraci\u00f3n:<\/strong> las capacitaciones tendr\u00e1n una duraci\u00f3n total de 20h a lo largo de dos meses por cada uno de los usuarios definidos por segmento.<\/span><\/p>\n<\/li>\n<li>\n<p class=\"i4t-wrap-text\"><span class=\"i4t-wrap-text\" style=\"font-size: 14pt;\"><strong>Instructor humano:<\/strong> tanto en modalidad presencial como online, las capacitaciones las impartir\u00e1 un instructor humano a disposici\u00f3n de los usuarios.<\/span><\/p>\n<\/li>\n<li>\n<p class=\"i4t-wrap-text\"><span class=\"i4t-wrap-text\" style=\"font-size: 14pt;\"><strong>Diploma de finalizaci\u00f3n:<\/strong> se otorgar\u00e1 un certificado de capacidades adquiridas en IA en el \u00e1mbito de la gesti\u00f3n de clientes al concluir la formaci\u00f3n.<\/span><\/p>\n<\/li>\n<\/ul>\n<\/li>\n<\/ul>\n<\/div>\n<\/div><\/section>\n<div  style=' margin-top:30px; margin-bottom:30px;'  class='hr hr-custom hr-center hr-icon-no   avia-builder-el-7  el_after_av_textblock  el_before_av_textblock '><span class='hr-inner  inner-border-av-border-fat' style=' width:50px; border-color:#000000;' ><span class='hr-inner-style'><\/span><\/span><\/div>\n<section class=\"av_textblock_section \"  itemscope=\"itemscope\" itemtype=\"https:\/\/schema.org\/CreativeWork\" ><div class='avia_textblock  '   itemprop=\"text\" ><h1><\/h1>\n<h1 style=\"text-align: center;\"><span style=\"font-size: 14pt;\"><strong>Porcentajes de ejecuci\u00f3n asociados a las fases<\/strong><\/span><\/h1>\n<\/div><\/section>\n<section class=\"av_textblock_section \"  itemscope=\"itemscope\" itemtype=\"https:\/\/schema.org\/CreativeWork\" ><div class='avia_textblock  '   itemprop=\"text\" ><ul>\n<li class=\"paragraph\">\n<p class=\"i4t-wrap-text\"><span style=\"font-size: 14pt;\">Primera: 70 %<\/span><\/p>\n<\/li>\n<li class=\"paragraph\">\n<p class=\"i4t-wrap-text\"><span style=\"font-size: 14pt;\">Segunda: 30 %<\/span><\/p>\n<\/li>\n<\/ul>\n<\/div><\/section>\n<div  style=' margin-top:0px; margin-bottom:70px;'  class='hr hr-custom hr-center hr-icon-no   avia-builder-el-10  el_after_av_textblock  el_before_av_textblock '><span class='hr-inner  inner-border-av-border-fat' style=' width:50px; border-color:#000000;' ><span class='hr-inner-style'><\/span><\/span><\/div>\n<section class=\"av_textblock_section \"  itemscope=\"itemscope\" itemtype=\"https:\/\/schema.org\/CreativeWork\" ><div class='avia_textblock  '   itemprop=\"text\" ><h1><\/h1>\n<h1 style=\"text-align: center;\"><span style=\"font-size: 36pt;\"><strong>Importe de la <span style=\"color: #1ad7f2;\">ayuda<\/span><\/strong><\/span><\/h1>\n<\/div><\/section>\n<div class=\"flex_column av_one_half  flex_column_div first  avia-builder-el-12  el_after_av_textblock  el_before_av_one_half  column-top-margin\" style='background: rgba(2,2,2,0.01); padding:20px; background-color:rgba(2,2,2,0.01); border-radius:0px; '><div   class='av_promobox  avia-button-no   avia-builder-el-13  avia-builder-el-no-sibling '>\t\t<div class='avia-promocontent'><\/p>\n<p style=\"text-align: center;\"><span style=\"font-size: 14pt;\"><strong><span style=\"color: #1ad7f2;\"><span class=\"i4t-wrap-text\">50* \u2264 X &lt; 100<\/span> <\/span><\/strong><\/span><span style=\"font-size: 14pt;\"><strong><span style=\"color: #1ad7f2;\">empleados<\/span><\/strong><\/span><\/p>\n<p style=\"text-align: center;\"><span style=\"font-size: 14pt;\">18.000\u20ac<br \/>\n(incluye 10 usuarios y m\u00ednimo capacitaci\u00f3n a 3 de ellos en IA asociada)<\/span><\/p>\n<p>\n<\/div><\/div><\/div><div class=\"flex_column av_one_half  flex_column_div   avia-builder-el-14  el_after_av_one_half  el_before_av_textblock  column-top-margin\" style='background: rgba(2,2,2,0.01); padding:20px; background-color:rgba(2,2,2,0.01); border-radius:0px; '><div   class='av_promobox  avia-button-no   avia-builder-el-15  avia-builder-el-no-sibling '>\t\t<div class='avia-promocontent'><\/p>\n<p style=\"text-align: center;\"><span style=\"font-size: 14pt;\"><strong><span style=\"color: #1ad7f2;\">100 \u2264 X &lt; 250 <\/span><\/strong><\/span><span style=\"font-size: 14pt;\"><strong><span style=\"color: #1ad7f2;\">empleados<\/span><\/strong><\/span><\/p>\n<p style=\"text-align: center;\"><span style=\"font-size: 14pt;\">24.000\u20ac<br \/>\n(incluye 15 usuarios y m\u00ednimo capacitaci\u00f3n a 5 de ellos en IA asociada)<\/span><\/p>\n<p>\n<\/div><\/div><\/div><section class=\"av_textblock_section \"  itemscope=\"itemscope\" itemtype=\"https:\/\/schema.org\/CreativeWork\" ><div class='avia_textblock  '   itemprop=\"text\" ><p><span style=\"font-size: 14pt;\">* En el segmento IV se incluyen las empresas menos de 50 empleados que tengan consideraci\u00f3n de mediana empresa al superar el volumen de negocios anual y balance general anual de 10 millones de euros<\/span><\/p>\n<\/div><\/section><\/p>\n<div  style=' margin-top:0px; margin-bottom:70px;'  class='hr hr-custom hr-center hr-icon-no   avia-builder-el-17  el_after_av_textblock  el_before_av_textblock '><span class='hr-inner  inner-border-av-border-fat' style=' width:50px; border-color:#000000;' ><span class='hr-inner-style'><\/span><\/span><\/div>\n<section class=\"av_textblock_section \"  itemscope=\"itemscope\" itemtype=\"https:\/\/schema.org\/CreativeWork\" ><div class='avia_textblock  '   itemprop=\"text\" ><h1 style=\"text-align: center;\"><span style=\"font-size: 36pt;\"><strong><span style=\"color: #000;\">Contacta <\/span>con nosotros<br \/>\n<\/strong><\/span><\/h1>\n<\/div><\/section>\n<section class=\"av_textblock_section \"  itemscope=\"itemscope\" itemtype=\"https:\/\/schema.org\/CreativeWork\" ><div class='avia_textblock  '   itemprop=\"text\" >\n<div class=\"wpcf7 no-js\" id=\"wpcf7-f751-o1\" lang=\"es-ES\" dir=\"ltr\">\n<div class=\"screen-reader-response\"><p role=\"status\" aria-live=\"polite\" aria-atomic=\"true\"><\/p> <ul><\/ul><\/div>\n<form action=\"\/web\/wp-json\/wp\/v2\/pages\/1425#wpcf7-f751-o1\" method=\"post\" class=\"wpcf7-form init\" aria-label=\"Formulario de contacto\" novalidate=\"novalidate\" data-status=\"init\">\n<div style=\"display: none;\">\n<input type=\"hidden\" name=\"_wpcf7\" value=\"751\" \/>\n<input type=\"hidden\" name=\"_wpcf7_version\" value=\"5.9.6\" \/>\n<input type=\"hidden\" name=\"_wpcf7_locale\" value=\"es_ES\" \/>\n<input type=\"hidden\" name=\"_wpcf7_unit_tag\" value=\"wpcf7-f751-o1\" \/>\n<input type=\"hidden\" name=\"_wpcf7_container_post\" value=\"0\" \/>\n<input type=\"hidden\" name=\"_wpcf7_posted_data_hash\" value=\"\" \/>\n<input type=\"hidden\" name=\"_wpcf7_recaptcha_response\" value=\"\" \/>\n<\/div>\n<p><label> Tu nombre<br \/>\n<span class=\"wpcf7-form-control-wrap\" data-name=\"your-name\"><input size=\"40\" maxlength=\"80\" class=\"wpcf7-form-control wpcf7-text wpcf7-validates-as-required\" aria-required=\"true\" aria-invalid=\"false\" value=\"\" type=\"text\" name=\"your-name\" \/><\/span> <\/label>\n<\/p>\n<p><label> Tu correo electr\u00f3nico<br \/>\n<span class=\"wpcf7-form-control-wrap\" data-name=\"your-email\"><input size=\"40\" maxlength=\"80\" class=\"wpcf7-form-control wpcf7-email wpcf7-validates-as-required wpcf7-text wpcf7-validates-as-email\" aria-required=\"true\" aria-invalid=\"false\" value=\"\" type=\"email\" name=\"your-email\" \/><\/span> <\/label>\n<\/p>\n<p><label> Asunto<br \/>\n<span class=\"wpcf7-form-control-wrap\" data-name=\"your-subject\"><input size=\"40\" maxlength=\"80\" class=\"wpcf7-form-control wpcf7-text wpcf7-validates-as-required\" aria-required=\"true\" aria-invalid=\"false\" value=\"\" type=\"text\" name=\"your-subject\" \/><\/span> <\/label>\n<\/p>\n<p><label> Tu mensaje (opcional)<br \/>\n<span class=\"wpcf7-form-control-wrap\" data-name=\"your-message\"><textarea cols=\"40\" rows=\"10\" maxlength=\"400\" class=\"wpcf7-form-control wpcf7-textarea\" aria-invalid=\"false\" name=\"your-message\"><\/textarea><\/span> <\/label>\n<\/p>\n<p><input class=\"wpcf7-form-control wpcf7-submit has-spinner\" type=\"submit\" value=\"Enviar\" \/>\n<\/p>\n<p><span class=\"wpcf7-form-control-wrap\" data-name=\"acceptance-30\"><span class=\"wpcf7-form-control wpcf7-acceptance\"><span class=\"wpcf7-list-item\"><input type=\"checkbox\" name=\"acceptance-30\" value=\"1\" aria-invalid=\"false\" \/><\/span><\/span><\/span> He le\u00eddo y acepto la <a href=\"https:\/\/www.cds-soft.es\/web\/politica-de-privacidad-y-proteccion-de-datos\/\">Pol\u00edtica de Privacidad<\/a><br \/>\n<span class=\"wpcf7-form-control-wrap\" data-name=\"acceptance-140\"><span class=\"wpcf7-form-control wpcf7-acceptance optional\"><span class=\"wpcf7-list-item\"><input type=\"checkbox\" name=\"acceptance-140\" value=\"1\" aria-invalid=\"false\" \/><\/span><\/span><\/span> Acepto recibir la informaci\u00f3n comercial que CDS SOFT considere oportuno enviarme por correo electr\u00f3nico. (Es posible darse de baja en cualquier momento)<br \/>\n<b>Protecci\u00f3n de datos<\/b><br \/>\nEl responsable del tratamiento es CDS SOFT. La finalidad de la recogida de datos es la de poder atender sus cuestiones, sin ceder sus datos a terceros. Tiene derecho a saber qu\u00e9 informaci\u00f3n tenemos sobre usted, corregirla o eliminarla tal y como se explica en nuestra <a href=\"https:\/\/www.cds-soft.es\/web\/politica-de-privacidad-y-proteccion-de-datos\/\">Pol\u00edtica de Privacidad<\/a>.\n<\/p><p style=\"display: none !important;\" class=\"akismet-fields-container\" data-prefix=\"_wpcf7_ak_\"><label>&#916;<textarea name=\"_wpcf7_ak_hp_textarea\" cols=\"45\" rows=\"8\" maxlength=\"100\"><\/textarea><\/label><input type=\"hidden\" id=\"ak_js_1\" name=\"_wpcf7_ak_js\" value=\"109\"\/><script>document.getElementById( \"ak_js_1\" ).setAttribute( \"value\", ( new Date() ).getTime() );<\/script><\/p><div class=\"wpcf7-response-output\" aria-hidden=\"true\"><\/div>\n<\/form>\n<\/div>\n\n<\/div><\/section>\n<div  style=' margin-top:0px; margin-bottom:70px;'  class='hr hr-custom hr-center hr-icon-no   avia-builder-el-20  el_after_av_textblock  avia-builder-el-last '><span class='hr-inner  inner-border-av-border-fat' style=' width:50px; border-color:#000000;' ><span class='hr-inner-style'><\/span><\/span><\/div>\n","protected":false},"excerpt":{"rendered":"","protected":false},"author":1,"featured_media":0,"parent":886,"menu_order":0,"comment_status":"open","ping_status":"open","template":"","meta":{"footnotes":""},"class_list":["post-1425","page","type-page","status-publish","hentry"],"_links":{"self":[{"href":"https:\/\/www.cds-soft.es\/web\/wp-json\/wp\/v2\/pages\/1425","targetHints":{"allow":["GET"]}}],"collection":[{"href":"https:\/\/www.cds-soft.es\/web\/wp-json\/wp\/v2\/pages"}],"about":[{"href":"https:\/\/www.cds-soft.es\/web\/wp-json\/wp\/v2\/types\/page"}],"author":[{"embeddable":true,"href":"https:\/\/www.cds-soft.es\/web\/wp-json\/wp\/v2\/users\/1"}],"replies":[{"embeddable":true,"href":"https:\/\/www.cds-soft.es\/web\/wp-json\/wp\/v2\/comments?post=1425"}],"version-history":[{"count":2,"href":"https:\/\/www.cds-soft.es\/web\/wp-json\/wp\/v2\/pages\/1425\/revisions"}],"predecessor-version":[{"id":1427,"href":"https:\/\/www.cds-soft.es\/web\/wp-json\/wp\/v2\/pages\/1425\/revisions\/1427"}],"up":[{"embeddable":true,"href":"https:\/\/www.cds-soft.es\/web\/wp-json\/wp\/v2\/pages\/886"}],"wp:attachment":[{"href":"https:\/\/www.cds-soft.es\/web\/wp-json\/wp\/v2\/media?parent=1425"}],"curies":[{"name":"wp","href":"https:\/\/api.w.org\/{rel}","templated":true}]}}