{"id":1474,"date":"2024-10-07T13:26:21","date_gmt":"2024-10-07T13:26:21","guid":{"rendered":"https:\/\/www.cds-soft.es\/web\/?page_id=1474"},"modified":"2024-10-07T13:50:32","modified_gmt":"2024-10-07T13:50:32","slug":"servicio-de-asesoramiento-en-inteligencia-artificial","status":"publish","type":"page","link":"https:\/\/www.cds-soft.es\/web\/kit-consulting\/servicio-de-asesoramiento-en-inteligencia-artificial\/","title":{"rendered":"Servicio de Asesoramiento en Inteligencia Artificial"},"content":{"rendered":"<div id='av_section_1'  class='avia-section main_color avia-section-default avia-no-border-styling  avia-full-stretch avia-bg-style-scroll  avia-builder-el-0  el_before_av_image  avia-builder-el-first   av-minimum-height av-minimum-height-custom  container_wrap sidebar_right' style='background-repeat: no-repeat; background-image: url(https:\/\/www.cds-soft.es\/web\/wp-content\/uploads\/2024\/10\/kit-consuilting-2024.jpg);background-attachment: scroll; background-position: top left;  '  data-section-bg-repeat='stretch'><div class='av-section-color-overlay-wrap'><a href='#next-section' title='' class='scroll-down-link '  aria-hidden='true' data-av_icon='\ue877' data-av_iconfont='entypo-fontello'><\/a><div class='container' style='height:467px'><main  role=\"main\" itemprop=\"mainContentOfPage\"  class='template-page content  av-content-small alpha units'><div class='post-entry post-entry-type-page post-entry-1474'><div class='entry-content-wrapper clearfix'>\n<div class=\"flex_column av_one_half  flex_column_div first  avia-builder-el-1  avia-builder-el-no-sibling  \" style='background: rgba(2,2,2,0.01); padding:20px; background-color:rgba(2,2,2,0.01); border-radius:0px; '><div  style='padding-bottom:10px; color:#ffffff;font-size:65px;' class='av-special-heading av-special-heading-h1 custom-color-heading blockquote modern-quote  avia-builder-el-2  avia-builder-el-no-sibling  av-thin-font av-inherit-size '><h1 class='av-special-heading-tag '  itemprop=\"headline\"  ><strong><span style=\"color: #1ad7f2;\">Servicio de Asesoramiento en Inteligencia Artificial<\/span><\/strong> <\/h1><div class='special-heading-border'><div class='special-heading-inner-border' style='border-color:#ffffff'><\/div><\/div><\/div><\/div>\n<\/div><\/div><\/main><!-- close content main element --><\/div><\/div><\/div><div id='after_section_1'  class='main_color av_default_container_wrap container_wrap sidebar_right' style=' '  ><div class='container' ><div class='template-page content  av-content-small alpha units'><div class='post-entry post-entry-type-page post-entry-1474'><div class='entry-content-wrapper clearfix'>\n<div  class='avia-image-container  av-styling- av-hover-grow   avia-builder-el-3  el_after_av_section  el_before_av_hr  avia-builder-el-first  avia-align-center '  itemprop=\"image\" itemscope=\"itemscope\" itemtype=\"https:\/\/schema.org\/ImageObject\"  ><div class='avia-image-container-inner'><div class='avia-image-overlay-wrap'><img decoding=\"async\" class='wp-image-1321 avia-img-lazy-loading-not-1321 avia_image' src=\"https:\/\/www.cds-soft.es\/web\/wp-content\/uploads\/2024\/02\/logo-kit.jpg\" alt='' title='logo-kit' height=\"241\" width=\"2000\"  itemprop=\"thumbnailUrl\" srcset=\"https:\/\/www.cds-soft.es\/web\/wp-content\/uploads\/2024\/02\/logo-kit.jpg 2000w, https:\/\/www.cds-soft.es\/web\/wp-content\/uploads\/2024\/02\/logo-kit-300x36.jpg 300w, https:\/\/www.cds-soft.es\/web\/wp-content\/uploads\/2024\/02\/logo-kit-1030x124.jpg 1030w, https:\/\/www.cds-soft.es\/web\/wp-content\/uploads\/2024\/02\/logo-kit-768x93.jpg 768w, https:\/\/www.cds-soft.es\/web\/wp-content\/uploads\/2024\/02\/logo-kit-1536x185.jpg 1536w, https:\/\/www.cds-soft.es\/web\/wp-content\/uploads\/2024\/02\/logo-kit-1500x181.jpg 1500w, https:\/\/www.cds-soft.es\/web\/wp-content\/uploads\/2024\/02\/logo-kit-705x85.jpg 705w\" sizes=\"(max-width: 2000px) 100vw, 2000px\" \/><\/div><\/div><\/div>\n<div  style=' margin-top:30px; margin-bottom:30px;'  class='hr hr-custom hr-center hr-icon-no   avia-builder-el-4  el_after_av_image  el_before_av_textblock '><span class='hr-inner  inner-border-av-border-fat' style=' width:50px; border-color:#000000;' ><span class='hr-inner-style'><\/span><\/span><\/div>\n<section class=\"av_textblock_section \"  itemscope=\"itemscope\" itemtype=\"https:\/\/schema.org\/CreativeWork\" ><div class='avia_textblock  '   itemprop=\"text\" ><h1><\/h1>\n<h1 style=\"text-align: center;\"><span style=\"font-size: 14pt;\"><strong>Objetivo<\/strong><\/span><\/h1>\n<\/div><\/section>\n<section class=\"av_textblock_section \"  itemscope=\"itemscope\" itemtype=\"https:\/\/schema.org\/CreativeWork\" ><div class='avia_textblock  '   itemprop=\"text\" ><p><span style=\"font-size: 14pt;\">Plan enfocado a PYMEs que no cuentan con un plan de inteligencia <\/span><span style=\"font-size: 14pt;\">artificial (IA), estableciendo la inversi\u00f3n requerida y las medidas necesarias para su<\/span> <span style=\"font-size: 14pt;\">adopci\u00f3n, centrando el asesoramiento a la pyme en torno al uso y aplicaci\u00f3n de t\u00e9cnicas <\/span><span style=\"font-size: 14pt;\">de IA tales como el aprendizaje autom\u00e1tico, procesamiento y transcripci\u00f3n autom\u00e1tica de<\/span> <span style=\"font-size: 14pt;\">textos o sistemas expertos, y realizaci\u00f3n de un caso de uso adaptado al negocio <\/span><span style=\"font-size: 14pt;\">relacionado con la aplicaci\u00f3n de t\u00e9cnicas de inteligencia artificial.<\/span><\/p>\n<\/div><\/section>\n<div  style=' margin-top:30px; margin-bottom:30px;'  class='hr hr-custom hr-center hr-icon-no   avia-builder-el-7  el_after_av_textblock  el_before_av_textblock '><span class='hr-inner  inner-border-av-border-fat' style=' width:50px; border-color:#000000;' ><span class='hr-inner-style'><\/span><\/span><\/div>\n<section class=\"av_textblock_section \"  itemscope=\"itemscope\" itemtype=\"https:\/\/schema.org\/CreativeWork\" ><div class='avia_textblock  '   itemprop=\"text\" ><h1><\/h1>\n<h1 style=\"text-align: center;\"><span style=\"font-size: 14pt;\"><strong>Tipolog\u00eda de asesoramiento<br \/>\n<\/strong><\/span><\/h1>\n<\/div><\/section>\n<section class=\"av_textblock_section \"  itemscope=\"itemscope\" itemtype=\"https:\/\/schema.org\/CreativeWork\" ><div class='avia_textblock  '   itemprop=\"text\" ><p><span style=\"font-size: 14pt;\">B\u00e1sico.<\/span><\/p>\n<\/div><\/section>\n<div  style=' margin-top:30px; margin-bottom:30px;'  class='hr hr-custom hr-center hr-icon-no   avia-builder-el-10  el_after_av_textblock  el_before_av_textblock '><span class='hr-inner  inner-border-av-border-fat' style=' width:50px; border-color:#000000;' ><span class='hr-inner-style'><\/span><\/span><\/div>\n<section class=\"av_textblock_section \"  itemscope=\"itemscope\" itemtype=\"https:\/\/schema.org\/CreativeWork\" ><div class='avia_textblock  '   itemprop=\"text\" ><h1><\/h1>\n<h1 style=\"text-align: center;\"><span style=\"font-size: 36pt;\"><strong>Importe de la <span style=\"color: #1ad7f2;\">ayuda<\/span><\/strong><\/span><\/h1>\n<\/div><\/section>\n<div class=\"flex_column av_one_third  flex_column_div first  avia-builder-el-12  el_after_av_textblock  el_before_av_one_third  column-top-margin\" style='background: rgba(2,2,2,0.01); padding:20px; background-color:rgba(2,2,2,0.01); border-radius:0px; '><div   class='av_promobox  avia-button-no   avia-builder-el-13  avia-builder-el-no-sibling '>\t\t<div class='avia-promocontent'><\/p>\n<p style=\"text-align: center;\"><span style=\"font-size: 14pt;\"><strong><span style=\"color: #1ad7f2;\"> Segmento A<br \/>\n10 &lt; 50 empleados<\/span><\/strong><\/span><\/p>\n<p style=\"text-align: center;\"><span style=\"font-size: 14pt;\">6.000 euros<br \/>\n<\/span><\/p>\n<p>\n<\/div><\/div><\/div>\n<div class=\"flex_column av_one_third  flex_column_div   avia-builder-el-14  el_after_av_one_third  el_before_av_one_third  column-top-margin\" style='background: rgba(2,2,2,0.01); padding:20px; background-color:rgba(2,2,2,0.01); border-radius:0px; '><div   class='av_promobox  avia-button-no   avia-builder-el-15  avia-builder-el-no-sibling '>\t\t<div class='avia-promocontent'><\/p>\n<p style=\"text-align: center;\"><span style=\"font-size: 14pt;\"><strong><span style=\"color: #1ad7f2;\"> Segmento B<br \/>\n50 &lt; 100 empleados<\/span><\/strong><\/span><\/p>\n<p style=\"text-align: center;\"><span style=\"font-size: 14pt;\">6.000 euros<br \/>\n<\/span><\/p>\n<p>\n<\/div><\/div><\/div>\n<div class=\"flex_column av_one_third  flex_column_div   avia-builder-el-16  el_after_av_one_third  el_before_av_hr  column-top-margin\" style='background: rgba(2,2,2,0.01); padding:20px; background-color:rgba(2,2,2,0.01); border-radius:0px; '><div   class='av_promobox  avia-button-no   avia-builder-el-17  avia-builder-el-no-sibling '>\t\t<div class='avia-promocontent'><\/p>\n<p style=\"text-align: center;\"><span style=\"font-size: 14pt;\"><strong><span style=\"color: #1ad7f2;\"> Segmento C<br \/>\n100 &lt; 250 empleados<\/span><\/strong><\/span><\/p>\n<p style=\"text-align: center;\"><span style=\"font-size: 14pt;\">6.000 euros<br \/>\n<\/span><\/p>\n<p>\n<\/div><\/div><\/div>\n<div  style=' margin-top:30px; margin-bottom:30px;'  class='hr hr-custom hr-center hr-icon-no   avia-builder-el-18  el_after_av_one_third  el_before_av_textblock '><span class='hr-inner  inner-border-av-border-fat' style=' width:50px; border-color:#000000;' ><span class='hr-inner-style'><\/span><\/span><\/div>\n<section class=\"av_textblock_section \"  itemscope=\"itemscope\" itemtype=\"https:\/\/schema.org\/CreativeWork\" ><div class='avia_textblock  '   itemprop=\"text\" ><h1 style=\"text-align: center;\"><span style=\"font-size: 36pt;\"><strong>Actividades<br \/>\n<\/strong><\/span><\/h1>\n<\/div><\/section>\n<section class=\"av_textblock_section \"  itemscope=\"itemscope\" itemtype=\"https:\/\/schema.org\/CreativeWork\" ><div class='avia_textblock  '   itemprop=\"text\" ><p><span style=\"font-size: 14pt;\">\u2013 Identificaci\u00f3n de data sets relevantes para la implementaci\u00f3n de algoritmos de IA, <\/span><span style=\"font-size: 14pt;\">con miras a mejorar la comprensi\u00f3n de la informaci\u00f3n a trav\u00e9s de estas t\u00e9cnicas<\/span> <span style=\"font-size: 14pt;\">avanzadas.<\/span><br \/>\n<span style=\"font-size: 14pt;\">\u2013 Asesor\u00eda para la creaci\u00f3n de protocolos de gobernanza de datos con normativas <\/span><span style=\"font-size: 14pt;\">de IA, garantizando la validez y la veracidad de los mismos cuando aplique la IA.<\/span><br \/>\n<span style=\"font-size: 14pt;\">\u2013 An\u00e1lisis de herramientas de IA para la gesti\u00f3n de datos, realizando<\/span> <span style=\"font-size: 14pt;\">recomendaciones basadas en la realidad de la empresa y su capacidad de inversi\u00f3n.<\/span><br \/>\n<span style=\"font-size: 14pt;\">\u2013 Orientaci\u00f3n sobre c\u00f3mo las t\u00e9cnicas de IA pueden derivar informaci\u00f3n valiosa a <\/span><span style=\"font-size: 14pt;\">partir de los datos existentes para impulsar la toma de decisiones estrat\u00e9gicas.<\/span><br \/>\n<span style=\"font-size: 14pt;\">\u2013 Capacitaci\u00f3n en el uso estrat\u00e9gico de las t\u00e9cnicas de IA en el manejo de datos.<\/span><br \/>\n<span style=\"font-size: 14pt;\">\u2013 Desarrollo y ejecuci\u00f3n de un caso de uso adaptado al negocio, relacionado con la <\/span><span style=\"font-size: 14pt;\">aplicaci\u00f3n de la inteligencia artificial.<\/span><\/p>\n<p><span style=\"font-size: 14pt;\">Documentaci\u00f3n t\u00e9cnica y resultados requeridos para la justificaci\u00f3n, conforme al<\/span> <span style=\"font-size: 14pt;\">art\u00edculo 31.6.a) de esta Orden:<\/span><\/p>\n<p><span style=\"font-size: 14pt;\">\u2013 Evidencias de la celebraci\u00f3n de la reuni\u00f3n presencial de inicio de la prestaci\u00f3n del <\/span><span style=\"font-size: 14pt;\">servicio de asesoramiento, que se determinar\u00e1n en cada convocatoria.<\/span><br \/>\n<span style=\"font-size: 14pt;\">\u2013 Evidencias de celebraciones de reuniones intermedias, que se determinar\u00e1n en<\/span> <span style=\"font-size: 14pt;\">cada convocatoria.<\/span><br \/>\n<span style=\"font-size: 14pt;\">\u2013 Evidencias de la celebraci\u00f3n de la reuni\u00f3n presencial final tras la prestaci\u00f3n del <\/span><span style=\"font-size: 14pt;\">servicio de asesoramiento, que incluya los resultados obtenidos y la conformidad del<\/span> <span style=\"font-size: 14pt;\">beneficiario al servicio prestado, que se determinar\u00e1n en cada convocatoria.<\/span><br \/>\n<span style=\"font-size: 14pt;\">\u2013 Diagn\u00f3stico inicial.<\/span><\/p>\n<p><span style=\"font-size: 14pt;\">\u25cf Diagn\u00f3stico inicial o situaci\u00f3n actual de la empresa beneficiaria en cuanto al uso e <\/span><span style=\"font-size: 14pt;\">implementaci\u00f3n de la inteligencia artificial en sus operaciones.<\/span><br \/>\n<span style=\"font-size: 14pt;\">\u25cf Evaluaci\u00f3n exhaustiva de las necesidades y capacidades actuales de la empresa <\/span><span style=\"font-size: 14pt;\">en relaci\u00f3n con la inteligencia artificial, identificando:<\/span><\/p>\n<p><span style=\"font-size: 14pt;\">\u25cb \u00c1reas de oportunidad.<\/span><br \/>\n<span style=\"font-size: 14pt;\">\u25cb Desaf\u00edos espec\u00edficos.<\/span><\/p>\n<p><span style=\"font-size: 14pt;\">\u2013 Resultados:<\/span><\/p>\n<p><span style=\"font-size: 14pt;\">\u25cf Definici\u00f3n de la estrategia de inteligencia artificial en la empresa, alineada con los <\/span><span style=\"font-size: 14pt;\">objetivos comerciales y las capacidades t\u00e9cnicas disponibles.<\/span><br \/>\n<span style=\"font-size: 14pt;\">\u25cf Recomendaciones de tecnolog\u00edas y herramientas de inteligencia artificial<\/span> <span style=\"font-size: 14pt;\">adecuadas para las necesidades espec\u00edficas de la empresa, incluyendo sistemas de<\/span> <span style=\"font-size: 14pt;\">aprendizaje autom\u00e1tico, procesamiento de lenguaje natural, visi\u00f3n por computadora, <\/span><span style=\"font-size: 14pt;\">entre otras.<\/span><br \/>\n<span style=\"font-size: 14pt;\">\u25cf Asesoramiento en soluciones de inteligencia artificial, incluyendo:<\/span><\/p>\n<p><span style=\"font-size: 14pt;\">\u25cb Apoyo en la integraci\u00f3n de la IA con sistemas existentes.<\/span><br \/>\n<span style=\"font-size: 14pt;\">\u25cb Configuraci\u00f3n de infraestructura de datos para aplicaci\u00f3n de t\u00e9cnicas de IA.<\/span><br \/>\n<span style=\"font-size: 14pt;\">\u25cb Capacitaci\u00f3n del personal en tecnolog\u00edas IA.<\/span><\/p>\n<p><span style=\"font-size: 14pt;\">\u2013 Caso de uso: Implementaci\u00f3n de Inteligencia Artificial para Mejorar la Eficiencia <\/span><span style=\"font-size: 14pt;\">Operativa.<\/span><\/p>\n<p><span style=\"font-size: 14pt;\">\u25cf Recopilaci\u00f3n de datos relevantes de las operaciones empresariales, incluyendo <\/span><span style=\"font-size: 14pt;\">registros de transacciones, datos de inventario, informaci\u00f3n de clientes, entre otros.<\/span><br \/>\n<span style=\"font-size: 14pt;\">\u25cf Desarrollo de un plan de automatizaci\u00f3n y estudio de herramientas RPA <\/span><span style=\"font-size: 14pt;\">(Automatizaci\u00f3n Rob\u00f3tica de Procesos).<\/span><br \/>\n<span style=\"font-size: 14pt;\">\u25cf An\u00e1lisis predictivo, mediante el uso de t\u00e9cnicas de aprendizaje autom\u00e1tico, para <\/span><span style=\"font-size: 14pt;\">analizar los datos hist\u00f3ricos y predecir patrones futuros (demanda de productos,<\/span> <span style=\"font-size: 14pt;\">comportamiento del cliente, tendencias del mercado, etc.).<\/span><\/p>\n<\/div><\/section>\n<div  style=' margin-top:0px; margin-bottom:70px;'  class='hr hr-custom hr-center hr-icon-no   avia-builder-el-21  el_after_av_textblock  el_before_av_textblock '><span class='hr-inner  inner-border-av-border-fat' style=' width:50px; border-color:#000000;' ><span class='hr-inner-style'><\/span><\/span><\/div>\n<section class=\"av_textblock_section \"  itemscope=\"itemscope\" itemtype=\"https:\/\/schema.org\/CreativeWork\" ><div class='avia_textblock  '   itemprop=\"text\" ><h1 style=\"text-align: center;\"><span style=\"font-size: 36pt;\"><strong><span style=\"color: #000;\">Contacta <\/span>con nosotros<br \/>\n<\/strong><\/span><\/h1>\n<\/div><\/section>\n<section class=\"av_textblock_section \"  itemscope=\"itemscope\" itemtype=\"https:\/\/schema.org\/CreativeWork\" ><div class='avia_textblock  '   itemprop=\"text\" >\n<div class=\"wpcf7 no-js\" id=\"wpcf7-f751-o1\" lang=\"es-ES\" dir=\"ltr\">\n<div class=\"screen-reader-response\"><p role=\"status\" aria-live=\"polite\" aria-atomic=\"true\"><\/p> <ul><\/ul><\/div>\n<form action=\"\/web\/wp-json\/wp\/v2\/pages\/1474#wpcf7-f751-o1\" method=\"post\" class=\"wpcf7-form init\" aria-label=\"Formulario de contacto\" novalidate=\"novalidate\" data-status=\"init\">\n<div style=\"display: none;\">\n<input type=\"hidden\" name=\"_wpcf7\" value=\"751\" \/>\n<input type=\"hidden\" name=\"_wpcf7_version\" value=\"5.9.6\" \/>\n<input type=\"hidden\" name=\"_wpcf7_locale\" value=\"es_ES\" \/>\n<input type=\"hidden\" name=\"_wpcf7_unit_tag\" value=\"wpcf7-f751-o1\" \/>\n<input type=\"hidden\" name=\"_wpcf7_container_post\" value=\"0\" \/>\n<input type=\"hidden\" name=\"_wpcf7_posted_data_hash\" value=\"\" \/>\n<input type=\"hidden\" name=\"_wpcf7_recaptcha_response\" value=\"\" \/>\n<\/div>\n<p><label> Tu nombre<br \/>\n<span class=\"wpcf7-form-control-wrap\" data-name=\"your-name\"><input size=\"40\" maxlength=\"80\" class=\"wpcf7-form-control wpcf7-text wpcf7-validates-as-required\" aria-required=\"true\" aria-invalid=\"false\" value=\"\" type=\"text\" name=\"your-name\" \/><\/span> <\/label>\n<\/p>\n<p><label> Tu correo electr\u00f3nico<br \/>\n<span class=\"wpcf7-form-control-wrap\" data-name=\"your-email\"><input size=\"40\" maxlength=\"80\" class=\"wpcf7-form-control wpcf7-email wpcf7-validates-as-required wpcf7-text wpcf7-validates-as-email\" aria-required=\"true\" aria-invalid=\"false\" value=\"\" type=\"email\" name=\"your-email\" \/><\/span> <\/label>\n<\/p>\n<p><label> Asunto<br \/>\n<span class=\"wpcf7-form-control-wrap\" data-name=\"your-subject\"><input size=\"40\" maxlength=\"80\" class=\"wpcf7-form-control wpcf7-text wpcf7-validates-as-required\" aria-required=\"true\" aria-invalid=\"false\" value=\"\" type=\"text\" name=\"your-subject\" \/><\/span> <\/label>\n<\/p>\n<p><label> Tu mensaje (opcional)<br \/>\n<span class=\"wpcf7-form-control-wrap\" data-name=\"your-message\"><textarea cols=\"40\" rows=\"10\" maxlength=\"400\" class=\"wpcf7-form-control wpcf7-textarea\" aria-invalid=\"false\" name=\"your-message\"><\/textarea><\/span> <\/label>\n<\/p>\n<p><input class=\"wpcf7-form-control wpcf7-submit has-spinner\" type=\"submit\" value=\"Enviar\" \/>\n<\/p>\n<p><span class=\"wpcf7-form-control-wrap\" data-name=\"acceptance-30\"><span class=\"wpcf7-form-control wpcf7-acceptance\"><span class=\"wpcf7-list-item\"><input type=\"checkbox\" name=\"acceptance-30\" value=\"1\" aria-invalid=\"false\" \/><\/span><\/span><\/span> He le\u00eddo y acepto la <a href=\"https:\/\/www.cds-soft.es\/web\/politica-de-privacidad-y-proteccion-de-datos\/\">Pol\u00edtica de Privacidad<\/a><br \/>\n<span class=\"wpcf7-form-control-wrap\" data-name=\"acceptance-140\"><span class=\"wpcf7-form-control wpcf7-acceptance optional\"><span class=\"wpcf7-list-item\"><input type=\"checkbox\" name=\"acceptance-140\" value=\"1\" aria-invalid=\"false\" \/><\/span><\/span><\/span> Acepto recibir la informaci\u00f3n comercial que CDS SOFT considere oportuno enviarme por correo electr\u00f3nico. (Es posible darse de baja en cualquier momento)<br \/>\n<b>Protecci\u00f3n de datos<\/b><br \/>\nEl responsable del tratamiento es CDS SOFT. La finalidad de la recogida de datos es la de poder atender sus cuestiones, sin ceder sus datos a terceros. Tiene derecho a saber qu\u00e9 informaci\u00f3n tenemos sobre usted, corregirla o eliminarla tal y como se explica en nuestra <a href=\"https:\/\/www.cds-soft.es\/web\/politica-de-privacidad-y-proteccion-de-datos\/\">Pol\u00edtica de Privacidad<\/a>.\n<\/p><p style=\"display: none !important;\" class=\"akismet-fields-container\" data-prefix=\"_wpcf7_ak_\"><label>&#916;<textarea name=\"_wpcf7_ak_hp_textarea\" cols=\"45\" rows=\"8\" maxlength=\"100\"><\/textarea><\/label><input type=\"hidden\" id=\"ak_js_1\" name=\"_wpcf7_ak_js\" value=\"213\"\/><script>document.getElementById( \"ak_js_1\" ).setAttribute( \"value\", ( new Date() ).getTime() );<\/script><\/p><div class=\"wpcf7-response-output\" aria-hidden=\"true\"><\/div>\n<\/form>\n<\/div>\n\n<\/div><\/section>\n<div  style=' margin-top:0px; margin-bottom:70px;'  class='hr hr-custom hr-center hr-icon-no   avia-builder-el-24  el_after_av_textblock  avia-builder-el-last '><span class='hr-inner  inner-border-av-border-fat' style=' width:50px; border-color:#000000;' ><span class='hr-inner-style'><\/span><\/span><\/div>\n","protected":false},"excerpt":{"rendered":"","protected":false},"author":1,"featured_media":0,"parent":1453,"menu_order":0,"comment_status":"open","ping_status":"open","template":"","meta":{"footnotes":""},"class_list":["post-1474","page","type-page","status-publish","hentry"],"_links":{"self":[{"href":"https:\/\/www.cds-soft.es\/web\/wp-json\/wp\/v2\/pages\/1474","targetHints":{"allow":["GET"]}}],"collection":[{"href":"https:\/\/www.cds-soft.es\/web\/wp-json\/wp\/v2\/pages"}],"about":[{"href":"https:\/\/www.cds-soft.es\/web\/wp-json\/wp\/v2\/types\/page"}],"author":[{"embeddable":true,"href":"https:\/\/www.cds-soft.es\/web\/wp-json\/wp\/v2\/users\/1"}],"replies":[{"embeddable":true,"href":"https:\/\/www.cds-soft.es\/web\/wp-json\/wp\/v2\/comments?post=1474"}],"version-history":[{"count":5,"href":"https:\/\/www.cds-soft.es\/web\/wp-json\/wp\/v2\/pages\/1474\/revisions"}],"predecessor-version":[{"id":1485,"href":"https:\/\/www.cds-soft.es\/web\/wp-json\/wp\/v2\/pages\/1474\/revisions\/1485"}],"up":[{"embeddable":true,"href":"https:\/\/www.cds-soft.es\/web\/wp-json\/wp\/v2\/pages\/1453"}],"wp:attachment":[{"href":"https:\/\/www.cds-soft.es\/web\/wp-json\/wp\/v2\/media?parent=1474"}],"curies":[{"name":"wp","href":"https:\/\/api.w.org\/{rel}","templated":true}]}}