{"id":1481,"date":"2024-10-07T13:48:19","date_gmt":"2024-10-07T13:48:19","guid":{"rendered":"https:\/\/www.cds-soft.es\/web\/?page_id=1481"},"modified":"2024-10-07T14:38:56","modified_gmt":"2024-10-07T14:38:56","slug":"servicio-de-analisis-de-datos-basico","status":"publish","type":"page","link":"https:\/\/www.cds-soft.es\/web\/kit-consulting\/servicio-de-analisis-de-datos-basico\/","title":{"rendered":"Servicio de Asesoramiento en An\u00e1lisis de Datos (B\u00e1sico)"},"content":{"rendered":"<div id='av_section_1'  class='avia-section main_color avia-section-default avia-no-border-styling  avia-full-stretch avia-bg-style-scroll  avia-builder-el-0  el_before_av_image  avia-builder-el-first   av-minimum-height av-minimum-height-custom  container_wrap sidebar_right' style='background-repeat: no-repeat; background-image: url(https:\/\/www.cds-soft.es\/web\/wp-content\/uploads\/2024\/10\/kit-consuilting-2024.jpg);background-attachment: scroll; background-position: top left;  '  data-section-bg-repeat='stretch'><div class='av-section-color-overlay-wrap'><a href='#next-section' title='' class='scroll-down-link '  aria-hidden='true' data-av_icon='\ue877' data-av_iconfont='entypo-fontello'><\/a><div class='container' style='height:467px'><main  role=\"main\" itemprop=\"mainContentOfPage\"  class='template-page content  av-content-small alpha units'><div class='post-entry post-entry-type-page post-entry-1481'><div class='entry-content-wrapper clearfix'>\n<div class=\"flex_column av_one_half  flex_column_div first  avia-builder-el-1  avia-builder-el-no-sibling  \" style='background: rgba(2,2,2,0.01); padding:20px; background-color:rgba(2,2,2,0.01); border-radius:0px; '><div  style='padding-bottom:10px; color:#ffffff;font-size:65px;' class='av-special-heading av-special-heading-h1 custom-color-heading blockquote modern-quote  avia-builder-el-2  avia-builder-el-no-sibling  av-thin-font av-inherit-size '><h1 class='av-special-heading-tag '  itemprop=\"headline\"  ><strong><span style=\"color: #1ad7f2;\">Servicio de Asesoramiento en An\u00e1lisis de Datos (B\u00e1sico)<\/span><\/strong> <\/h1><div class='special-heading-border'><div class='special-heading-inner-border' style='border-color:#ffffff'><\/div><\/div><\/div><\/div><\/div><\/div><\/main><!-- close content main element --><\/div><\/div><\/div><div id='after_section_1'  class='main_color av_default_container_wrap container_wrap sidebar_right' style=' '  ><div class='container' ><div class='template-page content  av-content-small alpha units'><div class='post-entry post-entry-type-page post-entry-1481'><div class='entry-content-wrapper clearfix'><div  class='avia-image-container  av-styling- av-hover-grow   avia-builder-el-3  el_after_av_section  el_before_av_hr  avia-builder-el-first  avia-align-center '  itemprop=\"image\" itemscope=\"itemscope\" itemtype=\"https:\/\/schema.org\/ImageObject\"  ><div class='avia-image-container-inner'><div class='avia-image-overlay-wrap'><img decoding=\"async\" class='wp-image-1321 avia-img-lazy-loading-not-1321 avia_image' src=\"https:\/\/www.cds-soft.es\/web\/wp-content\/uploads\/2024\/02\/logo-kit.jpg\" alt='' title='logo-kit' height=\"241\" width=\"2000\"  itemprop=\"thumbnailUrl\" srcset=\"https:\/\/www.cds-soft.es\/web\/wp-content\/uploads\/2024\/02\/logo-kit.jpg 2000w, https:\/\/www.cds-soft.es\/web\/wp-content\/uploads\/2024\/02\/logo-kit-300x36.jpg 300w, https:\/\/www.cds-soft.es\/web\/wp-content\/uploads\/2024\/02\/logo-kit-1030x124.jpg 1030w, https:\/\/www.cds-soft.es\/web\/wp-content\/uploads\/2024\/02\/logo-kit-768x93.jpg 768w, https:\/\/www.cds-soft.es\/web\/wp-content\/uploads\/2024\/02\/logo-kit-1536x185.jpg 1536w, https:\/\/www.cds-soft.es\/web\/wp-content\/uploads\/2024\/02\/logo-kit-1500x181.jpg 1500w, https:\/\/www.cds-soft.es\/web\/wp-content\/uploads\/2024\/02\/logo-kit-705x85.jpg 705w\" sizes=\"(max-width: 2000px) 100vw, 2000px\" \/><\/div><\/div><\/div><\/p>\n<div  style=' margin-top:30px; margin-bottom:30px;'  class='hr hr-custom hr-center hr-icon-no   avia-builder-el-4  el_after_av_image  el_before_av_textblock '><span class='hr-inner  inner-border-av-border-fat' style=' width:50px; border-color:#000000;' ><span class='hr-inner-style'><\/span><\/span><\/div>\n<section class=\"av_textblock_section \"  itemscope=\"itemscope\" itemtype=\"https:\/\/schema.org\/CreativeWork\" ><div class='avia_textblock  '   itemprop=\"text\" ><h1><\/h1>\n<h1 style=\"text-align: center;\"><span style=\"font-size: 14pt;\"><strong>Objetivo<\/strong><\/span><\/h1>\n<\/div><\/section>\n<section class=\"av_textblock_section \"  itemscope=\"itemscope\" itemtype=\"https:\/\/schema.org\/CreativeWork\" ><div class='avia_textblock  '   itemprop=\"text\" ><p><span style=\"font-size: 14pt;\">Plan enfocado a PYMEs que no cuentan con un plan de an\u00e1lisis de datos <\/span><span style=\"font-size: 14pt;\">adaptado al negocio, determinando la inversi\u00f3n\u00a0 requerida y las medidas necesarias para<\/span> <span style=\"font-size: 14pt;\">su adopci\u00f3n, priorizando el establecimiento y aprendizaje de procesos para la extracci\u00f3n <\/span><span style=\"font-size: 14pt;\">de datos y su an\u00e1lisis en beneficio de la pyme.<\/span><\/p>\n<\/div><\/section>\n<div  style=' margin-top:30px; margin-bottom:30px;'  class='hr hr-custom hr-center hr-icon-no   avia-builder-el-7  el_after_av_textblock  el_before_av_textblock '><span class='hr-inner  inner-border-av-border-fat' style=' width:50px; border-color:#000000;' ><span class='hr-inner-style'><\/span><\/span><\/div>\n<section class=\"av_textblock_section \"  itemscope=\"itemscope\" itemtype=\"https:\/\/schema.org\/CreativeWork\" ><div class='avia_textblock  '   itemprop=\"text\" ><h1><\/h1>\n<h1 style=\"text-align: center;\"><span style=\"font-size: 14pt;\"><strong>Tipolog\u00eda de asesoramiento<br \/>\n<\/strong><\/span><\/h1>\n<\/div><\/section>\n<section class=\"av_textblock_section \"  itemscope=\"itemscope\" itemtype=\"https:\/\/schema.org\/CreativeWork\" ><div class='avia_textblock  '   itemprop=\"text\" ><p><span style=\"font-size: 14pt;\">B\u00e1sico.<\/span><\/p>\n<\/div><\/section>\n<div  style=' margin-top:30px; margin-bottom:30px;'  class='hr hr-custom hr-center hr-icon-no   avia-builder-el-10  el_after_av_textblock  el_before_av_textblock '><span class='hr-inner  inner-border-av-border-fat' style=' width:50px; border-color:#000000;' ><span class='hr-inner-style'><\/span><\/span><\/div>\n<section class=\"av_textblock_section \"  itemscope=\"itemscope\" itemtype=\"https:\/\/schema.org\/CreativeWork\" ><div class='avia_textblock  '   itemprop=\"text\" ><h1><\/h1>\n<h1 style=\"text-align: center;\"><span style=\"font-size: 36pt;\"><strong>Importe de la <span style=\"color: #1ad7f2;\">ayuda<\/span><\/strong><\/span><\/h1>\n<\/div><\/section>\n<div class=\"flex_column av_one_third  flex_column_div first  avia-builder-el-12  el_after_av_textblock  el_before_av_one_third  column-top-margin\" style='background: rgba(2,2,2,0.01); padding:20px; background-color:rgba(2,2,2,0.01); border-radius:0px; '><div   class='av_promobox  avia-button-no   avia-builder-el-13  avia-builder-el-no-sibling '>\t\t<div class='avia-promocontent'><\/p>\n<p style=\"text-align: center;\"><span style=\"font-size: 14pt;\"><strong><span style=\"color: #1ad7f2;\"> Segmento A<br \/>\n10 &lt; 50 empleados<\/span><\/strong><\/span><\/p>\n<p style=\"text-align: center;\"><span style=\"font-size: 14pt;\">6.000 euros<br \/>\n<\/span><\/p>\n<p>\n<\/div><\/div><\/div>\n<div class=\"flex_column av_one_third  flex_column_div   avia-builder-el-14  el_after_av_one_third  el_before_av_one_third  column-top-margin\" style='background: rgba(2,2,2,0.01); padding:20px; background-color:rgba(2,2,2,0.01); border-radius:0px; '><div   class='av_promobox  avia-button-no   avia-builder-el-15  avia-builder-el-no-sibling '>\t\t<div class='avia-promocontent'><\/p>\n<p style=\"text-align: center;\"><span style=\"font-size: 14pt;\"><strong><span style=\"color: #1ad7f2;\"> Segmento B<br \/>\n50 &lt; 100 empleados<\/span><\/strong><\/span><\/p>\n<p style=\"text-align: center;\"><span style=\"font-size: 14pt;\">6.000 euros<br \/>\n<\/span><\/p>\n<p>\n<\/div><\/div><\/div>\n<div class=\"flex_column av_one_third  flex_column_div   avia-builder-el-16  el_after_av_one_third  el_before_av_hr  column-top-margin\" style='background: rgba(2,2,2,0.01); padding:20px; background-color:rgba(2,2,2,0.01); border-radius:0px; '><div   class='av_promobox  avia-button-no   avia-builder-el-17  avia-builder-el-no-sibling '>\t\t<div class='avia-promocontent'><\/p>\n<p style=\"text-align: center;\"><span style=\"font-size: 14pt;\"><strong><span style=\"color: #1ad7f2;\"> Segmento C<br \/>\n100 &lt; 250 empleados<\/span><\/strong><\/span><\/p>\n<p style=\"text-align: center;\"><span style=\"font-size: 14pt;\">6.000 euros<br \/>\n<\/span><\/p>\n<p>\n<\/div><\/div><\/div>\n<div  style=' margin-top:30px; margin-bottom:30px;'  class='hr hr-custom hr-center hr-icon-no   avia-builder-el-18  el_after_av_one_third  el_before_av_textblock '><span class='hr-inner  inner-border-av-border-fat' style=' width:50px; border-color:#000000;' ><span class='hr-inner-style'><\/span><\/span><\/div>\n<section class=\"av_textblock_section \"  itemscope=\"itemscope\" itemtype=\"https:\/\/schema.org\/CreativeWork\" ><div class='avia_textblock  '   itemprop=\"text\" ><h1 style=\"text-align: center;\"><span style=\"font-size: 36pt;\"><strong>Actividades<br \/>\n<\/strong><\/span><\/h1>\n<\/div><\/section>\n<section class=\"av_textblock_section \"  itemscope=\"itemscope\" itemtype=\"https:\/\/schema.org\/CreativeWork\" ><div class='avia_textblock  '   itemprop=\"text\" ><p><span style=\"font-size: 14pt;\">\u2013 Identificaci\u00f3n de los datos de la pyme que mejore el entendimiento de la <\/span><span style=\"font-size: 14pt;\">informaci\u00f3n disponible.<\/span><br \/>\n<span style=\"font-size: 14pt;\">\u2013 Analizar las distintas opciones de herramientas de inteligencia artificial para <\/span><span style=\"font-size: 14pt;\">explotar y visualizar los datos, recomendando la que mejor se adapte a la situaci\u00f3n<\/span> <span style=\"font-size: 14pt;\">actual de la empresa y la inversi\u00f3n necesaria para su adopci\u00f3n.<\/span><br \/>\n<span style=\"font-size: 14pt;\">\u2013 Establecer informaci\u00f3n de valor a partir del tratado de datos con algoritmos de <\/span><span style=\"font-size: 14pt;\">inteligencia artificial.<\/span><br \/>\n<span style=\"font-size: 14pt;\">\u2013 Asesoramiento espec\u00edfico sobre la explotaci\u00f3n de los datos a trav\u00e9s de la<\/span> <span style=\"font-size: 14pt;\">herramienta elegida.<\/span><br \/>\n<span style=\"font-size: 14pt;\">\u2013 Opcionalmente, asesoramiento sobre los procesos de gobierno, gesti\u00f3n y gesti\u00f3n <\/span><span style=\"font-size: 14pt;\">de calidad del dato de acuerdo con las especificaciones UNE 0077 \u00abGobierno del dato\u00bb,<\/span> <span style=\"font-size: 14pt;\">UNE 0078 \u00abGesti\u00f3n del Dato\u00bb y UNE 0079 \u00abGesti\u00f3n de la calidad del dato\u00bb.<\/span><br \/>\n<span style=\"font-size: 14pt;\">\u2013 Desarrollo y ejecuci\u00f3n de un caso de uso adaptado al negocio en an\u00e1lisis de datos <\/span><span style=\"font-size: 14pt;\">(nivel b\u00e1sico).<\/span><br \/>\n<span style=\"font-size: 14pt;\">\u2013 Identificaci\u00f3n de oportunidades o posibles usos de la IA en el \u00e1mbito del an\u00e1lisis<\/span> <span style=\"font-size: 14pt;\">de datos.<\/span><\/p>\n<p><span style=\"font-size: 14pt;\">Documentaci\u00f3n t\u00e9cnica y resultados requeridos para la justificaci\u00f3n, conforme al<\/span> <span style=\"font-size: 14pt;\">art\u00edculo 31.6.a) de esta Orden:<\/span><\/p>\n<p><span style=\"font-size: 14pt;\">\u2013 Evidencias de la celebraci\u00f3n de la reuni\u00f3n presencial de inicio de la prestaci\u00f3n del <\/span><span style=\"font-size: 14pt;\">servicio de asesoramiento, que se determinar\u00e1n en cada convocatoria.<\/span><br \/>\n<span style=\"font-size: 14pt;\">\u2013 Evidencias de celebraciones de reuniones intermedias, que se determinar\u00e1n en <\/span><span style=\"font-size: 14pt;\">cada convocatoria.<\/span><br \/>\n<span style=\"font-size: 14pt;\">\u2013 Evidencias de la celebraci\u00f3n de la reuni\u00f3n presencial final tras la prestaci\u00f3n del<\/span> <span style=\"font-size: 14pt;\">servicio de asesoramiento, que incluya los resultados obtenidos y la conformidad del<\/span> <span style=\"font-size: 14pt;\">beneficiario al servicio prestado, que se determinar\u00e1n en cada convocatoria.<\/span><br \/>\n<span style=\"font-size: 14pt;\">\u2013 Diagn\u00f3stico inicial:<\/span><\/p>\n<p><span style=\"font-size: 14pt;\">\u25cf Diagn\u00f3stico inicial o situaci\u00f3n actual de la empresa beneficiaria en cuanto al <\/span><span style=\"font-size: 14pt;\">an\u00e1lisis y explotaci\u00f3n de datos.<\/span><br \/>\n<span style=\"font-size: 14pt;\">\u25cf Identificaci\u00f3n de Bases de Datos: Dossier en formato digital (Word, PowerPoint, <\/span><span style=\"font-size: 14pt;\">Pdf) con el inventario exhaustivo de las fuentes de datos de la pyme. Para cada fuente<\/span> <span style=\"font-size: 14pt;\">de datos, se proporcionar\u00e1:<\/span><\/p>\n<p><span style=\"font-size: 14pt;\">\u25cb Ubicaci\u00f3n: Precisar su ubicaci\u00f3n (servidores locales, externos, en la nube, etc).<\/span><br \/>\n<span style=\"font-size: 14pt;\">\u25cb Tipo de datos almacenados: Naturaleza de los datos (datos de cliente, producto,<\/span><br \/>\n<span style=\"font-size: 14pt;\">ventas, etc.) y la extensi\u00f3n de los datos (xls, xlsb, csv, etc).<\/span><br \/>\n<span style=\"font-size: 14pt;\">\u25cb Volumen de datos: Indicar el n\u00famero de registros y almacenamiento utilizado.<\/span><br \/>\n<span style=\"font-size: 14pt;\">\u25cb Frecuencia de actualizaci\u00f3n: Periodicidad (o no) de las actualizaciones.<\/span><br \/>\n<span style=\"font-size: 14pt;\">\u25cb Orden de relevancia: Evaluar si la fuente es cr\u00edtica, importante o secundaria.<\/span><\/p>\n<p><span style=\"font-size: 14pt;\">\u2013 Resultados:<\/span><\/p>\n<p><span style=\"font-size: 14pt;\">\u25cf Definici\u00f3n de Pol\u00edticas y procedimientos de calidad: gobierno del dato que incluya:<\/span><\/p>\n<p><span style=\"font-size: 14pt;\">\u25cb Estandarizaci\u00f3n de formatos: Definici\u00f3n de formatos est\u00e1ndar para los datos como <\/span><span style=\"font-size: 14pt;\">fechas, direcciones, n\u00fameros de tel\u00e9fono, etc.<\/span><br \/>\n<span style=\"font-size: 14pt;\">\u25cb Limpieza: Identificaci\u00f3n de posibles errores de entrada de datos, como datos<\/span> <span style=\"font-size: 14pt;\">duplicados o incorrectos. Se proporcionar\u00e1n ejemplos de t\u00e9cnicas para tratar estos casos <\/span><span style=\"font-size: 14pt;\">de manera eficiente y precisa.<\/span><br \/>\n<span style=\"font-size: 14pt;\">\u25cb Coherencia: Definici\u00f3n de mecanismos de control de calidad.<\/span><br \/>\n<span style=\"font-size: 14pt;\">\u25cb Estructuraci\u00f3n de datos: Establecer el uso de est\u00e1ndares de modelado de datos,<\/span> <span style=\"font-size: 14pt;\">como el modelo entidad-relaci\u00f3n (MER).<\/span><br \/>\n<span style=\"font-size: 14pt;\">\u25cb Privacidad de los datos: Explicar la importancia del cumplimiento de la normativa <\/span><span style=\"font-size: 14pt;\">legal vigente en el gobierno del dato, como el RGPD.<\/span><\/p>\n<p><span style=\"font-size: 14pt;\">\u25cf An\u00e1lisis de herramientas de visualizaci\u00f3n de datos:<\/span><\/p>\n<p><span style=\"font-size: 14pt;\">\u25cb Dosier con an\u00e1lisis de mercado de herramientas disponibles basado en 4 ejes:<\/span><\/p>\n<p><span style=\"font-size: 14pt;\">\u25aa Facilidad de uso en t\u00e9rminos de interfaz de usuario intuitiva y personalizable.<\/span><br \/>\n<span style=\"font-size: 14pt;\">\u25aa Capacidad de visualizaci\u00f3n para generar gr\u00e1ficos efectivos y atractivos que <\/span><span style=\"font-size: 14pt;\">permitan comprender los datos de manera clara y precisa.<\/span><br \/>\n<span style=\"font-size: 14pt;\">\u25aa Compatibilidad con los sistemas existentes en la pyme (si los hubiera<\/span> <span style=\"font-size: 14pt;\">anteriormente).<\/span><br \/>\n<span style=\"font-size: 14pt;\">\u25aa Evaluaci\u00f3n del coste econ\u00f3mico, considerando tanto el coste inicial como los <\/span><span style=\"font-size: 14pt;\">posibles costes continuos de mantenimiento.<\/span><\/p>\n<p><span style=\"font-size: 14pt;\">\u25cb En base al an\u00e1lisis de mercado, se proporcionar\u00e1n recomendaciones de las <\/span><span style=\"font-size: 14pt;\">herramientas que mejor se adapten a la empresa, destac\u00e1ndose espec\u00edficamente las <\/span><span style=\"font-size: 14pt;\">razones espec\u00edficas de dichas recomendaciones.<\/span><\/p>\n<p><span style=\"font-size: 14pt;\">\u2013 Caso de uso: Definici\u00f3n de KPIs de negocio o de \u00e1reas de soporte (RRHH, <\/span><span style=\"font-size: 14pt;\">econ\u00f3mico, etc):<\/span><\/p>\n<p><span style=\"font-size: 14pt;\">\u25cf Dosier con el an\u00e1lisis de KPIs vigentes, incluyendo:<\/span><\/p>\n<p><span style=\"font-size: 14pt;\">\u25cb An\u00e1lisis de KPIs vigentes: Revisi\u00f3n de los KPIs actuales utilizados por la pyme en <\/span><span style=\"font-size: 14pt;\">diferentes \u00e1reas (finanzas, ventas, etc.).<\/span><br \/>\n<span style=\"font-size: 14pt;\">\u25cb Identificaci\u00f3n de mejoras: Identificar KPIs de utilidad, resaltando las cualidades<\/span> <span style=\"font-size: 14pt;\">positivas y\/o negativas de estos (p.ej. preciso, redundante, dif\u00edcil de medir, etc.).<\/span><br \/>\n<span style=\"font-size: 14pt;\">\u25cb Propuesta de creaci\u00f3n de nuevos KPIs: Proponer la creaci\u00f3n de KPIs basados en <\/span><span style=\"font-size: 14pt;\">el an\u00e1lisis realizado. Estos KPIs tendr\u00e1n que estar completamente detallados,<\/span> <span style=\"font-size: 14pt;\">incluyendo, como m\u00ednimo: (1) f\u00f3rmulas de c\u00e1lculo espec\u00edficas para cada KPI, (2) <\/span><span style=\"font-size: 14pt;\">m\u00e9tricas construidas, y (3) variables involucradas en su c\u00e1lculo.<\/span><\/p>\n<\/div><\/section>\n<div  style=' margin-top:0px; margin-bottom:70px;'  class='hr hr-custom hr-center hr-icon-no   avia-builder-el-21  el_after_av_textblock  el_before_av_textblock '><span class='hr-inner  inner-border-av-border-fat' style=' width:50px; border-color:#000000;' ><span class='hr-inner-style'><\/span><\/span><\/div>\n<section class=\"av_textblock_section \"  itemscope=\"itemscope\" itemtype=\"https:\/\/schema.org\/CreativeWork\" ><div class='avia_textblock  '   itemprop=\"text\" ><h1 style=\"text-align: center;\"><span style=\"font-size: 36pt;\"><strong><span style=\"color: #000;\">Contacta <\/span>con nosotros<br \/>\n<\/strong><\/span><\/h1>\n<\/div><\/section>\n<section class=\"av_textblock_section \"  itemscope=\"itemscope\" itemtype=\"https:\/\/schema.org\/CreativeWork\" ><div class='avia_textblock  '   itemprop=\"text\" >\n<div class=\"wpcf7 no-js\" id=\"wpcf7-f751-o1\" lang=\"es-ES\" dir=\"ltr\">\n<div class=\"screen-reader-response\"><p role=\"status\" aria-live=\"polite\" aria-atomic=\"true\"><\/p> <ul><\/ul><\/div>\n<form action=\"\/web\/wp-json\/wp\/v2\/pages\/1481#wpcf7-f751-o1\" method=\"post\" class=\"wpcf7-form init\" aria-label=\"Formulario de contacto\" novalidate=\"novalidate\" data-status=\"init\">\n<div style=\"display: none;\">\n<input type=\"hidden\" name=\"_wpcf7\" value=\"751\" \/>\n<input type=\"hidden\" name=\"_wpcf7_version\" value=\"5.9.6\" \/>\n<input type=\"hidden\" name=\"_wpcf7_locale\" value=\"es_ES\" \/>\n<input type=\"hidden\" name=\"_wpcf7_unit_tag\" value=\"wpcf7-f751-o1\" \/>\n<input type=\"hidden\" name=\"_wpcf7_container_post\" value=\"0\" \/>\n<input type=\"hidden\" name=\"_wpcf7_posted_data_hash\" value=\"\" \/>\n<input type=\"hidden\" name=\"_wpcf7_recaptcha_response\" value=\"\" \/>\n<\/div>\n<p><label> Tu nombre<br \/>\n<span class=\"wpcf7-form-control-wrap\" data-name=\"your-name\"><input size=\"40\" maxlength=\"80\" class=\"wpcf7-form-control wpcf7-text wpcf7-validates-as-required\" aria-required=\"true\" aria-invalid=\"false\" value=\"\" type=\"text\" name=\"your-name\" \/><\/span> <\/label>\n<\/p>\n<p><label> Tu correo electr\u00f3nico<br \/>\n<span class=\"wpcf7-form-control-wrap\" data-name=\"your-email\"><input size=\"40\" maxlength=\"80\" class=\"wpcf7-form-control wpcf7-email wpcf7-validates-as-required wpcf7-text wpcf7-validates-as-email\" aria-required=\"true\" aria-invalid=\"false\" value=\"\" type=\"email\" name=\"your-email\" \/><\/span> <\/label>\n<\/p>\n<p><label> Asunto<br \/>\n<span class=\"wpcf7-form-control-wrap\" data-name=\"your-subject\"><input size=\"40\" maxlength=\"80\" class=\"wpcf7-form-control wpcf7-text wpcf7-validates-as-required\" aria-required=\"true\" aria-invalid=\"false\" value=\"\" type=\"text\" name=\"your-subject\" \/><\/span> <\/label>\n<\/p>\n<p><label> Tu mensaje (opcional)<br \/>\n<span class=\"wpcf7-form-control-wrap\" data-name=\"your-message\"><textarea cols=\"40\" rows=\"10\" maxlength=\"400\" class=\"wpcf7-form-control wpcf7-textarea\" aria-invalid=\"false\" name=\"your-message\"><\/textarea><\/span> <\/label>\n<\/p>\n<p><input class=\"wpcf7-form-control wpcf7-submit has-spinner\" type=\"submit\" value=\"Enviar\" \/>\n<\/p>\n<p><span class=\"wpcf7-form-control-wrap\" data-name=\"acceptance-30\"><span class=\"wpcf7-form-control wpcf7-acceptance\"><span class=\"wpcf7-list-item\"><input type=\"checkbox\" name=\"acceptance-30\" value=\"1\" aria-invalid=\"false\" \/><\/span><\/span><\/span> He le\u00eddo y acepto la <a href=\"https:\/\/www.cds-soft.es\/web\/politica-de-privacidad-y-proteccion-de-datos\/\">Pol\u00edtica de Privacidad<\/a><br \/>\n<span class=\"wpcf7-form-control-wrap\" data-name=\"acceptance-140\"><span class=\"wpcf7-form-control wpcf7-acceptance optional\"><span class=\"wpcf7-list-item\"><input type=\"checkbox\" name=\"acceptance-140\" value=\"1\" aria-invalid=\"false\" \/><\/span><\/span><\/span> Acepto recibir la informaci\u00f3n comercial que CDS SOFT considere oportuno enviarme por correo electr\u00f3nico. (Es posible darse de baja en cualquier momento)<br \/>\n<b>Protecci\u00f3n de datos<\/b><br \/>\nEl responsable del tratamiento es CDS SOFT. La finalidad de la recogida de datos es la de poder atender sus cuestiones, sin ceder sus datos a terceros. Tiene derecho a saber qu\u00e9 informaci\u00f3n tenemos sobre usted, corregirla o eliminarla tal y como se explica en nuestra <a href=\"https:\/\/www.cds-soft.es\/web\/politica-de-privacidad-y-proteccion-de-datos\/\">Pol\u00edtica de Privacidad<\/a>.\n<\/p><p style=\"display: none !important;\" class=\"akismet-fields-container\" data-prefix=\"_wpcf7_ak_\"><label>&#916;<textarea name=\"_wpcf7_ak_hp_textarea\" cols=\"45\" rows=\"8\" maxlength=\"100\"><\/textarea><\/label><input type=\"hidden\" id=\"ak_js_1\" name=\"_wpcf7_ak_js\" value=\"97\"\/><script>document.getElementById( \"ak_js_1\" ).setAttribute( \"value\", ( new Date() ).getTime() );<\/script><\/p><div class=\"wpcf7-response-output\" aria-hidden=\"true\"><\/div>\n<\/form>\n<\/div>\n\n<\/div><\/section>\n<div  style=' margin-top:0px; margin-bottom:70px;'  class='hr hr-custom hr-center hr-icon-no   avia-builder-el-24  el_after_av_textblock  avia-builder-el-last '><span class='hr-inner  inner-border-av-border-fat' style=' width:50px; border-color:#000000;' ><span class='hr-inner-style'><\/span><\/span><\/div>\n","protected":false},"excerpt":{"rendered":"","protected":false},"author":1,"featured_media":0,"parent":1453,"menu_order":0,"comment_status":"open","ping_status":"closed","template":"","meta":{"footnotes":""},"class_list":["post-1481","page","type-page","status-publish","hentry"],"_links":{"self":[{"href":"https:\/\/www.cds-soft.es\/web\/wp-json\/wp\/v2\/pages\/1481","targetHints":{"allow":["GET"]}}],"collection":[{"href":"https:\/\/www.cds-soft.es\/web\/wp-json\/wp\/v2\/pages"}],"about":[{"href":"https:\/\/www.cds-soft.es\/web\/wp-json\/wp\/v2\/types\/page"}],"author":[{"embeddable":true,"href":"https:\/\/www.cds-soft.es\/web\/wp-json\/wp\/v2\/users\/1"}],"replies":[{"embeddable":true,"href":"https:\/\/www.cds-soft.es\/web\/wp-json\/wp\/v2\/comments?post=1481"}],"version-history":[{"count":2,"href":"https:\/\/www.cds-soft.es\/web\/wp-json\/wp\/v2\/pages\/1481\/revisions"}],"predecessor-version":[{"id":1484,"href":"https:\/\/www.cds-soft.es\/web\/wp-json\/wp\/v2\/pages\/1481\/revisions\/1484"}],"up":[{"embeddable":true,"href":"https:\/\/www.cds-soft.es\/web\/wp-json\/wp\/v2\/pages\/1453"}],"wp:attachment":[{"href":"https:\/\/www.cds-soft.es\/web\/wp-json\/wp\/v2\/media?parent=1481"}],"curies":[{"name":"wp","href":"https:\/\/api.w.org\/{rel}","templated":true}]}}