{"id":1487,"date":"2024-10-07T14:12:33","date_gmt":"2024-10-07T14:12:33","guid":{"rendered":"https:\/\/www.cds-soft.es\/web\/?page_id=1487"},"modified":"2024-10-07T14:39:18","modified_gmt":"2024-10-07T14:39:18","slug":"servicio-de-analisis-de-datos-avanzado","status":"publish","type":"page","link":"https:\/\/www.cds-soft.es\/web\/kit-consulting\/servicio-de-analisis-de-datos-avanzado\/","title":{"rendered":"Servicio de Asesoramiento en An\u00e1lisis de Datos e Inteligencia  Artificial (Avanzado)"},"content":{"rendered":"<div id='av_section_1'  class='avia-section main_color avia-section-default avia-no-border-styling  avia-full-stretch avia-bg-style-scroll  avia-builder-el-0  el_before_av_image  avia-builder-el-first   av-minimum-height av-minimum-height-custom  container_wrap sidebar_right' style='background-repeat: no-repeat; background-image: url(https:\/\/www.cds-soft.es\/web\/wp-content\/uploads\/2024\/10\/kit-consuilting-2024.jpg);background-attachment: scroll; background-position: top left;  '  data-section-bg-repeat='stretch'><div class='av-section-color-overlay-wrap'><a href='#next-section' title='' class='scroll-down-link '  aria-hidden='true' data-av_icon='\ue877' data-av_iconfont='entypo-fontello'><\/a><div class='container' style='height:467px'><main  role=\"main\" itemprop=\"mainContentOfPage\"  class='template-page content  av-content-small alpha units'><div class='post-entry post-entry-type-page post-entry-1487'><div class='entry-content-wrapper clearfix'>\n<div class=\"flex_column av_one_half  flex_column_div first  avia-builder-el-1  avia-builder-el-no-sibling  \" style='background: rgba(2,2,2,0.01); padding:20px; background-color:rgba(2,2,2,0.01); border-radius:0px; '><div  style='padding-bottom:10px; color:#ffffff;font-size:65px;' class='av-special-heading av-special-heading-h1 custom-color-heading blockquote modern-quote  avia-builder-el-2  avia-builder-el-no-sibling  av-thin-font av-inherit-size '><h1 class='av-special-heading-tag '  itemprop=\"headline\"  ><strong><span style=\"color: #1ad7f2;\">Servicio de Asesoramiento en An\u00e1lisis de Datos e Inteligencia Artificial (Avanzado)<\/span><\/strong> <\/h1><div class='special-heading-border'><div class='special-heading-inner-border' style='border-color:#ffffff'><\/div><\/div><\/div><\/div><\/div><\/div><\/main><!-- close content main element --><\/div><\/div><\/div><div id='after_section_1'  class='main_color av_default_container_wrap container_wrap sidebar_right' style=' '  ><div class='container' ><div class='template-page content  av-content-small alpha units'><div class='post-entry post-entry-type-page post-entry-1487'><div class='entry-content-wrapper clearfix'><div  class='avia-image-container  av-styling- av-hover-grow   avia-builder-el-3  el_after_av_section  el_before_av_hr  avia-builder-el-first  avia-align-center '  itemprop=\"image\" itemscope=\"itemscope\" itemtype=\"https:\/\/schema.org\/ImageObject\"  ><div class='avia-image-container-inner'><div class='avia-image-overlay-wrap'><img decoding=\"async\" class='wp-image-1321 avia-img-lazy-loading-not-1321 avia_image' src=\"https:\/\/www.cds-soft.es\/web\/wp-content\/uploads\/2024\/02\/logo-kit.jpg\" alt='' title='logo-kit' height=\"241\" width=\"2000\"  itemprop=\"thumbnailUrl\" srcset=\"https:\/\/www.cds-soft.es\/web\/wp-content\/uploads\/2024\/02\/logo-kit.jpg 2000w, https:\/\/www.cds-soft.es\/web\/wp-content\/uploads\/2024\/02\/logo-kit-300x36.jpg 300w, https:\/\/www.cds-soft.es\/web\/wp-content\/uploads\/2024\/02\/logo-kit-1030x124.jpg 1030w, https:\/\/www.cds-soft.es\/web\/wp-content\/uploads\/2024\/02\/logo-kit-768x93.jpg 768w, https:\/\/www.cds-soft.es\/web\/wp-content\/uploads\/2024\/02\/logo-kit-1536x185.jpg 1536w, https:\/\/www.cds-soft.es\/web\/wp-content\/uploads\/2024\/02\/logo-kit-1500x181.jpg 1500w, https:\/\/www.cds-soft.es\/web\/wp-content\/uploads\/2024\/02\/logo-kit-705x85.jpg 705w\" sizes=\"(max-width: 2000px) 100vw, 2000px\" \/><\/div><\/div><\/div><\/p>\n<div  style=' margin-top:30px; margin-bottom:30px;'  class='hr hr-custom hr-center hr-icon-no   avia-builder-el-4  el_after_av_image  el_before_av_textblock '><span class='hr-inner  inner-border-av-border-fat' style=' width:50px; border-color:#000000;' ><span class='hr-inner-style'><\/span><\/span><\/div>\n<section class=\"av_textblock_section \"  itemscope=\"itemscope\" itemtype=\"https:\/\/schema.org\/CreativeWork\" ><div class='avia_textblock  '   itemprop=\"text\" ><h1><\/h1>\n<h1 style=\"text-align: center;\"><span style=\"font-size: 14pt;\"><strong>Objetivo<\/strong><\/span><\/h1>\n<\/div><\/section>\n<section class=\"av_textblock_section \"  itemscope=\"itemscope\" itemtype=\"https:\/\/schema.org\/CreativeWork\" ><div class='avia_textblock  '   itemprop=\"text\" ><p><span style=\"font-size: 14pt;\">Plan enfocado a PYMEs que cuentan con un sistema de an\u00e1lisis de datos<\/span> <span style=\"font-size: 14pt;\">b\u00e1sico y requieren de uno m\u00e1s avanzado y adaptado a su negocio. En este plan se <\/span><span style=\"font-size: 14pt;\">determinar\u00e1 la inversi\u00f3n y las medidas necesarias para establecer un sistema avanzado <\/span><span style=\"font-size: 14pt;\">de an\u00e1lisis de datos en la pyme, priorizando el establecimiento, mejora, automatizaci\u00f3n y <\/span><span style=\"font-size: 14pt;\">aprendizaje de procesos para extracci\u00f3n y an\u00e1lisis de datos.<\/span><\/p>\n<\/div><\/section>\n<div  style=' margin-top:30px; margin-bottom:30px;'  class='hr hr-custom hr-center hr-icon-no   avia-builder-el-7  el_after_av_textblock  el_before_av_textblock '><span class='hr-inner  inner-border-av-border-fat' style=' width:50px; border-color:#000000;' ><span class='hr-inner-style'><\/span><\/span><\/div>\n<section class=\"av_textblock_section \"  itemscope=\"itemscope\" itemtype=\"https:\/\/schema.org\/CreativeWork\" ><div class='avia_textblock  '   itemprop=\"text\" ><h1><\/h1>\n<h1 style=\"text-align: center;\"><span style=\"font-size: 14pt;\"><strong>Tipolog\u00eda de asesoramiento<br \/>\n<\/strong><\/span><\/h1>\n<\/div><\/section>\n<section class=\"av_textblock_section \"  itemscope=\"itemscope\" itemtype=\"https:\/\/schema.org\/CreativeWork\" ><div class='avia_textblock  '   itemprop=\"text\" ><p><span style=\"font-size: 14pt;\">Avanzado.<\/span><\/p>\n<\/div><\/section>\n<div  style=' margin-top:30px; margin-bottom:30px;'  class='hr hr-custom hr-center hr-icon-no   avia-builder-el-10  el_after_av_textblock  el_before_av_textblock '><span class='hr-inner  inner-border-av-border-fat' style=' width:50px; border-color:#000000;' ><span class='hr-inner-style'><\/span><\/span><\/div>\n<section class=\"av_textblock_section \"  itemscope=\"itemscope\" itemtype=\"https:\/\/schema.org\/CreativeWork\" ><div class='avia_textblock  '   itemprop=\"text\" ><h1><\/h1>\n<h1 style=\"text-align: center;\"><span style=\"font-size: 36pt;\"><strong>Importe de la <span style=\"color: #1ad7f2;\">ayuda<\/span><\/strong><\/span><\/h1>\n<\/div><\/section>\n<div class=\"flex_column av_one_third  flex_column_div first  avia-builder-el-12  el_after_av_textblock  el_before_av_one_third  column-top-margin\" style='background: rgba(2,2,2,0.01); padding:20px; background-color:rgba(2,2,2,0.01); border-radius:0px; '><div   class='av_promobox  avia-button-no   avia-builder-el-13  avia-builder-el-no-sibling '>\t\t<div class='avia-promocontent'><\/p>\n<p style=\"text-align: center;\"><span style=\"font-size: 14pt;\"><strong><span style=\"color: #1ad7f2;\"> Segmento A<br \/>\n10 &lt; 50 empleados<\/span><\/strong><\/span><\/p>\n<p style=\"text-align: center;\"><span style=\"font-size: 14pt;\">6.000 euros<br \/>\n<\/span><\/p>\n<p>\n<\/div><\/div><\/div>\n<div class=\"flex_column av_one_third  flex_column_div   avia-builder-el-14  el_after_av_one_third  el_before_av_one_third  column-top-margin\" style='background: rgba(2,2,2,0.01); padding:20px; background-color:rgba(2,2,2,0.01); border-radius:0px; '><div   class='av_promobox  avia-button-no   avia-builder-el-15  avia-builder-el-no-sibling '>\t\t<div class='avia-promocontent'><\/p>\n<p style=\"text-align: center;\"><span style=\"font-size: 14pt;\"><strong><span style=\"color: #1ad7f2;\"> Segmento B<br \/>\n50 &lt; 100 empleados<\/span><\/strong><\/span><\/p>\n<p style=\"text-align: center;\"><span style=\"font-size: 14pt;\">6.000 euros<br \/>\n<\/span><\/p>\n<p>\n<\/div><\/div><\/div>\n<div class=\"flex_column av_one_third  flex_column_div   avia-builder-el-16  el_after_av_one_third  el_before_av_hr  column-top-margin\" style='background: rgba(2,2,2,0.01); padding:20px; background-color:rgba(2,2,2,0.01); border-radius:0px; '><div   class='av_promobox  avia-button-no   avia-builder-el-17  avia-builder-el-no-sibling '>\t\t<div class='avia-promocontent'><\/p>\n<p style=\"text-align: center;\"><span style=\"font-size: 14pt;\"><strong><span style=\"color: #1ad7f2;\"> Segmento C<br \/>\n100 &lt; 250 empleados<\/span><\/strong><\/span><\/p>\n<p style=\"text-align: center;\"><span style=\"font-size: 14pt;\">6.000 euros<br \/>\n<\/span><\/p>\n<p>\n<\/div><\/div><\/div>\n<div  style=' margin-top:30px; margin-bottom:30px;'  class='hr hr-custom hr-center hr-icon-no   avia-builder-el-18  el_after_av_one_third  el_before_av_textblock '><span class='hr-inner  inner-border-av-border-fat' style=' width:50px; border-color:#000000;' ><span class='hr-inner-style'><\/span><\/span><\/div>\n<section class=\"av_textblock_section \"  itemscope=\"itemscope\" itemtype=\"https:\/\/schema.org\/CreativeWork\" ><div class='avia_textblock  '   itemprop=\"text\" ><h1 style=\"text-align: center;\"><span style=\"font-size: 36pt;\"><strong>Actividades<br \/>\n<\/strong><\/span><\/h1>\n<\/div><\/section>\n<section class=\"av_textblock_section \"  itemscope=\"itemscope\" itemtype=\"https:\/\/schema.org\/CreativeWork\" ><div class='avia_textblock  '   itemprop=\"text\" ><p><span style=\"font-size: 14pt;\">\u2013 Identificaci\u00f3n de los datos de la pyme, obtenci\u00f3n de su valoraci\u00f3n y evaluaci\u00f3n de <\/span><span style=\"font-size: 14pt;\">su uso en conjunci\u00f3n con otras fuentes.<\/span><br \/>\n<span style=\"font-size: 14pt;\">\u2013 Generar y obtener informaci\u00f3n de valor a partir del tratado de datos con algoritmos <\/span><span style=\"font-size: 14pt;\">de inteligencia artificial para mejorar la toma de decisiones basadas en los datos.<\/span><br \/>\n<span style=\"font-size: 14pt;\">\u2013 Proporcionar asesoramiento para la comprensi\u00f3n de los datos y el manejo de <\/span><span style=\"font-size: 14pt;\">herramientas de gesti\u00f3n de los datos.<\/span><br \/>\n<span style=\"font-size: 14pt;\">\u2013 Opcionalmente, asesoramiento sobre la evaluaci\u00f3n de la capacidad de los<\/span> <span style=\"font-size: 14pt;\">procesos de gobierno, gesti\u00f3n y gesti\u00f3n de calidad del dato siguiendo la especificaci\u00f3n<\/span> <span style=\"font-size: 14pt;\">UNE 0080 de \u00abGu\u00eda de evaluaci\u00f3n del Gobierno, Gesti\u00f3n y Gesti\u00f3n de la Calidad del <\/span><span style=\"font-size: 14pt;\">Dato\u00bb y la especificaci\u00f3n UNE 0081\u00bb Gu\u00eda de evaluaci\u00f3n de la calidad de datos\u00bb.<\/span><br \/>\n<span style=\"font-size: 14pt;\">\u2013 Desarrollo y ejecuci\u00f3n de un caso de uso adaptado al negocio utilizando t\u00e9cnicas<\/span> <span style=\"font-size: 14pt;\">de inteligencia artificial, en an\u00e1lisis de datos (nivel avanzado).<\/span><br \/>\n<span style=\"font-size: 14pt;\">\u2013 Identificaci\u00f3n de oportunidades o posibles usos de la IA en el \u00e1mbito del an\u00e1lisis<\/span> <span style=\"font-size: 14pt;\">de datos avanzado.<\/span><\/p>\n<p><span style=\"font-size: 14pt;\">Documentaci\u00f3n t\u00e9cnica y resultados requeridos para la justificaci\u00f3n, conforme al<\/span> <span style=\"font-size: 14pt;\">art\u00edculo 31.6.a) de esta Orden:<\/span><\/p>\n<p><span style=\"font-size: 14pt;\">\u2013 Evidencias de la celebraci\u00f3n de la reuni\u00f3n presencial de inicio de la prestaci\u00f3n del <\/span><span style=\"font-size: 14pt;\">servicio de asesoramiento, que se determinar\u00e1n en cada convocatoria.<\/span><br \/>\n<span style=\"font-size: 14pt;\">\u2013 Evidencias de celebraciones de reuniones intermedias, que se determinar\u00e1n en <\/span><span style=\"font-size: 14pt;\">cada convocatoria.<\/span><br \/>\n<span style=\"font-size: 14pt;\">\u2013 Evidencias de la celebraci\u00f3n de la reuni\u00f3n presencial final tras la prestaci\u00f3n del<\/span> <span style=\"font-size: 14pt;\">servicio de asesoramiento, que incluya los resultados obtenidos y la conformidad del<\/span> <span style=\"font-size: 14pt;\">beneficiario al servicio prestado, que se determinar\u00e1n en cada convocatoria.<\/span><br \/>\n<span style=\"font-size: 14pt;\">\u2013 Diagn\u00f3stico inicial:<\/span><\/p>\n<p><span style=\"font-size: 14pt;\">\u25cf Dado que la soluci\u00f3n de An\u00e1lisis de Datos Avanzada incluye la soluci\u00f3n b\u00e1sica, el <\/span><span style=\"font-size: 14pt;\">an\u00e1lisis previo ser\u00e1 el ya realizado en esta \u00faltima, as\u00ed como los resultados de la misma<\/span> <span style=\"font-size: 14pt;\">(Identificaci\u00f3n de bases de datos, definici\u00f3n de pol\u00edticas y procedimientos de calidad y<\/span> <span style=\"font-size: 14pt;\">recomendaciones de herramientas).<\/span><\/p>\n<p><span style=\"font-size: 14pt;\">\u2013 Resultados:<\/span><\/p>\n<p><span style=\"font-size: 14pt;\">\u25cf Creaci\u00f3n de una base de datos centralizada: La base de datos creada junto a dos <\/span><span style=\"font-size: 14pt;\">documentos esenciales:<\/span><\/p>\n<p><span style=\"font-size: 14pt;\">\u25cb Dise\u00f1o de la arquitectura creada que incluya: diagramas de la misma, <\/span><span style=\"font-size: 14pt;\">estructuraci\u00f3n de las tablas, relaciones entre entidades, claves primarias y for\u00e1neas,<\/span> <span style=\"font-size: 14pt;\">junto a otros elementos relevantes.<\/span><br \/>\n<span style=\"font-size: 14pt;\">\u25cb An\u00e1lisis del proceso de carga y transformaci\u00f3n de los datos, donde se detallen los <\/span><span style=\"font-size: 14pt;\">procedimientos llevados a cabo para cargar los datos y realizar las transformaciones<\/span> <span style=\"font-size: 14pt;\">previas a la carga. Este documento contemplar\u00e1 un plan de acci\u00f3n para replicar los<\/span><br \/>\n<span style=\"font-size: 14pt;\">procesos implementados en un futuro.<\/span><\/p>\n<p><span style=\"font-size: 14pt;\">\u25cf Capacitaci\u00f3n en el uso de herramientas de explotaci\u00f3n de datos:<\/span><\/p>\n<p><span style=\"font-size: 14pt;\">\u25cb Manual para el uso de las herramientas donde se implemente la visualizaci\u00f3n de <\/span><span style=\"font-size: 14pt;\">datos y los KPIs, incluyendo:<\/span><\/p>\n<p><span style=\"font-size: 14pt;\">\u25aa Instrucciones donde se explique paso a paso c\u00f3mo utilizar la herramienta. Se<\/span> <span style=\"font-size: 14pt;\">indicar\u00e1 c\u00f3mo se accede a dicha herramienta, c\u00f3mo se navega por su interfaz de<\/span> <span style=\"font-size: 14pt;\">usuario, c\u00f3mo personalizar las visualizaciones existentes y c\u00f3mo filtrar y transformar los<\/span><br \/>\n<span style=\"font-size: 14pt;\">datos en los casos en los que se desee y sea posible.<\/span><br \/>\n<span style=\"font-size: 14pt;\">\u25aa Ejemplos pr\u00e1cticos que ilustren c\u00f3mo utilizar la herramienta, identificar patrones y <\/span><span style=\"font-size: 14pt;\">tendencias en las visualizaciones y tomar decisiones inteligentes basadas en los datos.<\/span><br \/>\n<span style=\"font-size: 14pt;\">\u25aa Gu\u00eda que garantice la seguridad de la herramienta y donde se especifique un plan <\/span><span style=\"font-size: 14pt;\">de mitigaci\u00f3n de los riesgos detectados.<\/span><\/p>\n<p><span style=\"font-size: 14pt;\">\u2013 Caso de uso: Implementaci\u00f3n de KPIs.<\/span><\/p>\n<p><span style=\"font-size: 14pt;\">\u25cf Informe con los esquemas detallados, especificaciones t\u00e9cnicas y visualizaci\u00f3n de <\/span><span style=\"font-size: 14pt;\">datos generada, que incluya:<\/span><\/p>\n<p><span style=\"font-size: 14pt;\">\u25cb La configuraci\u00f3n del dashboard personalizado creado para la visualizaci\u00f3n de <\/span><span style=\"font-size: 14pt;\">datos, junto a la monitorizaci\u00f3n de los KPIs implementados que permita realizar un <\/span><span style=\"font-size: 14pt;\">seguimiento de estos.<\/span><br \/>\n<span style=\"font-size: 14pt;\">\u25cb Resumen funcional de la estructura de visualizaci\u00f3n de KPIs, incluyendo el origen <\/span><span style=\"font-size: 14pt;\">de datos de estos, y el procesamiento de los datos hasta la visualizaci\u00f3n final.<\/span><br \/>\n<span style=\"font-size: 14pt;\">\u25cb La descripci\u00f3n de las configuraciones de cada componente, as\u00ed como el detalle de <\/span><span style=\"font-size: 14pt;\">las tecnolog\u00edas utilizadas en la\u00a0 implementaci\u00f3n de softwares, servidores, programas y <\/span><span style=\"font-size: 14pt;\">otras herramientas utilizadas.<\/span><\/p>\n<p><span style=\"font-size: 14pt;\">Limitaciones:<\/span><\/p>\n<p><span style=\"font-size: 14pt;\">\u2013 La contrataci\u00f3n de este servicio de asesoramiento s\u00f3lo podr\u00e1 formalizarse si el <\/span><span style=\"font-size: 14pt;\">beneficiario ha formalizado previamente un Acuerdo de Prestaci\u00f3n del Servicio de<\/span> <span style=\"font-size: 14pt;\">Asesoramiento en An\u00e1lisis de Datos (nivel b\u00e1sico).<\/span><br \/>\n<span style=\"font-size: 14pt;\">\u2013 La prestaci\u00f3n de este servicio deber\u00e1 iniciarse tras la finalizaci\u00f3n y presentaci\u00f3n<\/span> <span style=\"font-size: 14pt;\">de la documentaci\u00f3n justificativa del servicio de Asesoramiento en An\u00e1lisis de Datos.<\/span> <span style=\"font-size: 14pt;\">(Nivel b\u00e1sico).<\/span><\/p>\n<\/div><\/section>\n<div  style=' margin-top:0px; margin-bottom:70px;'  class='hr hr-custom hr-center hr-icon-no   avia-builder-el-21  el_after_av_textblock  el_before_av_textblock '><span class='hr-inner  inner-border-av-border-fat' style=' width:50px; border-color:#000000;' ><span class='hr-inner-style'><\/span><\/span><\/div>\n<section class=\"av_textblock_section \"  itemscope=\"itemscope\" itemtype=\"https:\/\/schema.org\/CreativeWork\" ><div class='avia_textblock  '   itemprop=\"text\" ><h1 style=\"text-align: center;\"><span style=\"font-size: 36pt;\"><strong><span style=\"color: #000;\">Contacta <\/span>con nosotros<br \/>\n<\/strong><\/span><\/h1>\n<\/div><\/section>\n<section class=\"av_textblock_section \"  itemscope=\"itemscope\" itemtype=\"https:\/\/schema.org\/CreativeWork\" ><div class='avia_textblock  '   itemprop=\"text\" >\n<div class=\"wpcf7 no-js\" id=\"wpcf7-f751-o1\" lang=\"es-ES\" dir=\"ltr\">\n<div class=\"screen-reader-response\"><p role=\"status\" aria-live=\"polite\" aria-atomic=\"true\"><\/p> <ul><\/ul><\/div>\n<form action=\"\/web\/wp-json\/wp\/v2\/pages\/1487#wpcf7-f751-o1\" method=\"post\" class=\"wpcf7-form init\" aria-label=\"Formulario de contacto\" novalidate=\"novalidate\" data-status=\"init\">\n<div style=\"display: none;\">\n<input type=\"hidden\" name=\"_wpcf7\" value=\"751\" \/>\n<input type=\"hidden\" name=\"_wpcf7_version\" value=\"5.9.6\" \/>\n<input type=\"hidden\" name=\"_wpcf7_locale\" value=\"es_ES\" \/>\n<input type=\"hidden\" name=\"_wpcf7_unit_tag\" value=\"wpcf7-f751-o1\" \/>\n<input type=\"hidden\" name=\"_wpcf7_container_post\" value=\"0\" \/>\n<input type=\"hidden\" name=\"_wpcf7_posted_data_hash\" value=\"\" \/>\n<input type=\"hidden\" name=\"_wpcf7_recaptcha_response\" value=\"\" \/>\n<\/div>\n<p><label> Tu nombre<br \/>\n<span class=\"wpcf7-form-control-wrap\" data-name=\"your-name\"><input size=\"40\" maxlength=\"80\" class=\"wpcf7-form-control wpcf7-text wpcf7-validates-as-required\" aria-required=\"true\" aria-invalid=\"false\" value=\"\" type=\"text\" name=\"your-name\" \/><\/span> <\/label>\n<\/p>\n<p><label> Tu correo electr\u00f3nico<br \/>\n<span class=\"wpcf7-form-control-wrap\" data-name=\"your-email\"><input size=\"40\" maxlength=\"80\" class=\"wpcf7-form-control wpcf7-email wpcf7-validates-as-required wpcf7-text wpcf7-validates-as-email\" aria-required=\"true\" aria-invalid=\"false\" value=\"\" type=\"email\" name=\"your-email\" \/><\/span> <\/label>\n<\/p>\n<p><label> Asunto<br \/>\n<span class=\"wpcf7-form-control-wrap\" data-name=\"your-subject\"><input size=\"40\" maxlength=\"80\" class=\"wpcf7-form-control wpcf7-text wpcf7-validates-as-required\" aria-required=\"true\" aria-invalid=\"false\" value=\"\" type=\"text\" name=\"your-subject\" \/><\/span> <\/label>\n<\/p>\n<p><label> Tu mensaje (opcional)<br \/>\n<span class=\"wpcf7-form-control-wrap\" data-name=\"your-message\"><textarea cols=\"40\" rows=\"10\" maxlength=\"400\" class=\"wpcf7-form-control wpcf7-textarea\" aria-invalid=\"false\" name=\"your-message\"><\/textarea><\/span> <\/label>\n<\/p>\n<p><input class=\"wpcf7-form-control wpcf7-submit has-spinner\" type=\"submit\" value=\"Enviar\" \/>\n<\/p>\n<p><span class=\"wpcf7-form-control-wrap\" data-name=\"acceptance-30\"><span class=\"wpcf7-form-control wpcf7-acceptance\"><span class=\"wpcf7-list-item\"><input type=\"checkbox\" name=\"acceptance-30\" value=\"1\" aria-invalid=\"false\" \/><\/span><\/span><\/span> He le\u00eddo y acepto la <a href=\"https:\/\/www.cds-soft.es\/web\/politica-de-privacidad-y-proteccion-de-datos\/\">Pol\u00edtica de Privacidad<\/a><br \/>\n<span class=\"wpcf7-form-control-wrap\" data-name=\"acceptance-140\"><span class=\"wpcf7-form-control wpcf7-acceptance optional\"><span class=\"wpcf7-list-item\"><input type=\"checkbox\" name=\"acceptance-140\" value=\"1\" aria-invalid=\"false\" \/><\/span><\/span><\/span> Acepto recibir la informaci\u00f3n comercial que CDS SOFT considere oportuno enviarme por correo electr\u00f3nico. (Es posible darse de baja en cualquier momento)<br \/>\n<b>Protecci\u00f3n de datos<\/b><br \/>\nEl responsable del tratamiento es CDS SOFT. La finalidad de la recogida de datos es la de poder atender sus cuestiones, sin ceder sus datos a terceros. Tiene derecho a saber qu\u00e9 informaci\u00f3n tenemos sobre usted, corregirla o eliminarla tal y como se explica en nuestra <a href=\"https:\/\/www.cds-soft.es\/web\/politica-de-privacidad-y-proteccion-de-datos\/\">Pol\u00edtica de Privacidad<\/a>.\n<\/p><p style=\"display: none !important;\" class=\"akismet-fields-container\" data-prefix=\"_wpcf7_ak_\"><label>&#916;<textarea name=\"_wpcf7_ak_hp_textarea\" cols=\"45\" rows=\"8\" maxlength=\"100\"><\/textarea><\/label><input type=\"hidden\" id=\"ak_js_1\" name=\"_wpcf7_ak_js\" value=\"66\"\/><script>document.getElementById( \"ak_js_1\" ).setAttribute( \"value\", ( new Date() ).getTime() );<\/script><\/p><div class=\"wpcf7-response-output\" aria-hidden=\"true\"><\/div>\n<\/form>\n<\/div>\n\n<\/div><\/section>\n<div  style=' margin-top:0px; margin-bottom:70px;'  class='hr hr-custom hr-center hr-icon-no   avia-builder-el-24  el_after_av_textblock  avia-builder-el-last '><span class='hr-inner  inner-border-av-border-fat' style=' width:50px; border-color:#000000;' ><span class='hr-inner-style'><\/span><\/span><\/div>\n","protected":false},"excerpt":{"rendered":"","protected":false},"author":1,"featured_media":0,"parent":1453,"menu_order":0,"comment_status":"open","ping_status":"closed","template":"","meta":{"footnotes":""},"class_list":["post-1487","page","type-page","status-publish","hentry"],"_links":{"self":[{"href":"https:\/\/www.cds-soft.es\/web\/wp-json\/wp\/v2\/pages\/1487","targetHints":{"allow":["GET"]}}],"collection":[{"href":"https:\/\/www.cds-soft.es\/web\/wp-json\/wp\/v2\/pages"}],"about":[{"href":"https:\/\/www.cds-soft.es\/web\/wp-json\/wp\/v2\/types\/page"}],"author":[{"embeddable":true,"href":"https:\/\/www.cds-soft.es\/web\/wp-json\/wp\/v2\/users\/1"}],"replies":[{"embeddable":true,"href":"https:\/\/www.cds-soft.es\/web\/wp-json\/wp\/v2\/comments?post=1487"}],"version-history":[{"count":2,"href":"https:\/\/www.cds-soft.es\/web\/wp-json\/wp\/v2\/pages\/1487\/revisions"}],"predecessor-version":[{"id":1489,"href":"https:\/\/www.cds-soft.es\/web\/wp-json\/wp\/v2\/pages\/1487\/revisions\/1489"}],"up":[{"embeddable":true,"href":"https:\/\/www.cds-soft.es\/web\/wp-json\/wp\/v2\/pages\/1453"}],"wp:attachment":[{"href":"https:\/\/www.cds-soft.es\/web\/wp-json\/wp\/v2\/media?parent=1487"}],"curies":[{"name":"wp","href":"https:\/\/api.w.org\/{rel}","templated":true}]}}