{"id":1490,"date":"2024-10-07T14:54:04","date_gmt":"2024-10-07T14:54:04","guid":{"rendered":"https:\/\/www.cds-soft.es\/web\/?page_id=1490"},"modified":"2024-10-07T14:57:29","modified_gmt":"2024-10-07T14:57:29","slug":"servicio-de-asesoramiento-en-ventas-digitales","status":"publish","type":"page","link":"https:\/\/www.cds-soft.es\/web\/kit-consulting\/servicio-de-asesoramiento-en-ventas-digitales\/","title":{"rendered":"Servicio de Asesoramiento en Ventas Digitales"},"content":{"rendered":"<div id='av_section_1'  class='avia-section main_color avia-section-default avia-no-border-styling  avia-full-stretch avia-bg-style-scroll  avia-builder-el-0  el_before_av_image  avia-builder-el-first   av-minimum-height av-minimum-height-custom  container_wrap sidebar_right' style='background-repeat: no-repeat; background-image: url(https:\/\/www.cds-soft.es\/web\/wp-content\/uploads\/2024\/10\/kit-consuilting-2024.jpg);background-attachment: scroll; background-position: top left;  '  data-section-bg-repeat='stretch'><div class='av-section-color-overlay-wrap'><a href='#next-section' title='' class='scroll-down-link '  aria-hidden='true' data-av_icon='\ue877' data-av_iconfont='entypo-fontello'><\/a><div class='container' style='height:467px'><main  role=\"main\" itemprop=\"mainContentOfPage\"  class='template-page content  av-content-small alpha units'><div class='post-entry post-entry-type-page post-entry-1490'><div class='entry-content-wrapper clearfix'>\n<div class=\"flex_column av_one_half  flex_column_div first  avia-builder-el-1  avia-builder-el-no-sibling  \" style='background: rgba(2,2,2,0.01); padding:20px; background-color:rgba(2,2,2,0.01); border-radius:0px; '><div  style='padding-bottom:10px; color:#ffffff;font-size:65px;' class='av-special-heading av-special-heading-h1 custom-color-heading blockquote modern-quote  avia-builder-el-2  avia-builder-el-no-sibling  av-thin-font av-inherit-size '><h1 class='av-special-heading-tag '  itemprop=\"headline\"  ><strong><span style=\"color: #1ad7f2;\">Servicio de Asesoramiento en Ventas Digitales<\/span><\/strong> <\/h1><div class='special-heading-border'><div class='special-heading-inner-border' style='border-color:#ffffff'><\/div><\/div><\/div><\/div><\/div><\/div><\/main><!-- close content main element --><\/div><\/div><\/div><div id='after_section_1'  class='main_color av_default_container_wrap container_wrap sidebar_right' style=' '  ><div class='container' ><div class='template-page content  av-content-small alpha units'><div class='post-entry post-entry-type-page post-entry-1490'><div class='entry-content-wrapper clearfix'><div  class='avia-image-container  av-styling- av-hover-grow   avia-builder-el-3  el_after_av_section  el_before_av_hr  avia-builder-el-first  avia-align-center '  itemprop=\"image\" itemscope=\"itemscope\" itemtype=\"https:\/\/schema.org\/ImageObject\"  ><div class='avia-image-container-inner'><div class='avia-image-overlay-wrap'><img decoding=\"async\" class='wp-image-1321 avia-img-lazy-loading-not-1321 avia_image' src=\"https:\/\/www.cds-soft.es\/web\/wp-content\/uploads\/2024\/02\/logo-kit.jpg\" alt='' title='logo-kit' height=\"241\" width=\"2000\"  itemprop=\"thumbnailUrl\" srcset=\"https:\/\/www.cds-soft.es\/web\/wp-content\/uploads\/2024\/02\/logo-kit.jpg 2000w, https:\/\/www.cds-soft.es\/web\/wp-content\/uploads\/2024\/02\/logo-kit-300x36.jpg 300w, https:\/\/www.cds-soft.es\/web\/wp-content\/uploads\/2024\/02\/logo-kit-1030x124.jpg 1030w, https:\/\/www.cds-soft.es\/web\/wp-content\/uploads\/2024\/02\/logo-kit-768x93.jpg 768w, https:\/\/www.cds-soft.es\/web\/wp-content\/uploads\/2024\/02\/logo-kit-1536x185.jpg 1536w, https:\/\/www.cds-soft.es\/web\/wp-content\/uploads\/2024\/02\/logo-kit-1500x181.jpg 1500w, https:\/\/www.cds-soft.es\/web\/wp-content\/uploads\/2024\/02\/logo-kit-705x85.jpg 705w\" sizes=\"(max-width: 2000px) 100vw, 2000px\" \/><\/div><\/div><\/div><\/p>\n<div  style=' margin-top:30px; margin-bottom:30px;'  class='hr hr-custom hr-center hr-icon-no   avia-builder-el-4  el_after_av_image  el_before_av_textblock '><span class='hr-inner  inner-border-av-border-fat' style=' width:50px; border-color:#000000;' ><span class='hr-inner-style'><\/span><\/span><\/div>\n<section class=\"av_textblock_section \"  itemscope=\"itemscope\" itemtype=\"https:\/\/schema.org\/CreativeWork\" ><div class='avia_textblock  '   itemprop=\"text\" ><h1><\/h1>\n<h1 style=\"text-align: center;\"><span style=\"font-size: 14pt;\"><strong>Objetivo<\/strong><\/span><\/h1>\n<\/div><\/section>\n<section class=\"av_textblock_section \"  itemscope=\"itemscope\" itemtype=\"https:\/\/schema.org\/CreativeWork\" ><div class='avia_textblock  '   itemprop=\"text\" ><p><span style=\"font-size: 14pt;\">Prestaci\u00f3n de un servicio de asesoramiento centrado en establecer la <\/span><span style=\"font-size: 14pt;\">inversi\u00f3n necesaria y las t\u00e9cnicas de marketing digital, incluyendo el aprovechamiento de<\/span> <span style=\"font-size: 14pt;\">tecnolog\u00edas de inteligencia artificial, para mejorar el rendimiento de ventas en l\u00ednea de la <\/span><span style=\"font-size: 14pt;\">empresa, y realizaci\u00f3n de un caso de uso adaptado al negocio en el \u00e1rea de ventas <\/span><span style=\"font-size: 14pt;\">digitales.<\/span><\/p>\n<\/div><\/section>\n<div  style=' margin-top:30px; margin-bottom:30px;'  class='hr hr-custom hr-center hr-icon-no   avia-builder-el-7  el_after_av_textblock  el_before_av_textblock '><span class='hr-inner  inner-border-av-border-fat' style=' width:50px; border-color:#000000;' ><span class='hr-inner-style'><\/span><\/span><\/div>\n<section class=\"av_textblock_section \"  itemscope=\"itemscope\" itemtype=\"https:\/\/schema.org\/CreativeWork\" ><div class='avia_textblock  '   itemprop=\"text\" ><h1><\/h1>\n<h1 style=\"text-align: center;\"><span style=\"font-size: 14pt;\"><strong>Tipolog\u00eda de asesoramiento<br \/>\n<\/strong><\/span><\/h1>\n<\/div><\/section>\n<section class=\"av_textblock_section \"  itemscope=\"itemscope\" itemtype=\"https:\/\/schema.org\/CreativeWork\" ><div class='avia_textblock  '   itemprop=\"text\" ><p><span style=\"font-size: 14pt;\">B\u00e1sico.<\/span><\/p>\n<\/div><\/section>\n<div  style=' margin-top:30px; margin-bottom:30px;'  class='hr hr-custom hr-center hr-icon-no   avia-builder-el-10  el_after_av_textblock  el_before_av_textblock '><span class='hr-inner  inner-border-av-border-fat' style=' width:50px; border-color:#000000;' ><span class='hr-inner-style'><\/span><\/span><\/div>\n<section class=\"av_textblock_section \"  itemscope=\"itemscope\" itemtype=\"https:\/\/schema.org\/CreativeWork\" ><div class='avia_textblock  '   itemprop=\"text\" ><h1><\/h1>\n<h1 style=\"text-align: center;\"><span style=\"font-size: 36pt;\"><strong>Importe de la <span style=\"color: #1ad7f2;\">ayuda<\/span><\/strong><\/span><\/h1>\n<\/div><\/section>\n<div class=\"flex_column av_one_third  flex_column_div first  avia-builder-el-12  el_after_av_textblock  el_before_av_one_third  column-top-margin\" style='background: rgba(2,2,2,0.01); padding:20px; background-color:rgba(2,2,2,0.01); border-radius:0px; '><div   class='av_promobox  avia-button-no   avia-builder-el-13  avia-builder-el-no-sibling '>\t\t<div class='avia-promocontent'><\/p>\n<p style=\"text-align: center;\"><span style=\"font-size: 14pt;\"><strong><span style=\"color: #1ad7f2;\"> Segmento A<br \/>\n10 &lt; 50 empleados<\/span><\/strong><\/span><\/p>\n<p style=\"text-align: center;\"><span style=\"font-size: 14pt;\">6.000 euros<br \/>\n<\/span><\/p>\n<p>\n<\/div><\/div><\/div>\n<div class=\"flex_column av_one_third  flex_column_div   avia-builder-el-14  el_after_av_one_third  el_before_av_one_third  column-top-margin\" style='background: rgba(2,2,2,0.01); padding:20px; background-color:rgba(2,2,2,0.01); border-radius:0px; '><div   class='av_promobox  avia-button-no   avia-builder-el-15  avia-builder-el-no-sibling '>\t\t<div class='avia-promocontent'><\/p>\n<p style=\"text-align: center;\"><span style=\"font-size: 14pt;\"><strong><span style=\"color: #1ad7f2;\"> Segmento B<br \/>\n50 &lt; 100 empleados<\/span><\/strong><\/span><\/p>\n<p style=\"text-align: center;\"><span style=\"font-size: 14pt;\">6.000 euros<br \/>\n<\/span><\/p>\n<p>\n<\/div><\/div><\/div>\n<div class=\"flex_column av_one_third  flex_column_div   avia-builder-el-16  el_after_av_one_third  el_before_av_hr  column-top-margin\" style='background: rgba(2,2,2,0.01); padding:20px; background-color:rgba(2,2,2,0.01); border-radius:0px; '><div   class='av_promobox  avia-button-no   avia-builder-el-17  avia-builder-el-no-sibling '>\t\t<div class='avia-promocontent'><\/p>\n<p style=\"text-align: center;\"><span style=\"font-size: 14pt;\"><strong><span style=\"color: #1ad7f2;\"> Segmento C<br \/>\n100 &lt; 250 empleados<\/span><\/strong><\/span><\/p>\n<p style=\"text-align: center;\"><span style=\"font-size: 14pt;\">6.000 euros<br \/>\n<\/span><\/p>\n<p>\n<\/div><\/div><\/div>\n<div  style=' margin-top:30px; margin-bottom:30px;'  class='hr hr-custom hr-center hr-icon-no   avia-builder-el-18  el_after_av_one_third  el_before_av_textblock '><span class='hr-inner  inner-border-av-border-fat' style=' width:50px; border-color:#000000;' ><span class='hr-inner-style'><\/span><\/span><\/div>\n<section class=\"av_textblock_section \"  itemscope=\"itemscope\" itemtype=\"https:\/\/schema.org\/CreativeWork\" ><div class='avia_textblock  '   itemprop=\"text\" ><h1 style=\"text-align: center;\"><span style=\"font-size: 36pt;\"><strong>Actividades<br \/>\n<\/strong><\/span><\/h1>\n<\/div><\/section>\n<section class=\"av_textblock_section \"  itemscope=\"itemscope\" itemtype=\"https:\/\/schema.org\/CreativeWork\" ><div class='avia_textblock  '   itemprop=\"text\" ><p><span style=\"font-size: 14pt;\">\u2013 Analizar la situaci\u00f3n actual de la empresa en ventas digitales, posicionamiento en <\/span><span style=\"font-size: 14pt;\">RRSS y presencia en internet.<\/span><br \/>\n<span style=\"font-size: 14pt;\">\u2013 Concienciar a los empleados sobre la importancia y las t\u00e9cnicas de venta online y <\/span><span style=\"font-size: 14pt;\">marketing digital.<\/span><br \/>\n<span style=\"font-size: 14pt;\">\u2013 Definici\u00f3n de una estrategia de ventas online y presencia digital (RRSS,<\/span> <span style=\"font-size: 14pt;\">posicionamiento en motores de b\u00fasqueda, Google Analytics, etc.) a medio y largo plazo,<\/span> <span style=\"font-size: 14pt;\">utilizando modelos predictivos basados en IA.<\/span><br \/>\n<span style=\"font-size: 14pt;\">\u2013 Desarrollo y ejecuci\u00f3n de un caso de uso adaptado al negocio utilizando las <\/span><span style=\"font-size: 14pt;\">t\u00e9cnicas apropiadas de inteligencia artificial, en el \u00e1rea de ventas digitales.<\/span><br \/>\n<span style=\"font-size: 14pt;\">\u2013 Identificaci\u00f3n de oportunidades o posibles usos de la IA en el \u00e1mbito de las ventas <\/span><span style=\"font-size: 14pt;\">digitales.<\/span><\/p>\n<p><span style=\"font-size: 14pt;\">Documentaci\u00f3n t\u00e9cnica y resultados requeridos para la justificaci\u00f3n, conforme al<\/span> <span style=\"font-size: 14pt;\">art\u00edculo 31.6.a) de esta Orden:<\/span><\/p>\n<p><span style=\"font-size: 14pt;\">\u2013 Evidencias de la celebraci\u00f3n de la reuni\u00f3n presencial de inicio de la prestaci\u00f3n del <\/span><span style=\"font-size: 14pt;\">servicio de asesoramiento, que se determinar\u00e1n en cada convocatoria.<\/span><br \/>\n<span style=\"font-size: 14pt;\">\u2013 Evidencias de celebraciones de reuniones intermedias, que se determinar\u00e1n en<\/span> <span style=\"font-size: 14pt;\">cada convocatoria.<\/span><br \/>\n<span style=\"font-size: 14pt;\">\u2013 Evidencias de la celebraci\u00f3n de la reuni\u00f3n presencial final tras la prestaci\u00f3n del<\/span> <span style=\"font-size: 14pt;\">servicio de asesoramiento, que incluya los resultados obtenidos y la conformidad del <\/span><span style=\"font-size: 14pt;\">beneficiario al servicio prestado, que se determinar\u00e1n en cada convocatoria.<\/span><br \/>\n<span style=\"font-size: 14pt;\">\u2013 Diagn\u00f3stico inicial:<\/span><\/p>\n<p><span style=\"font-size: 14pt;\">\u25cf Diagn\u00f3stico inicial de la situaci\u00f3n de la empresa beneficiaria en el \u00e1rea de ventas <\/span><span style=\"font-size: 14pt;\">online y la presencia digital de la misma.<\/span><br \/>\n<span style=\"font-size: 14pt;\">\u25cf An\u00e1lisis integral de ventas online y presencia digital, incluyendo:<\/span><\/p>\n<p><span style=\"font-size: 14pt;\">\u25cb An\u00e1lisis de plataformas de e-commerce.<\/span><br \/>\n<span style=\"font-size: 14pt;\">\u25cb Desempe\u00f1o en redes sociales.<\/span><br \/>\n<span style=\"font-size: 14pt;\">\u25cb Visibilidad en buscadores.<\/span><\/p>\n<p><span style=\"font-size: 14pt;\">\u2013 Resultados:<\/span><\/p>\n<p><span style=\"font-size: 14pt;\">\u25cf Identificaci\u00f3n de \u00e1reas de mejora en la estrategia de ventas y marketing digital de <\/span><span style=\"font-size: 14pt;\">la empresa, mediante an\u00e1lisis comparativos con competidores relevantes y tendencias<\/span> <span style=\"font-size: 14pt;\">del mercado.<\/span><br \/>\n<span style=\"font-size: 14pt;\">\u25cf Recomendaciones estrat\u00e9gicas en marketing digital, abarcando aspectos como:<\/span><\/p>\n<p><span style=\"font-size: 14pt;\">\u25cb SEO (Optimizaci\u00f3n de Motores de B\u00fasqueda).<\/span><br \/>\n<span style=\"font-size: 14pt;\">\u25cb SEM (Marketing en Motores de B\u00fasqueda).<\/span><br \/>\n<span style=\"font-size: 14pt;\">\u25cb Gesti\u00f3n de redes sociales.<\/span><br \/>\n<span style=\"font-size: 14pt;\">\u25cb Marketing de contenidos.<\/span><br \/>\n<span style=\"font-size: 14pt;\">\u25cb Email marketing.<\/span><br \/>\n<span style=\"font-size: 14pt;\">\u25cb Estrategias de publicidad digital.<\/span><br \/>\n<span style=\"font-size: 14pt;\">\u25cb Uso de la inteligencia artificial.<\/span><\/p>\n<p><span style=\"font-size: 14pt;\">\u25cf Gu\u00eda especializada para el seguimiento y an\u00e1lisis efectivo de datos a trav\u00e9s de <\/span><span style=\"font-size: 14pt;\">herramientas como Google Analytics, con el fin de:<\/span><\/p>\n<p><span style=\"font-size: 14pt;\">\u25cb Medir el rendimiento de las campa\u00f1as.<\/span><br \/>\n<span style=\"font-size: 14pt;\">\u25cb Identificar \u00e1reas de mejora.<\/span><br \/>\n<span style=\"font-size: 14pt;\">\u25cb Tomar decisiones basadas en datos.<\/span><\/p>\n<p><span style=\"font-size: 14pt;\">\u2013 Caso de uso: An\u00e1lisis de los canales espec\u00edficos utilizados por la pyme y <\/span><span style=\"font-size: 14pt;\">conocimiento digital del negocio actual junto con propuesta de nuevos canales y ventajas<\/span> <span style=\"font-size: 14pt;\">en cuanto al incremento de facturaci\u00f3n que supondr\u00eda en su negocio.<\/span><\/p>\n<p><span style=\"font-size: 14pt;\">\u25cf An\u00e1lisis de los canales digitales actualmente utilizados por la empresa, como su <\/span><span style=\"font-size: 14pt;\">sitio web, redes sociales, marketplace, etc.<\/span><br \/>\n<span style=\"font-size: 14pt;\">\u25cf Propuesta e investigaci\u00f3n de nuevos canales de ventas digitales que puedan ser <\/span><span style=\"font-size: 14pt;\">adecuados para la empresa (implementaci\u00f3n de una tienda digital, participaci\u00f3n en<\/span> <span style=\"font-size: 14pt;\">plataformas de comercio electr\u00f3nico adicionales, marketing por correo electr\u00f3nico, etc.).<\/span><br \/>\n<span style=\"font-size: 14pt;\">\u25cf An\u00e1lisis de un plan detallado para la implementaci\u00f3n de los nuevos canales de <\/span><span style=\"font-size: 14pt;\">ventas digitales, incluyendo la asignaci\u00f3n de recursos, la definici\u00f3n de objetivos y<\/span> <span style=\"font-size: 14pt;\">m\u00e9tricas de \u00e9xito, y la capacitaci\u00f3n del personal.<\/span><\/p>\n<\/div><\/section>\n<div  style=' margin-top:0px; margin-bottom:70px;'  class='hr hr-custom hr-center hr-icon-no   avia-builder-el-21  el_after_av_textblock  el_before_av_textblock '><span class='hr-inner  inner-border-av-border-fat' style=' width:50px; border-color:#000000;' ><span class='hr-inner-style'><\/span><\/span><\/div>\n<section class=\"av_textblock_section \"  itemscope=\"itemscope\" itemtype=\"https:\/\/schema.org\/CreativeWork\" ><div class='avia_textblock  '   itemprop=\"text\" ><h1 style=\"text-align: center;\"><span style=\"font-size: 36pt;\"><strong><span style=\"color: #000;\">Contacta <\/span>con nosotros<br \/>\n<\/strong><\/span><\/h1>\n<\/div><\/section>\n<section class=\"av_textblock_section \"  itemscope=\"itemscope\" itemtype=\"https:\/\/schema.org\/CreativeWork\" ><div class='avia_textblock  '   itemprop=\"text\" >\n<div class=\"wpcf7 no-js\" id=\"wpcf7-f751-o1\" lang=\"es-ES\" dir=\"ltr\">\n<div class=\"screen-reader-response\"><p role=\"status\" aria-live=\"polite\" aria-atomic=\"true\"><\/p> <ul><\/ul><\/div>\n<form action=\"\/web\/wp-json\/wp\/v2\/pages\/1490#wpcf7-f751-o1\" method=\"post\" class=\"wpcf7-form init\" aria-label=\"Formulario de contacto\" novalidate=\"novalidate\" data-status=\"init\">\n<div style=\"display: none;\">\n<input type=\"hidden\" name=\"_wpcf7\" value=\"751\" \/>\n<input type=\"hidden\" name=\"_wpcf7_version\" value=\"5.9.6\" \/>\n<input type=\"hidden\" name=\"_wpcf7_locale\" value=\"es_ES\" \/>\n<input type=\"hidden\" name=\"_wpcf7_unit_tag\" value=\"wpcf7-f751-o1\" \/>\n<input type=\"hidden\" name=\"_wpcf7_container_post\" value=\"0\" \/>\n<input type=\"hidden\" name=\"_wpcf7_posted_data_hash\" value=\"\" \/>\n<input type=\"hidden\" name=\"_wpcf7_recaptcha_response\" value=\"\" \/>\n<\/div>\n<p><label> Tu nombre<br \/>\n<span class=\"wpcf7-form-control-wrap\" data-name=\"your-name\"><input size=\"40\" maxlength=\"80\" class=\"wpcf7-form-control wpcf7-text wpcf7-validates-as-required\" aria-required=\"true\" aria-invalid=\"false\" value=\"\" type=\"text\" name=\"your-name\" \/><\/span> <\/label>\n<\/p>\n<p><label> Tu correo electr\u00f3nico<br \/>\n<span class=\"wpcf7-form-control-wrap\" data-name=\"your-email\"><input size=\"40\" maxlength=\"80\" class=\"wpcf7-form-control wpcf7-email wpcf7-validates-as-required wpcf7-text wpcf7-validates-as-email\" aria-required=\"true\" aria-invalid=\"false\" value=\"\" type=\"email\" name=\"your-email\" \/><\/span> <\/label>\n<\/p>\n<p><label> Asunto<br \/>\n<span class=\"wpcf7-form-control-wrap\" data-name=\"your-subject\"><input size=\"40\" maxlength=\"80\" class=\"wpcf7-form-control wpcf7-text wpcf7-validates-as-required\" aria-required=\"true\" aria-invalid=\"false\" value=\"\" type=\"text\" name=\"your-subject\" \/><\/span> <\/label>\n<\/p>\n<p><label> Tu mensaje (opcional)<br \/>\n<span class=\"wpcf7-form-control-wrap\" data-name=\"your-message\"><textarea cols=\"40\" rows=\"10\" maxlength=\"400\" class=\"wpcf7-form-control wpcf7-textarea\" aria-invalid=\"false\" name=\"your-message\"><\/textarea><\/span> <\/label>\n<\/p>\n<p><input class=\"wpcf7-form-control wpcf7-submit has-spinner\" type=\"submit\" value=\"Enviar\" \/>\n<\/p>\n<p><span class=\"wpcf7-form-control-wrap\" data-name=\"acceptance-30\"><span class=\"wpcf7-form-control wpcf7-acceptance\"><span class=\"wpcf7-list-item\"><input type=\"checkbox\" name=\"acceptance-30\" value=\"1\" aria-invalid=\"false\" \/><\/span><\/span><\/span> He le\u00eddo y acepto la <a href=\"https:\/\/www.cds-soft.es\/web\/politica-de-privacidad-y-proteccion-de-datos\/\">Pol\u00edtica de Privacidad<\/a><br \/>\n<span class=\"wpcf7-form-control-wrap\" data-name=\"acceptance-140\"><span class=\"wpcf7-form-control wpcf7-acceptance optional\"><span class=\"wpcf7-list-item\"><input type=\"checkbox\" name=\"acceptance-140\" value=\"1\" aria-invalid=\"false\" \/><\/span><\/span><\/span> Acepto recibir la informaci\u00f3n comercial que CDS SOFT considere oportuno enviarme por correo electr\u00f3nico. (Es posible darse de baja en cualquier momento)<br \/>\n<b>Protecci\u00f3n de datos<\/b><br \/>\nEl responsable del tratamiento es CDS SOFT. La finalidad de la recogida de datos es la de poder atender sus cuestiones, sin ceder sus datos a terceros. Tiene derecho a saber qu\u00e9 informaci\u00f3n tenemos sobre usted, corregirla o eliminarla tal y como se explica en nuestra <a href=\"https:\/\/www.cds-soft.es\/web\/politica-de-privacidad-y-proteccion-de-datos\/\">Pol\u00edtica de Privacidad<\/a>.\n<\/p><p style=\"display: none !important;\" class=\"akismet-fields-container\" data-prefix=\"_wpcf7_ak_\"><label>&#916;<textarea name=\"_wpcf7_ak_hp_textarea\" cols=\"45\" rows=\"8\" maxlength=\"100\"><\/textarea><\/label><input type=\"hidden\" id=\"ak_js_1\" name=\"_wpcf7_ak_js\" value=\"6\"\/><script>document.getElementById( \"ak_js_1\" ).setAttribute( \"value\", ( new Date() ).getTime() );<\/script><\/p><div class=\"wpcf7-response-output\" aria-hidden=\"true\"><\/div>\n<\/form>\n<\/div>\n\n<\/div><\/section>\n<div  style=' margin-top:0px; margin-bottom:70px;'  class='hr hr-custom hr-center hr-icon-no   avia-builder-el-24  el_after_av_textblock  avia-builder-el-last '><span class='hr-inner  inner-border-av-border-fat' style=' width:50px; border-color:#000000;' ><span class='hr-inner-style'><\/span><\/span><\/div>\n","protected":false},"excerpt":{"rendered":"","protected":false},"author":1,"featured_media":0,"parent":1453,"menu_order":0,"comment_status":"open","ping_status":"open","template":"","meta":{"footnotes":""},"class_list":["post-1490","page","type-page","status-publish","hentry"],"_links":{"self":[{"href":"https:\/\/www.cds-soft.es\/web\/wp-json\/wp\/v2\/pages\/1490","targetHints":{"allow":["GET"]}}],"collection":[{"href":"https:\/\/www.cds-soft.es\/web\/wp-json\/wp\/v2\/pages"}],"about":[{"href":"https:\/\/www.cds-soft.es\/web\/wp-json\/wp\/v2\/types\/page"}],"author":[{"embeddable":true,"href":"https:\/\/www.cds-soft.es\/web\/wp-json\/wp\/v2\/users\/1"}],"replies":[{"embeddable":true,"href":"https:\/\/www.cds-soft.es\/web\/wp-json\/wp\/v2\/comments?post=1490"}],"version-history":[{"count":3,"href":"https:\/\/www.cds-soft.es\/web\/wp-json\/wp\/v2\/pages\/1490\/revisions"}],"predecessor-version":[{"id":1494,"href":"https:\/\/www.cds-soft.es\/web\/wp-json\/wp\/v2\/pages\/1490\/revisions\/1494"}],"up":[{"embeddable":true,"href":"https:\/\/www.cds-soft.es\/web\/wp-json\/wp\/v2\/pages\/1453"}],"wp:attachment":[{"href":"https:\/\/www.cds-soft.es\/web\/wp-json\/wp\/v2\/media?parent=1490"}],"curies":[{"name":"wp","href":"https:\/\/api.w.org\/{rel}","templated":true}]}}