{"id":944,"date":"2022-01-12T11:17:03","date_gmt":"2022-01-12T11:17:03","guid":{"rendered":"https:\/\/www.cds-soft.es\/web\/?page_id=944"},"modified":"2022-08-03T12:59:06","modified_gmt":"2022-08-03T12:59:06","slug":"empresas-de-software-para-pymes-en-cantabria","status":"publish","type":"page","link":"https:\/\/www.cds-soft.es\/web\/","title":{"rendered":"Qui\u00e9nes Somos"},"content":{"rendered":"<div id='av_section_1'  class='avia-section main_color avia-section-default avia-no-border-styling  avia-full-stretch avia-bg-style-scroll  avia-builder-el-0  el_before_av_masonry_gallery  avia-builder-el-first   av-minimum-height av-minimum-height-custom  container_wrap sidebar_right' style='background-repeat: no-repeat; background-image: url(https:\/\/www.cds-soft.es\/web\/wp-content\/uploads\/2021\/02\/network-3537401_1920.jpg);background-attachment: scroll; background-position: top left;  '  data-section-bg-repeat='stretch'><div class='av-section-color-overlay-wrap'><a href='#next-section' title='' class='scroll-down-link '  aria-hidden='true' data-av_icon='\ue877' data-av_iconfont='entypo-fontello'><\/a><div class='container' style='height:600px'><main  role=\"main\" itemprop=\"mainContentOfPage\"  class='template-page content  av-content-small alpha units'><div class='post-entry post-entry-type-page post-entry-944'><div class='entry-content-wrapper clearfix'>\n<div class=\"flex_column av_one_half  flex_column_div first  avia-builder-el-1  avia-builder-el-no-sibling  \" style='background: rgba(2,2,2,0.41); padding:20px; background-color:rgba(2,2,2,0.41); border-radius:0px; '><div  style='padding-bottom:10px; color:#ffffff;font-size:45px;' class='av-special-heading av-special-heading-h1 custom-color-heading blockquote modern-quote  avia-builder-el-2  avia-builder-el-no-sibling  av-thin-font av-inherit-size '><h1 class='av-special-heading-tag '  itemprop=\"headline\"  ><strong>SOFTWARE<\/strong><b> DE GESTI\u00d3N INTEGRAL<\/b><\/h1><div class ='av-subheading av-subheading_below av_custom_color ' style='font-size:20px;'><p>PARA LA DIGITALIZACI\u00d3N DE TU EMPRESA<\/p>\n<\/div><div class='special-heading-border'><div class='special-heading-inner-border' style='border-color:#ffffff'><\/div><\/div><\/div><\/div>\n\n<div id='av-masonry-1' class='av-masonry  noHover av-fixed-size av-large-gap av-hover-overlay-active av-masonry-animation-active av-masonry-col-6 av-caption-always av-caption-style-overlay av-masonry-gallery     '  ><div class='av-masonry-container isotope av-js-disabled ' ><div class='av-masonry-entry isotope-item av-masonry-item-no-image '><\/div><a href=\"https:\/\/www.cds-soft.es\/web\/software-para-pymes-en-cantabria\/programas-erp-en-cantabria\/#top\"  aria-label=\"image ERP\"  id='av-masonry-1-item-677' data-av-masonry-item='677' class='av-masonry-entry isotope-item post-677 attachment type-attachment status-inherit hentry  av-masonry-item-with-image' title=\"ERP\" alt=\"\"   itemprop=\"thumbnailUrl\" ><div class='av-inner-masonry-sizer'><\/div><figure class='av-inner-masonry main_color'><div class=\"av-masonry-outerimage-container\"><div class=\"av-masonry-image-container\" style=\"background-image: url(https:\/\/www.cds-soft.es\/web\/wp-content\/uploads\/2021\/02\/erp-cabecera-1-705x318.jpg);\" title=\"ERP\" ><\/div><\/div><figcaption class='av-inner-masonry-content site-background'><div class='av-inner-masonry-content-pos'><div class='av-inner-masonry-content-pos-content'><div class='avia-arrow'><\/div><h3 class='av-masonry-entry-title entry-title '  itemprop=\"headline\" >ERP<\/h3><\/div><\/div><\/figcaption><\/figure><\/a><!--end av-masonry entry--><a href=\"https:\/\/www.cds-soft.es\/web\/software-para-pymes-en-cantabria\/crm\/\"  aria-label=\"image CRM\"  id='av-masonry-1-item-738' data-av-masonry-item='738' class='av-masonry-entry isotope-item post-738 attachment type-attachment status-inherit hentry  av-masonry-item-with-image' title=\"CRM\" alt=\"\"   itemprop=\"thumbnailUrl\" ><div class='av-inner-masonry-sizer'><\/div><figure class='av-inner-masonry main_color'><div class=\"av-masonry-outerimage-container\"><div class=\"av-masonry-image-container\" style=\"background-image: url(https:\/\/www.cds-soft.es\/web\/wp-content\/uploads\/2021\/02\/crm-cabecera-3-705x318.jpg);\" title=\"CRM\" ><\/div><\/div><figcaption class='av-inner-masonry-content site-background'><div class='av-inner-masonry-content-pos'><div class='av-inner-masonry-content-pos-content'><div class='avia-arrow'><\/div><h3 class='av-masonry-entry-title entry-title '  itemprop=\"headline\" >CRM<\/h3><\/div><\/div><\/figcaption><\/figure><\/a><!--end av-masonry entry--><a href=\"https:\/\/www.cds-soft.es\/web\/software-para-pymes-en-cantabria\/tpv\/\"  aria-label=\"image TPV\"  id='av-masonry-1-item-810' data-av-masonry-item='810' class='av-masonry-entry isotope-item post-810 attachment type-attachment status-inherit hentry  av-masonry-item-with-image' title=\"TPV\" alt=\"\"   itemprop=\"thumbnailUrl\" ><div class='av-inner-masonry-sizer'><\/div><figure class='av-inner-masonry main_color'><div class=\"av-masonry-outerimage-container\"><div class=\"av-masonry-image-container\" style=\"background-image: url(https:\/\/www.cds-soft.es\/web\/wp-content\/uploads\/2021\/03\/ahora-tpv-705x318.jpg);\" title=\"TPV\" ><\/div><\/div><figcaption class='av-inner-masonry-content site-background'><div class='av-inner-masonry-content-pos'><div class='av-inner-masonry-content-pos-content'><div class='avia-arrow'><\/div><h3 class='av-masonry-entry-title entry-title '  itemprop=\"headline\" >TPV<\/h3><\/div><\/div><\/figcaption><\/figure><\/a><!--end av-masonry entry--><a href=\"https:\/\/www.cds-soft.es\/web\/software-para-pymes-en-cantabria\/sat\/\"  aria-label=\"image SAT\"  id='av-masonry-1-item-789' data-av-masonry-item='789' class='av-masonry-entry isotope-item post-789 attachment type-attachment status-inherit hentry  av-masonry-item-with-image' title=\"SAT\" alt=\"\"   itemprop=\"thumbnailUrl\" ><div class='av-inner-masonry-sizer'><\/div><figure class='av-inner-masonry main_color'><div class=\"av-masonry-outerimage-container\"><div class=\"av-masonry-image-container\" style=\"background-image: url(https:\/\/www.cds-soft.es\/web\/wp-content\/uploads\/2021\/03\/sat-cabecera-705x318.jpg);\" title=\"SAT\" ><\/div><\/div><figcaption class='av-inner-masonry-content site-background'><div class='av-inner-masonry-content-pos'><div class='av-inner-masonry-content-pos-content'><div class='avia-arrow'><\/div><h3 class='av-masonry-entry-title entry-title '  itemprop=\"headline\" >SAT<\/h3><\/div><\/div><\/figcaption><\/figure><\/a><!--end av-masonry entry--><a href=\"https:\/\/www.cds-soft.es\/web\/software-para-pymes-en-cantabria\/portal-del-empleado\/\"  aria-label=\"image PORTAL EMPLEADO\"  id='av-masonry-1-item-836' data-av-masonry-item='836' class='av-masonry-entry isotope-item post-836 attachment type-attachment status-inherit hentry  av-masonry-item-with-image' title=\"PORTAL EMPLEADO\" alt=\"\"   itemprop=\"thumbnailUrl\" ><div class='av-inner-masonry-sizer'><\/div><figure class='av-inner-masonry main_color'><div class=\"av-masonry-outerimage-container\"><div class=\"av-masonry-image-container\" style=\"background-image: url(https:\/\/www.cds-soft.es\/web\/wp-content\/uploads\/2021\/04\/2portal-del-empleado1-705x318.jpg);\" title=\"PORTAL EMPLEADO\" ><\/div><\/div><figcaption class='av-inner-masonry-content site-background'><div class='av-inner-masonry-content-pos'><div class='av-inner-masonry-content-pos-content'><div class='avia-arrow'><\/div><h3 class='av-masonry-entry-title entry-title '  itemprop=\"headline\" >PORTAL EMPLEADO<\/h3><\/div><\/div><\/figcaption><\/figure><\/a><!--end av-masonry entry--><a href=\"https:\/\/www.cds-soft.es\/web\/software-para-pymes-en-cantabria\/control-de-presencia\/\"  aria-label=\"image CONTROL DE PRESENCIA\"  id='av-masonry-1-item-765' data-av-masonry-item='765' class='av-masonry-entry isotope-item post-765 attachment type-attachment status-inherit hentry  av-masonry-item-with-image' title=\"CONTROL DE PRESENCIA\" alt=\"\"   itemprop=\"thumbnailUrl\" ><div class='av-inner-masonry-sizer'><\/div><figure class='av-inner-masonry main_color'><div class=\"av-masonry-outerimage-container\"><div class=\"av-masonry-image-container\" style=\"background-image: url(https:\/\/www.cds-soft.es\/web\/wp-content\/uploads\/2021\/02\/control-cabecera-1-705x318.jpg);\" title=\"CONTROL DE PRESENCIA\" ><\/div><\/div><figcaption class='av-inner-masonry-content site-background'><div class='av-inner-masonry-content-pos'><div class='av-inner-masonry-content-pos-content'><div class='avia-arrow'><\/div><h3 class='av-masonry-entry-title entry-title '  itemprop=\"headline\" >CONTROL DE PRESENCIA<\/h3><\/div><\/div><\/figcaption><\/figure><\/a><!--end av-masonry entry--><\/div><\/div>\n<section class=\"av_textblock_section \"  itemscope=\"itemscope\" itemtype=\"https:\/\/schema.org\/CreativeWork\" ><div class='avia_textblock  '   itemprop=\"text\" ><h1><\/h1>\n<h1 style=\"text-align: left;\"><span style=\"font-size: 36pt;\"><strong>Qui\u00e9nes <span style=\"color: #1ad7f2;\">Somos<\/span><\/strong><\/span><\/h1>\n<\/div><\/section>\n<div  style=' margin-top:30px; margin-bottom:30px;'  class='hr hr-custom hr-left hr-icon-no   avia-builder-el-5  el_after_av_textblock  el_before_av_one_half '><span class='hr-inner  inner-border-av-border-fat' style=' width:50px; border-color:#000000;' ><span class='hr-inner-style'><\/span><\/span><\/div>\n<div class=\"flex_column av_one_half  flex_column_div av-zero-column-padding first  avia-builder-el-6  el_after_av_hr  el_before_av_one_half  \" style='border-radius:0px; '><section class=\"av_textblock_section \"  itemscope=\"itemscope\" itemtype=\"https:\/\/schema.org\/CreativeWork\" ><div class='avia_textblock  '  style='font-size:14px; '  itemprop=\"text\" ><p style=\"text-align: justify;\"><span style=\"font-size: 14pt;\">Somos <strong>una empresa de servicios de Tecnolog\u00edas de la Informaci\u00f3n<\/strong>, que desde 1986 ofrecemos soluciones globales para las micropymes, pymes y grandes empresas, en todo el territorio nacional.<\/span><\/p>\n<p style=\"text-align: justify;\"><span style=\"font-size: 14pt;\"><strong>Nuestra misi\u00f3n<\/strong> es dar soluci\u00f3n a los problemas concretos de las empresas, contribuir a la mejora de sus procesos y optimizar el empleo de sus recursos.<\/span><\/p>\n<p style=\"text-align: justify;\"><span style=\"font-size: 14pt;\"><strong>Nuestro compromiso<\/strong> de innovaci\u00f3n tecnol\u00f3gica es constante y garantizamos la evoluci\u00f3n de nuestros productos, para adaptarlos a las necesidades actuales y a la demanda de nuestros clientes.<\/span><\/p>\n<p style=\"text-align: justify;\"><span style=\"font-size: 14pt;\"><strong>Nuestro af\u00e1n<\/strong> de innovaci\u00f3n y creciente desarrollo nos ha llevado a incorporarnos en el grupo de soluciones Ahora, aportando toda nuestra experiencia y know-how en multitud de sectores y actividades empresariales.<\/span><\/p>\n<\/div><\/section><\/div>\n<div class=\"flex_column av_one_half  flex_column_div av-zero-column-padding   avia-builder-el-8  el_after_av_one_half  el_before_av_one_full  \" style='border-radius:0px; '><section class=\"av_textblock_section \"  itemscope=\"itemscope\" itemtype=\"https:\/\/schema.org\/CreativeWork\" ><div class='avia_textblock  '   itemprop=\"text\" ><p><iframe loading=\"lazy\" title=\"YouTube video player\" src=\"https:\/\/www.youtube.com\/embed\/UAvDcEot38A\" width=\"560\" height=\"315\" frameborder=\"0\" allowfullscreen=\"allowfullscreen\"><\/iframe><\/p>\n<\/div><\/section><\/div>\n<div class=\"flex_column av_one_full  flex_column_div first  avia-builder-el-10  el_after_av_one_half  avia-builder-el-last  column-top-margin\" style='border-width:1px; border-color:#7c7c7c; border-style:solid; padding:20px; border-radius:0px; '><section class=\"av_textblock_section \"  itemscope=\"itemscope\" itemtype=\"https:\/\/schema.org\/CreativeWork\" ><div class='avia_textblock  '   itemprop=\"text\" ><h1 style=\"text-align: center;\"><span style=\"font-size: 36pt;\"><strong><span style=\"color: #000000;\">Contacta <\/span>con nosotros<br \/>\n<\/strong><\/span><\/h1>\n<\/div><\/section><br \/>\n<div  style=' margin-top:0px; margin-bottom:70px;'  class='hr hr-custom hr-center hr-icon-no   avia-builder-el-12  el_after_av_textblock  el_before_av_textblock '><span class='hr-inner  inner-border-av-border-fat' style=' width:50px; border-color:#000000;' ><span class='hr-inner-style'><\/span><\/span><\/div><br \/>\n<section class=\"av_textblock_section \"  itemscope=\"itemscope\" itemtype=\"https:\/\/schema.org\/CreativeWork\" ><div class='avia_textblock  '   itemprop=\"text\" >\n<div class=\"wpcf7 no-js\" id=\"wpcf7-f751-o1\" lang=\"es-ES\" dir=\"ltr\">\n<div class=\"screen-reader-response\"><p role=\"status\" aria-live=\"polite\" aria-atomic=\"true\"><\/p> <ul><\/ul><\/div>\n<form action=\"\/web\/wp-json\/wp\/v2\/pages\/944#wpcf7-f751-o1\" method=\"post\" class=\"wpcf7-form init\" aria-label=\"Formulario de contacto\" novalidate=\"novalidate\" data-status=\"init\">\n<div style=\"display: none;\">\n<input type=\"hidden\" name=\"_wpcf7\" value=\"751\" \/>\n<input type=\"hidden\" name=\"_wpcf7_version\" value=\"5.9.6\" \/>\n<input type=\"hidden\" name=\"_wpcf7_locale\" value=\"es_ES\" \/>\n<input type=\"hidden\" name=\"_wpcf7_unit_tag\" value=\"wpcf7-f751-o1\" \/>\n<input type=\"hidden\" name=\"_wpcf7_container_post\" value=\"0\" \/>\n<input type=\"hidden\" name=\"_wpcf7_posted_data_hash\" value=\"\" \/>\n<input type=\"hidden\" name=\"_wpcf7_recaptcha_response\" value=\"\" \/>\n<\/div>\n<p><label> Tu nombre<br \/>\n<span class=\"wpcf7-form-control-wrap\" data-name=\"your-name\"><input size=\"40\" maxlength=\"80\" class=\"wpcf7-form-control wpcf7-text wpcf7-validates-as-required\" aria-required=\"true\" aria-invalid=\"false\" value=\"\" type=\"text\" name=\"your-name\" \/><\/span> <\/label>\n<\/p>\n<p><label> Tu correo electr\u00f3nico<br \/>\n<span class=\"wpcf7-form-control-wrap\" data-name=\"your-email\"><input size=\"40\" maxlength=\"80\" class=\"wpcf7-form-control wpcf7-email wpcf7-validates-as-required wpcf7-text wpcf7-validates-as-email\" aria-required=\"true\" aria-invalid=\"false\" value=\"\" type=\"email\" name=\"your-email\" \/><\/span> <\/label>\n<\/p>\n<p><label> Asunto<br \/>\n<span class=\"wpcf7-form-control-wrap\" data-name=\"your-subject\"><input size=\"40\" maxlength=\"80\" class=\"wpcf7-form-control wpcf7-text wpcf7-validates-as-required\" aria-required=\"true\" aria-invalid=\"false\" value=\"\" type=\"text\" name=\"your-subject\" \/><\/span> <\/label>\n<\/p>\n<p><label> Tu mensaje (opcional)<br \/>\n<span class=\"wpcf7-form-control-wrap\" data-name=\"your-message\"><textarea cols=\"40\" rows=\"10\" maxlength=\"400\" class=\"wpcf7-form-control wpcf7-textarea\" aria-invalid=\"false\" name=\"your-message\"><\/textarea><\/span> <\/label>\n<\/p>\n<p><input class=\"wpcf7-form-control wpcf7-submit has-spinner\" type=\"submit\" value=\"Enviar\" \/>\n<\/p>\n<p><span class=\"wpcf7-form-control-wrap\" data-name=\"acceptance-30\"><span class=\"wpcf7-form-control wpcf7-acceptance\"><span class=\"wpcf7-list-item\"><input type=\"checkbox\" name=\"acceptance-30\" value=\"1\" aria-invalid=\"false\" \/><\/span><\/span><\/span> He le\u00eddo y acepto la <a href=\"https:\/\/www.cds-soft.es\/web\/politica-de-privacidad-y-proteccion-de-datos\/\">Pol\u00edtica de Privacidad<\/a><br \/>\n<span class=\"wpcf7-form-control-wrap\" data-name=\"acceptance-140\"><span class=\"wpcf7-form-control wpcf7-acceptance optional\"><span class=\"wpcf7-list-item\"><input type=\"checkbox\" name=\"acceptance-140\" value=\"1\" aria-invalid=\"false\" \/><\/span><\/span><\/span> Acepto recibir la informaci\u00f3n comercial que CDS SOFT considere oportuno enviarme por correo electr\u00f3nico. (Es posible darse de baja en cualquier momento)<br \/>\n<b>Protecci\u00f3n de datos<\/b><br \/>\nEl responsable del tratamiento es CDS SOFT. La finalidad de la recogida de datos es la de poder atender sus cuestiones, sin ceder sus datos a terceros. Tiene derecho a saber qu\u00e9 informaci\u00f3n tenemos sobre usted, corregirla o eliminarla tal y como se explica en nuestra <a href=\"https:\/\/www.cds-soft.es\/web\/politica-de-privacidad-y-proteccion-de-datos\/\">Pol\u00edtica de Privacidad<\/a>.\n<\/p><p style=\"display: none !important;\" class=\"akismet-fields-container\" data-prefix=\"_wpcf7_ak_\"><label>&#916;<textarea name=\"_wpcf7_ak_hp_textarea\" cols=\"45\" rows=\"8\" maxlength=\"100\"><\/textarea><\/label><input type=\"hidden\" id=\"ak_js_1\" name=\"_wpcf7_ak_js\" value=\"141\"\/><script>document.getElementById( \"ak_js_1\" ).setAttribute( \"value\", ( new Date() ).getTime() );<\/script><\/p><div class=\"wpcf7-response-output\" aria-hidden=\"true\"><\/div>\n<\/form>\n<\/div>\n\n<\/div><\/section><\/p><\/div>\n","protected":false},"excerpt":{"rendered":"","protected":false},"author":1,"featured_media":0,"parent":0,"menu_order":0,"comment_status":"open","ping_status":"open","template":"","meta":{"footnotes":""},"class_list":["post-944","page","type-page","status-publish","hentry"],"_links":{"self":[{"href":"https:\/\/www.cds-soft.es\/web\/wp-json\/wp\/v2\/pages\/944","targetHints":{"allow":["GET"]}}],"collection":[{"href":"https:\/\/www.cds-soft.es\/web\/wp-json\/wp\/v2\/pages"}],"about":[{"href":"https:\/\/www.cds-soft.es\/web\/wp-json\/wp\/v2\/types\/page"}],"author":[{"embeddable":true,"href":"https:\/\/www.cds-soft.es\/web\/wp-json\/wp\/v2\/users\/1"}],"replies":[{"embeddable":true,"href":"https:\/\/www.cds-soft.es\/web\/wp-json\/wp\/v2\/comments?post=944"}],"version-history":[{"count":10,"href":"https:\/\/www.cds-soft.es\/web\/wp-json\/wp\/v2\/pages\/944\/revisions"}],"predecessor-version":[{"id":1300,"href":"https:\/\/www.cds-soft.es\/web\/wp-json\/wp\/v2\/pages\/944\/revisions\/1300"}],"wp:attachment":[{"href":"https:\/\/www.cds-soft.es\/web\/wp-json\/wp\/v2\/media?parent=944"}],"curies":[{"name":"wp","href":"https:\/\/api.w.org\/{rel}","templated":true}]}}